{"id":10758,"date":"2017-05-14T19:18:18","date_gmt":"2017-05-14T19:18:18","guid":{"rendered":"https:\/\/metaquip.nl\/?page_id=10758"},"modified":"2024-02-22T22:34:57","modified_gmt":"2024-02-22T22:34:57","slug":"allgemeine-geschaftsbedingungen","status":"publish","type":"page","link":"https:\/\/metaquip.nl\/de\/webshop\/algemene-voorwaarden\/","title":{"rendered":"Allgemeine Gesch\u00e4ftsbedingungen"},"content":{"rendered":"<div class=\"gb-container gb-container-f9a9fddd\"><div class=\"gb-inside-container\">\n\n<p>METAQUIP verwendet die allgemeinen Gesch\u00e4ftsbedingungen der MetaalUnie. Nachfolgend finden Sie die Allgemeinen Gesch\u00e4ftsbedingungen der Metal Union in einer etwas einfacheren Sprache. <\/p>\n\n\n\n<a class=\"gb-button gb-button-fc9f82ce gb-button-text\" href=\"https:\/\/downloads.metaquip.nl\/metaalunievoorwaarden.pdf\">Vollst\u00e4ndige Bedingungen der MetaalUnie<\/a>\n\n\n\n<div style=\"height:20px\" aria-hidden=\"true\" class=\"wp-block-spacer\"><\/div>\n\n\n\n<h2 class=\"wp-block-heading\">Preise<\/h2>\n\n\n\n<p>Wir sagen Ihnen immer ehrlich, was, wann und wie Sie etwas kaufen k\u00f6nnen und was es kostet. Unsere Preise verstehen sich zuz\u00fcglich der gesetzlichen Mehrwertsteuer. Wir tun unser Bestes, dass die Preise auf der Website immer korrekt und auf dem neuesten Stand sind, aber es kann immer ein Fehler geben. Deshalb werden wir Sie bei einem Fehler auf der Website immer bei der Bestellung dar\u00fcber informieren und die M\u00f6glichkeit haben, die Bestellung trotzdem zu stornieren.<\/p>\n\n\n\n<h2 class=\"wp-block-heading\">Zahlung<\/h2>\n\n\n\n<p>Eine Bestellung f\u00fcr eine Maschine ist erst dann verbindlich, wenn die erste Zahlung eingegangen ist. Von diesem Moment an reservieren wir Ihre Maschine. F\u00fcr die zweite Zahlung verwenden wir eine Zahlungsfrist von 15 Tagen nach Lieferung. Alle anderen Artikel m\u00fcssen f\u00fcr die Lieferung vollst\u00e4ndig bezahlt sein. Wenn Sie sich bei MetaQuip abholen: Wir haben die M\u00f6glichkeit zu pinnen.<\/p>\n\n\n\n<h2 class=\"wp-block-heading\">Portokosten<\/h2>\n\n\n\n<p>Die Versandkosten sind auf der Produktseite beschrieben und variieren je nach Produkt und sind abh\u00e4ngig von der Entfernung zu METAQUIP. Wenn wir Maschinen vor Ort liefern und installieren, erledigen wir dies selbst, damit Sie sicher sein k\u00f6nnen, dass Sie mit Ihrer Maschine beginnen k\u00f6nnen. Dies kostet Kosten, sofern nicht ausdr\u00fccklich angegeben, dass die Versandkosten enthalten sind.<\/p>\n\n\n\n<h2 class=\"wp-block-heading\">Lieferzeit<\/h2>\n\n\n\n<p>Die Lieferzeiten auf den Produktseiten sind unverbindlich. In einigen F\u00e4llen haben wir Teile oder Maschinen auf Lager oder werden zu uns transportiert, es ist jedoch auch m\u00f6glich, dass die Produktion Ihrer Maschine vollst\u00e4ndig gestartet wird. Bei der Bestellung k\u00f6nnen wir die Lieferzeit angeben, es bleibt menschliche Arbeit, so dass es immer einen Unterschied zwischen der Anzeige und dem Zeitpunkt geben kann, zu dem die Maschine geliefert wird. Wir tun stets unser Bestes, um Ihre Maschine so schnell wie m\u00f6glich zu liefern, aber wir m\u00f6chten die Qualit\u00e4t garantieren, f\u00fcr die wir stehen: das ist wirklich die erste.<\/p>\n\n\n\n<h2 class=\"wp-block-heading\">Garantie<\/h2>\n\n\n\n<p>Garantie f\u00fcr Maschinen und Teile finden Sie auf den Produktseiten.<\/p>\n\n\n\n<h2 class=\"wp-block-heading\">Ausschluss des R\u00fcckgaberechts<\/h2>\n\n\n\n<p>Sie k\u00f6nnen folgende Artikel nicht zur\u00fccksenden:<\/p>\n\n\n\n<ul class=\"wp-block-list\">\n<li>Software, deren Siegel besch\u00e4digt wurde oder die Verpackung ge\u00f6ffnet oder installiert oder registriert wurde.<\/li>\n\n\n\n<li>Artikel mit Benutzerspuren oder Sch\u00e4den.<\/li>\n\n\n\n<li>Korrekt ausgef\u00fchrte Dienste wie Installations- und Installationskosten.<\/li>\n<\/ul>\n\n\n\n<h2 class=\"wp-block-heading\">Versandkosten bei R\u00fccksendungen<\/h2>\n\n\n\n<p>Versandkosten f\u00fcr R\u00fccksendungen gehen zu Lasten des Kunden.<\/p>\n\n\n\n<h2 class=\"wp-block-heading\">Beschwerden<\/h2>\n\n\n\n<p>Wir tun alles, um Ihre Beschwerde zu beheben. Wenn Sie eine Beschwerde haben, lassen Sie es uns schnell wissen. Beschreiben Sie Ihr Problem so klar wie m\u00f6glich, dann k\u00f6nnen wir Ihnen helfen. Sie erhalten sp\u00e4testens innerhalb von 3 Tagen eine Antwort von uns.<\/p>\n\n\n\n<h2 class=\"wp-block-heading\">Fehler in den oben genannten Bedingungen<\/h2>\n\n\n\n<p>Bei Streitigkeiten aus den vorstehenden Bedingungen greifen wir stets auf die zur\u00fcck <a href=\"https:\/\/downloads.metaquip.nl\/metaalunievoorwaarden.pdf\">Allgemeine Bedingungen der MetaalUnie<\/a>.<\/p>\n\n<\/div><\/div>","protected":false},"excerpt":{"rendered":"<p>MetaQuip verwendet die Allgemeinen Gesch\u00e4ftsbedingungen der MetaalUnie. Nachfolgend finden Sie die Allgemeinen Gesch\u00e4ftsbedingungen der MetaalUnie in einfacherer Sprache. Preise Wir sagen Ihnen immer ehrlich, was, wann und wie Sie etwas kaufen k\u00f6nnen und was es kostet. Unsere Preise verstehen sich alle zuz\u00fcglich Mehrwertsteuer. Wir tun unser Bestes, um sicherzustellen, dass die Preise auf der Website \u2026 <\/p>\n<p class=\"read-more-container\"><a title=\"Allgemeine Gesch\u00e4ftsbedingungen\" class=\"read-more button\" href=\"https:\/\/metaquip.nl\/de\/webshop\/algemene-voorwaarden\/#more-10758\" aria-label=\"Mehr Informationen zu den Allgemeinen Gesch\u00e4ftsbedingungen\">Weiterlesen\u2026<\/a><\/p>","protected":false},"author":1,"featured_media":0,"parent":10780,"menu_order":0,"comment_status":"closed","ping_status":"closed","template":"","meta":{"footnotes":""},"class_list":["post-10758","page","type-page","status-publish"],"_links":{"self":[{"href":"https:\/\/metaquip.nl\/de\/wp-json\/wp\/v2\/pages\/10758","targetHints":{"allow":["GET"]}}],"collection":[{"href":"https:\/\/metaquip.nl\/de\/wp-json\/wp\/v2\/pages"}],"about":[{"href":"https:\/\/metaquip.nl\/de\/wp-json\/wp\/v2\/types\/page"}],"author":[{"embeddable":true,"href":"https:\/\/metaquip.nl\/de\/wp-json\/wp\/v2\/users\/1"}],"replies":[{"embeddable":true,"href":"https:\/\/metaquip.nl\/de\/wp-json\/wp\/v2\/comments?post=10758"}],"version-history":[{"count":8,"href":"https:\/\/metaquip.nl\/de\/wp-json\/wp\/v2\/pages\/10758\/revisions"}],"predecessor-version":[{"id":20273,"href":"https:\/\/metaquip.nl\/de\/wp-json\/wp\/v2\/pages\/10758\/revisions\/20273"}],"up":[{"embeddable":true,"href":"https:\/\/metaquip.nl\/de\/wp-json\/wp\/v2\/pages\/10780"}],"wp:attachment":[{"href":"https:\/\/metaquip.nl\/de\/wp-json\/wp\/v2\/media?parent=10758"}],"curies":[{"name":"wp","href":"https:\/\/api.w.org\/{rel}","templated":true}]}}