{"id":10780,"date":"2017-05-19T22:01:20","date_gmt":"2017-05-19T22:01:20","guid":{"rendered":"https:\/\/metaquip.nl\/?page_id=10780"},"modified":"2023-06-02T20:46:13","modified_gmt":"2023-06-02T20:46:13","slug":"shop","status":"publish","type":"page","link":"https:\/\/metaquip.nl\/de\/webshop\/","title":{"rendered":"Online-Shop \u2013 Konto\u00fcbersicht"},"content":{"rendered":"<div class=\"gb-container gb-container-7d70226e\"><div class=\"gb-inside-container\">\n<div class=\"gb-grid-wrapper gb-grid-wrapper-7a2642c1\">\n<div class=\"gb-grid-column gb-grid-column-554bcbee\"><div class=\"gb-container gb-container-554bcbee\">\n\n<h2 class=\"wp-block-heading\">Konto<\/h2>\n\n\n<div class=\"woocommerce\"><\/div>\n\n<\/div><\/div>\n\n<div class=\"gb-grid-column gb-grid-column-ce62f287\"><div class=\"gb-container gb-container-ce62f287\">\n\n<h2 class=\"wp-block-heading\">Einkaufswagen<\/h2>\n\n\n\n\n<\/div><\/div>\n<\/div>\n<\/div><\/div>\n\n<div class=\"gb-container gb-container-01139662 full-width-woo\"><div class=\"gb-inside-container\">\n\n<h2 class=\"wp-block-heading\">R\u00fcckgabe<\/h2>\n\n\n\n<p>MetaQuip gew\u00e4hrt die mit den Produkten angegebene Garantie auf Maschinen und Ersatzteile. Wir arbeiten nach den Metaalunie-Bedingungen. Die R\u00fccksendung einer Maschine ist nicht Standard. Wir suchen immer nach einer geeigneten L\u00f6sung in Absprache mit unseren Kunden.<\/p>\n\n\n\n<p>Sie k\u00f6nnen folgende Artikel nicht zur\u00fccksenden:<\/p>\n\n\n\n<ul class=\"wp-block-list\">\n<li>Software, deren Siegel besch\u00e4digt wurde oder die Verpackung ge\u00f6ffnet oder installiert oder registriert wurde.<\/li>\n\n\n\n<li>Komponenten, Teile und Gegenst\u00e4nde. Wenn defekt oder besch\u00e4digt, melden Sie dies innerhalb von 7 Tagen nach Lieferung per E-Mail: support@metaquip.nl<\/li>\n\n\n\n<li>Korrekt ausgef\u00fchrte Dienste wie Installations- und Installationskosten.<\/li>\n<\/ul>\n\n\n\n<p>Versandkosten f\u00fcr R\u00fccksendungen gehen zu Lasten des Kunden.<\/p>\n\n\n\n<h2 class=\"wp-block-heading\">Zahlen<\/h2>\n\n\n\n<p>Sie k\u00f6nnen bei MetaQuip bezahlen basierend auf:<\/p>\n\n\n\n<ul class=\"wp-block-list\">\n<li>Direkte Bank\u00fcberweisung<\/li>\n\n\n\n<li>iDEAL<\/li>\n\n\n\n<li>PayPal. Sie k\u00f6nnen auch mit einer Kreditkarte \u00fcber Paypal bezahlen.<\/li>\n<\/ul>\n\n<\/div><\/div>","protected":false},"excerpt":{"rendered":"<p>R\u00fcckgaben MetaQuip gew\u00e4hrt eine Garantie auf die Maschinen, wie bei den Produkten angegeben. Wir arbeiten nach den Bedingungen der Metallunion. Die R\u00fcckgabe von Maschinen ist kein Standard. Wir suchen stets in Absprache nach einer passenden L\u00f6sung. Folgende Artikel k\u00f6nnen Sie nicht zur\u00fccksenden: Die Versandkosten f\u00fcr R\u00fccksendungen gehen zu Lasten des Kunden. Zahlung Sie k\u00f6nnen bei MetaQuip bezahlen basierend auf\u2026 <\/p>\n<p class=\"read-more-container\"><a title=\"Onlineshop \u2013 Konto\u00fcbersicht\" class=\"read-more button\" href=\"https:\/\/metaquip.nl\/de\/webshop\/#more-10780\" aria-label=\"Weitere Informationen zum Online-Shop \u2013 Konto\u00fcbersicht\">Weiterlesen\u2026<\/a><\/p>","protected":false},"author":1,"featured_media":0,"parent":0,"menu_order":4,"comment_status":"closed","ping_status":"closed","template":"","meta":{"footnotes":""},"class_list":["post-10780","page","type-page","status-publish"],"_links":{"self":[{"href":"https:\/\/metaquip.nl\/de\/wp-json\/wp\/v2\/pages\/10780","targetHints":{"allow":["GET"]}}],"collection":[{"href":"https:\/\/metaquip.nl\/de\/wp-json\/wp\/v2\/pages"}],"about":[{"href":"https:\/\/metaquip.nl\/de\/wp-json\/wp\/v2\/types\/page"}],"author":[{"embeddable":true,"href":"https:\/\/metaquip.nl\/de\/wp-json\/wp\/v2\/users\/1"}],"replies":[{"embeddable":true,"href":"https:\/\/metaquip.nl\/de\/wp-json\/wp\/v2\/comments?post=10780"}],"version-history":[{"count":3,"href":"https:\/\/metaquip.nl\/de\/wp-json\/wp\/v2\/pages\/10780\/revisions"}],"predecessor-version":[{"id":19528,"href":"https:\/\/metaquip.nl\/de\/wp-json\/wp\/v2\/pages\/10780\/revisions\/19528"}],"wp:attachment":[{"href":"https:\/\/metaquip.nl\/de\/wp-json\/wp\/v2\/media?parent=10780"}],"curies":[{"name":"wp","href":"https:\/\/api.w.org\/{rel}","templated":true}]}}