{"id":13222,"date":"2020-06-18T10:18:51","date_gmt":"2020-06-18T10:18:51","guid":{"rendered":"https:\/\/metaquip.nl\/?page_id=13222"},"modified":"2024-06-30T16:22:30","modified_gmt":"2024-06-30T16:22:30","slug":"schaum-und-schaum-gummi-laserschneiden","status":"publish","type":"page","link":"https:\/\/metaquip.nl\/de\/co2-laser-machines\/toepassing\/schuimrubber-lasersnijden\/","title":{"rendered":"Moosgummi Laserschneiden"},"content":{"rendered":"<div class=\"gb-container gb-container-5a3257f5\"><div class=\"gb-inside-container\">\n<div class=\"gb-grid-wrapper gb-grid-wrapper-38e14f04\">\n<div class=\"gb-grid-column gb-grid-column-53075032\"><div class=\"gb-container gb-container-53075032\"><div class=\"gb-inside-container\">\n\n<h2 class=\"wp-block-heading\">Schaumgummi-Laserschneiden \u2013 Machen Sie Ihre eigene Kofferinnenausstattung<\/h2>\n\n\n\n<p>Mit einer CO2-Lasermaschine k\u00f6nnen Sie Schaumgummi sehr schnell laserschneiden, perfekt f\u00fcr die Realisierung von Innenr\u00e4umen f\u00fcr Koffer, Truhen oder Flightcases. Sie beginnen mit einer Schaumgummiplatte, die in jedem Baumarkt erh\u00e4ltlich ist. Nat\u00fcrlich gibt es auch online eine Reihe von Spezialisten auf diesem Gebiet, die Moosgummi in unterschiedlichen Dicken, Qualit\u00e4ten und Schaumdichten anbieten, was eine Vielzahl von Optionen in Bezug auf Optik und Haptik des Innenraums bietet.&nbsp;<\/p>\n\n\n\n<p>Sie erstellen ein Design und schneiden die Schaumgummiplatte exakt zu. Indem Sie den Innenraum aus verschiedenen Schichten Schaumgummi zusammenstellen, k\u00f6nnen Sie Objekte unterschiedlicher H\u00f6he im Kofferraum positionieren. Auf Wunsch k\u00f6nnen Sie diese Schichten zusammenkleben, um auch gr\u00f6\u00dfere H\u00f6hen zu erzielen.<\/p>\n\n<\/div><\/div><\/div>\n\n<div class=\"gb-grid-column gb-grid-column-525ef2c6\"><div class=\"gb-container gb-container-525ef2c6\"><div class=\"gb-inside-container\">\n<div class=\"wp-block-image\">\n<figure class=\"aligncenter\"><img decoding=\"async\" src=\"https:\/\/metaquip.nl\/wp-content\/uploads\/2014\/11\/CustomFoamCases_ShowCase-800x601.png\" alt=\"Schaumgummi-Laserschneiden mit einer CO2-Lasermaschine\"\/><figcaption class=\"wp-element-caption\">Koffer mit Schaumstoffeinlage mit CO2-Lasermaschine geschnitten<\/figcaption><\/figure>\n<\/div>\n<\/div><\/div><\/div>\n<\/div>\n<\/div><\/div>\n\n<div class=\"gb-container gb-container-bec7552c full-width-woo\"><div class=\"gb-inside-container\">\n\n<h2 class=\"wp-block-heading has-text-align-center\">M\u00f6chten Sie ein Angebot, eine Demonstration oder eine Designprobe anfragen?&nbsp;<\/h2>\n\n\n\n<p class=\"has-text-align-center\">Um herauszufinden, ob die Lasertechnik eine geeignete L\u00f6sung f\u00fcr Ihre Schneid- oder Gravieranwendung ist, k\u00f6nnen Sie gerne Ihr digitales Design oder Material zu einer Vorf\u00fchrung in unser Werk bringen und wir k\u00f6nnen das Ergebnis vor Ort gemeinsam ansehen. Nat\u00fcrlich k\u00f6nnen Sie uns Ihr digitales Design auch zuschicken.<\/p>\n\n\n<div class=\"gb-button-wrapper gb-button-wrapper-2eb3286c\">\n\n<a class=\"gb-button gb-button-f1c7ce47 gb-button-text\" href=\"https:\/\/metaquip.nl\/de\/contact\/\">Vereinbaren Sie noch heute einen Termin!<\/a>\n\n<\/div>\n<\/div><\/div>\n\n<div class=\"gb-container gb-container-127ddb6b\"><div class=\"gb-inside-container\">\n<div class=\"gb-grid-wrapper gb-grid-wrapper-3d360072\">\n<div class=\"gb-grid-column gb-grid-column-33c67d0e\"><div class=\"gb-container gb-container-33c67d0e\"><div class=\"gb-inside-container\">\n\n<h2 class=\"wp-block-heading\">Laserschneiden von Schaumgummi in der Produktion<\/h2>\n\n\n\n<p>F\u00fcr die Produktion besteht oft auch Bedarf f\u00fcr das Moosgummi-Laserschneiden gr\u00f6\u00dferer Platten. Diese werden f\u00fcr eine Vielzahl von Anwendungen verwendet. Denken Sie an Schalld\u00e4mpfung oder M\u00f6bel oder M\u00f6belindustrie.<\/p>\n\n\n\n<p>F\u00fcr diese Anwendungen werden h\u00e4ufig <a href=\"https:\/\/metaquip.nl\/de\/produkt\/portal-lasermaschine-fur-grose-werkstucke\/\">CO2-Portallaser<\/a> verwendet. Diese haben einen viel gr\u00f6\u00dferen Arbeitsbereich, so dass gr\u00f6\u00dfere Platten auf einmal bearbeitet werden k\u00f6nnen.<\/p>\n\n\n\n<p>Sie fragen sich, was MetaQuip f\u00fcr Sie tun kann? Wir gehen von ihrer pers\u00f6nlichen Anwendung aus und suchen nach der am besten geeigneten L\u00f6sung. Unsere Standardprodukte sind in den meisten F\u00e4llen ausreichend, aber bei Bedarf kann Ihnen MetaQuip auch bei einer <a href=\"https:\/\/metaquip.nl\/de\/innovation-mit-laser-technik\/\">kundenspezifischen L\u00f6sung helfen<\/a>.<\/p>\n\n<\/div><\/div><\/div>\n\n<div class=\"gb-grid-column gb-grid-column-0c314659\"><div class=\"gb-container gb-container-0c314659\"><div class=\"gb-inside-container\">\n<div class=\"wp-block-image\">\n<figure class=\"aligncenter size-full\"><img loading=\"lazy\" decoding=\"async\" width=\"375\" height=\"500\" src=\"https:\/\/metaquip.nl\/wp-content\/uploads\/2020\/06\/foam-laser-cutting.jpg\" alt=\"Moosgummi Laserschneiden\" class=\"wp-image-13224\" srcset=\"https:\/\/metaquip.nl\/wp-content\/uploads\/2020\/06\/foam-laser-cutting.jpg 375w, https:\/\/metaquip.nl\/wp-content\/uploads\/2020\/06\/foam-laser-cutting-225x300.jpg 225w\" sizes=\"auto, (max-width: 375px) 100vw, 375px\" \/><figcaption class=\"wp-element-caption\"><em>Schaumgummi-Laserschneiden in gr\u00f6\u00dferen Auflagen<\/em><\/figcaption><\/figure>\n<\/div>\n<\/div><\/div><\/div>\n<\/div>\n\n\n<h2 class=\"gb-headline gb-headline-bb7e9d40 gb-headline-text\">Lasermaschinen zum Laserschneiden von Schaum und Schaumgummi<\/h2>\n\n\n<div class=\"gb-grid-wrapper gb-grid-wrapper-12f6a762\">\n<div class=\"gb-grid-column gb-grid-column-f2d73f18\"><div class=\"gb-container gb-container-f2d73f18\"><div class=\"gb-inside-container\">\n\n<h3 class=\"wp-block-heading\">CO2-Lasermaschinen<\/h3>\n\n\n\n<p>Vollst\u00e4ndig geschlossene Lasermaschinen der Laserklasse 1 f\u00fcr maximale Sicherheit f\u00fcr den Bedienenden. Wenn der Laser eingeschaltet ist, kann der Bediener niemals Laserlicht ausgesetzt werden.<a href=\"https:\/\/metaquip.nl\/de\/co2-lasermaschinen\/\"><br><\/a><\/p>\n\n\n<div class=\"gb-button-wrapper gb-button-wrapper-c27ab501\">\n\n<a class=\"gb-button gb-button-2832edc8 gb-button-text\" href=\"https:\/\/metaquip.nl\/de\/co2-lasermaschinen\/\">CO2-Lasermaschinenportfolio<\/a>\n\n<\/div>\n<\/div><\/div><\/div>\n\n<div class=\"gb-grid-column gb-grid-column-fcd28142\"><div class=\"gb-container gb-container-fcd28142\"><div class=\"gb-inside-container\">\n\n<h3 class=\"wp-block-heading\">Bettbett Portallaser<\/h3>\n\n\n\n<p>Portallaser sind CO2-Lasermaschinen zum Laserschneiden gro\u00dfer Objekte. Dies sind offene Maschinen, also Laserklasse 4. Sie sollten bei diesen Maschinen immer zertifizierte Laserbrillen verwenden.<\/p>\n\n\n<div class=\"gb-button-wrapper gb-button-wrapper-2d1bf0b3\">\n\n<a class=\"gb-button gb-button-4a63133f gb-button-text\" href=\"https:\/\/metaquip.nl\/de\/produkt\/portal-lasermaschine-fur-grose-werkstucke\/\">CO2-Portal-Lasermaschinenportfolio<\/a>\n\n<\/div>\n<\/div><\/div><\/div>\n<\/div>\n<\/div><\/div>","protected":false},"excerpt":{"rendered":"<p>W\u00fcnschen Sie ein Angebot, eine Demonstration oder m\u00f6chten Sie Ihr eigenes Material ausprobieren? Schauen Sie sich gerne an, ob die Lasertechnologie f\u00fcr Ihre Schneid- oder Gravuranwendung eine geeignete L\u00f6sung ist. Nehmen Sie Ihren digitalen Entwurf oder Ihr digitales Material bei einer Vorf\u00fchrung mit und wir k\u00f6nnen das Ergebnis vor Ort besichtigen. Selbstverst\u00e4ndlich k\u00f6nnen Sie es auch verschicken. Lasermaschinen\u2026 <\/p>\n<p class=\"read-more-container\"><a title=\"Moosgummi Laserschneiden\" class=\"read-more button\" href=\"https:\/\/metaquip.nl\/de\/co2-laser-machines\/toepassing\/schuimrubber-lasersnijden\/#more-13222\" aria-label=\"Weitere Informationen zum Laserschneiden von Schaumgummi\">Weiterlesen\u2026<\/a><\/p>","protected":false},"author":1,"featured_media":5659,"parent":16228,"menu_order":0,"comment_status":"closed","ping_status":"closed","template":"","meta":{"footnotes":""},"class_list":["post-13222","page","type-page","status-publish","has-post-thumbnail"],"_links":{"self":[{"href":"https:\/\/metaquip.nl\/de\/wp-json\/wp\/v2\/pages\/13222","targetHints":{"allow":["GET"]}}],"collection":[{"href":"https:\/\/metaquip.nl\/de\/wp-json\/wp\/v2\/pages"}],"about":[{"href":"https:\/\/metaquip.nl\/de\/wp-json\/wp\/v2\/types\/page"}],"author":[{"embeddable":true,"href":"https:\/\/metaquip.nl\/de\/wp-json\/wp\/v2\/users\/1"}],"replies":[{"embeddable":true,"href":"https:\/\/metaquip.nl\/de\/wp-json\/wp\/v2\/comments?post=13222"}],"version-history":[{"count":1,"href":"https:\/\/metaquip.nl\/de\/wp-json\/wp\/v2\/pages\/13222\/revisions"}],"predecessor-version":[{"id":20765,"href":"https:\/\/metaquip.nl\/de\/wp-json\/wp\/v2\/pages\/13222\/revisions\/20765"}],"up":[{"embeddable":true,"href":"https:\/\/metaquip.nl\/de\/wp-json\/wp\/v2\/pages\/16228"}],"wp:featuredmedia":[{"embeddable":true,"href":"https:\/\/metaquip.nl\/de\/wp-json\/wp\/v2\/media\/5659"}],"wp:attachment":[{"href":"https:\/\/metaquip.nl\/de\/wp-json\/wp\/v2\/media?parent=13222"}],"curies":[{"name":"wp","href":"https:\/\/api.w.org\/{rel}","templated":true}]}}