{"id":16646,"date":"2021-12-11T21:33:20","date_gmt":"2021-12-11T21:33:20","guid":{"rendered":"https:\/\/metaquip.nl\/?page_id=16646"},"modified":"2022-01-28T22:46:25","modified_gmt":"2022-01-28T22:46:25","slug":"co2-galvo-gantry-lasermaschine","status":"publish","type":"page","link":"https:\/\/metaquip.nl\/de\/co2-laser-machines\/co2-galvo-portaal-laser-machine\/","title":{"rendered":"CO2 Galvo Portallasermaschine"},"content":{"rendered":"<div class=\"gb-container gb-container-3b47abb4 full-width-woo\"><div class=\"gb-inside-container\">\n<div class=\"gb-grid-wrapper gb-grid-wrapper-e6a9d9dd\">\n<div class=\"gb-grid-column gb-grid-column-ca116b51\"><div class=\"gb-container gb-container-ca116b51\"><div class=\"gb-inside-container\">\n\n<h2 class=\"gb-headline gb-headline-945a50cd gb-headline-text\">Highspeed-Schneiden, Gravieren, Perforieren und Anstanzen auf einer Maschine<\/h2>\n\n\n\n<p>Dieses Combo-System kombiniert a <a href=\"https:\/\/metaquip.nl\/de\/produkt\/hochgeschwindigkeits-co2-galvo-lasergravurmaschine\/\">CO2-Galvo-Laser<\/a> und eine XY-Gantry und teilt sich eine Laserr\u00f6hre. Diese Maschine ist mit einem Arbeitsbett bis 1,7 x 2 Meter erh\u00e4ltlich.<\/p>\n\n\n\n<h3 class=\"wp-block-heading\">CO2-Galvo-Portallasermaschine - Hochgeschwindigkeitsgravur und -stanzen<\/h3>\n\n\n\n<p>Das CO2-Galvo bietet Hochgeschwindigkeitsgravuren, -markieren, -perforieren und -schneiden von d\u00fcnnen Materialien.<\/p>\n\n\n\n<h3 class=\"gb-headline gb-headline-e57bd1ce gb-headline-text\">CO2 Galvo Portallaser \u2013 Bearbeitung von dickerem Material<\/h3>\n\n\n\n<p>Der XY-Portallaser erm\u00f6glicht die Bearbeitung von dickerem Material. <\/p>\n\n\n\n<p>Beide Arten von Operationen k\u00f6nnen mit einer Maschine durchgef\u00fchrt werden. Dies reduziert die manuelle Handhabung zwischen den Maschinen und stellt sicher, dass Ihre Stellfl\u00e4che so effizient wie m\u00f6glich genutzt wird.<\/p>\n\n\n\n<\/div><\/div><\/div>\n\n<div class=\"gb-grid-column gb-grid-column-88f7707b\"><div class=\"gb-container gb-container-88f7707b\"><div class=\"gb-inside-container\">\n\n<div class=\"wp-block-image\"><figure class=\"aligncenter size-large is-resized\"><img loading=\"lazy\" decoding=\"async\" src=\"https:\/\/metaquip.nl\/wp-content\/uploads\/2021\/11\/gantry-and-galvo-laser-cutting-marking-machine-800x537.jpg\" alt=\"CO2 Galvo Portallasermaschine\" class=\"wp-image-16420\" width=\"600\" height=\"403\" srcset=\"https:\/\/metaquip.nl\/wp-content\/uploads\/2021\/11\/gantry-and-galvo-laser-cutting-marking-machine-800x537.jpg 800w, https:\/\/metaquip.nl\/wp-content\/uploads\/2021\/11\/gantry-and-galvo-laser-cutting-marking-machine-300x201.jpg 300w, https:\/\/metaquip.nl\/wp-content\/uploads\/2021\/11\/gantry-and-galvo-laser-cutting-marking-machine-18x12.jpg 18w, https:\/\/metaquip.nl\/wp-content\/uploads\/2021\/11\/gantry-and-galvo-laser-cutting-marking-machine-600x402.jpg 600w, https:\/\/metaquip.nl\/wp-content\/uploads\/2021\/11\/gantry-and-galvo-laser-cutting-marking-machine.jpg 1500w\" sizes=\"auto, (max-width: 600px) 100vw, 600px\" \/><figcaption><em>Textiles Laserschneiden, Gravieren und Perforieren.<\/em><\/figcaption><\/figure><\/div>\n\n<\/div><\/div><\/div>\n<\/div>\n<\/div><\/div>\n\n<div class=\"gb-container gb-container-da689406 full-width-woo\"><div class=\"gb-inside-container\">\n\n<h2 class=\"has-text-align-center wp-block-heading\">Anwendungen Portal Galvo-Lasermaschine<\/h2>\n\n\n\n<p class=\"has-text-align-center has-medium-font-size\">Textil, Leder, EVA-Schaum und andere nichtmetallische Materialien.<\/p>\n\n\n\n<h3 class=\"gb-headline gb-headline-1f62392e gb-headline-text\"><strong>Branchen<\/strong><\/h3>\n\n\n\n<p class=\"has-text-align-center has-medium-font-size\">Mode \u2013 Kleidung, Sportbekleidung, Jeans, Schuhe, Taschen usw.<\/p>\n\n\n\n<p class=\"has-text-align-center has-medium-font-size\">Innenausstattung \u2013 Teppich, Matte, Sofa, Vorhang, Heimtextilien usw.<\/p>\n\n\n\n<p class=\"has-text-align-center has-medium-font-size\">Technische Textilien \u2013 Autos, Airbags, Filter, Abgaskan\u00e4le etc.<\/p>\n\n<\/div><\/div>\n\n<div class=\"gb-container gb-container-d9b51a6b\"><div class=\"gb-inside-container\">\n<div class=\"gb-grid-wrapper gb-grid-wrapper-7de802eb\">\n<div class=\"gb-grid-column gb-grid-column-2ca53795\"><div class=\"gb-container gb-container-2ca53795\"><div class=\"gb-inside-container\">\n\n<h2 class=\"has-text-align-center wp-block-heading\">Technische Spezifikationen<\/h2>\n\n\n\n<p class=\"has-text-align-center\"><strong>Laserquelle:<\/strong> CO2 HF-Metalllaserr\u00f6hre<br><strong>Laserleistung:<\/strong> 150W \/ 300W \/ 500W \/ 600W<br><strong>Galvosystem: <\/strong>Dynamisches 3D-System, Galvo-XY-Scanner mit Arbeitsbereich von 450 mm \u00d7 450 mm<br><strong>Arbeitsbereich (B\u00d7L): <\/strong>1700 mm \u00d7 2000 mm (auch in 1600 mm x 1000 mm erh\u00e4ltlich<br><strong>Basteltisch: <\/strong>Waben-Vakuumbett<br><strong>Mechanisches System:<\/strong> Servomotor, Getriebe- und Zahnstangenantrieb<br><strong>Energie: <\/strong> AC220V\u00b15% 50\/60Hz<br><strong>Optionen: <\/strong>Autofeeder, Vision-System <br><\/p>\n\n<\/div><\/div><\/div>\n<\/div>\n<\/div><\/div>","protected":false},"excerpt":{"rendered":"<p>Anwendungen Gantry-Galvo-Lasermaschine Textil, Leder, EVA-Schaum und andere nichtmetallische Materialien. Branchen Mode \u2013 Kleidung, Sportbekleidung, Denim, Schuhe, Taschen usw. Innenausstattung \u2013 Teppiche, Matten, Sofas, Vorh\u00e4nge, Heimtextilien usw. Technische Textilien \u2013 Autos, Airbags, Filter, L\u00fcftungsschlitze usw.<\/p>","protected":false},"author":1,"featured_media":16420,"parent":8412,"menu_order":5,"comment_status":"closed","ping_status":"closed","template":"","meta":{"footnotes":""},"class_list":["post-16646","page","type-page","status-publish","has-post-thumbnail"],"_links":{"self":[{"href":"https:\/\/metaquip.nl\/de\/wp-json\/wp\/v2\/pages\/16646","targetHints":{"allow":["GET"]}}],"collection":[{"href":"https:\/\/metaquip.nl\/de\/wp-json\/wp\/v2\/pages"}],"about":[{"href":"https:\/\/metaquip.nl\/de\/wp-json\/wp\/v2\/types\/page"}],"author":[{"embeddable":true,"href":"https:\/\/metaquip.nl\/de\/wp-json\/wp\/v2\/users\/1"}],"replies":[{"embeddable":true,"href":"https:\/\/metaquip.nl\/de\/wp-json\/wp\/v2\/comments?post=16646"}],"version-history":[{"count":0,"href":"https:\/\/metaquip.nl\/de\/wp-json\/wp\/v2\/pages\/16646\/revisions"}],"up":[{"embeddable":true,"href":"https:\/\/metaquip.nl\/de\/wp-json\/wp\/v2\/pages\/8412"}],"wp:featuredmedia":[{"embeddable":true,"href":"https:\/\/metaquip.nl\/de\/wp-json\/wp\/v2\/media\/16420"}],"wp:attachment":[{"href":"https:\/\/metaquip.nl\/de\/wp-json\/wp\/v2\/media?parent=16646"}],"curies":[{"name":"wp","href":"https:\/\/api.w.org\/{rel}","templated":true}]}}