{"id":19633,"date":"2023-06-14T21:50:42","date_gmt":"2023-06-14T21:50:42","guid":{"rendered":"https:\/\/metaquip.nl\/?page_id=19633"},"modified":"2023-06-14T21:52:16","modified_gmt":"2023-06-14T21:52:16","slug":"lasergravurmaschine-kaufen","status":"publish","type":"page","link":"https:\/\/metaquip.nl\/de\/algemeen\/laser-graveermachine\/laser-graveermachine-kopen\/","title":{"rendered":"Lasergravurmaschine kaufen"},"content":{"rendered":"<div class=\"gb-container gb-container-c7a0fa14\">\n\n<h2 class=\"gb-headline gb-headline-3244b747 gb-headline-text\">Lasergravurmaschine kaufen: Entdecken Sie die perfekte Maschine f\u00fcr eine pr\u00e4zise Gravur<\/h2>\n\n\n\n<p>Wenn Sie nach einer M\u00f6glichkeit suchen, pr\u00e4zise Gravurarbeiten durchzuf\u00fchren, ist der Kauf einer Lasergravurmaschine eine ausgezeichnete Wahl. Mit fortschrittlichen Technologien und F\u00e4higkeiten er\u00f6ffnet eine Lasergravurmaschine eine Welt voller kreativer M\u00f6glichkeiten und professioneller Ergebnisse. In diesem Text zeigen wir Ihnen, wie Sie die perfekte Lasergravurmaschine passend zu Ihren Bed\u00fcrfnissen und Anforderungen kaufen.<\/p>\n\n\n\n<h2 class=\"gb-headline gb-headline-1c401720 gb-headline-text\">Bewerten Sie Ihre Bed\u00fcrfnisse<\/h2>\n\n\n\n<p>Vor dem Kauf einer Lasergravurmaschine ist es wichtig, Ihre Bed\u00fcrfnisse zu ermitteln. Denken Sie an die Materialien, die Sie gravieren m\u00f6chten, den gew\u00fcnschten Gravurbereich, die ben\u00f6tigten Leistungsstufen und die gew\u00fcnschten Funktionen. Muss die Maschine beispielsweise f\u00fcr den Einsatz vor Ort tragbar sein oder ben\u00f6tigen Sie f\u00fcr gr\u00f6\u00dfere Projekte ein gr\u00f6\u00dferes Tischmodell? Indem Sie Ihre Bed\u00fcrfnisse klar definieren, k\u00f6nnen Sie Ihre Suche auf die richtige Maschine konzentrieren, die alle Ihre Anforderungen erf\u00fcllt.<\/p>\n\n\n\n<h2 class=\"gb-headline gb-headline-ba8a24a1 gb-headline-text\">Qualit\u00e4t und Zuverl\u00e4ssigkeit<\/h2>\n\n\n\n<p>Beim Kauf einer Lasergravurmaschine kommt es auf Qualit\u00e4t und Zuverl\u00e4ssigkeit an. Sie m\u00f6chten in eine Maschine investieren, die aus hochwertigen Teilen besteht und von einem zuverl\u00e4ssigen Hersteller wie MetaQuip hergestellt wird. Studieren Sie den Ruf der Hersteller und lesen Sie die Bewertungen anderer Benutzer, um die Haltbarkeit und Leistung der Maschine besser zu verstehen. Qualit\u00e4t und Zuverl\u00e4ssigkeit sorgen daf\u00fcr, dass Ihre Lasergravurmaschine gleichbleibend hochwertige Ergebnisse liefert und lange h\u00e4lt.<\/p>\n\n\n\n<h2 class=\"gb-headline gb-headline-50a99fb5 gb-headline-text\">Preis und Budget<\/h2>\n\n\n\n<p>Nat\u00fcrlich spielt beim Kauf einer Lasergravurmaschine auch das Budget eine Rolle. Gl\u00fccklicherweise gibt es unterschiedliche Preisklassen, die vom Einsteiger- bis zum Profi-System reichen. Es ist wichtig, Ihr Budget festzulegen und eine Maschine zu finden, die im Rahmen Ihrer finanziellen M\u00f6glichkeiten das beste Preis-Leistungs-Verh\u00e4ltnis bietet. Vergleichen Sie Preise, Spezifikationen und Garantiebedingungen, um die richtige Wahl zu treffen.<\/p>\n\n\n\n<h2 class=\"gb-headline gb-headline-504b883f gb-headline-text\">Support und Schulung<\/h2>\n\n\n\n<p>Abschlie\u00dfend ist es wichtig, beim Kauf einer Lasergravurmaschine zu ber\u00fccksichtigen, welche Unterst\u00fctzung und Schulung verf\u00fcgbar sind. Hersteller und Lieferanten, darunter auch MetaQuip, bieten h\u00e4ufig Schulungen, Handb\u00fccher und technischen Support an, um sicherzustellen, dass Sie Ihre Maschine optimal nutzen. Erkundigen Sie sich nach verf\u00fcgbaren Support- und Schulungsm\u00f6glichkeiten.<\/p>\n\n\n\n<h2 class=\"gb-headline gb-headline-6fb91d06 gb-headline-text\">Zuk\u00fcnftige Erweiterungsm\u00f6glichkeiten<\/h2>\n\n\n\n<p>Beim Kauf einer Lasergravurmaschine ist es auch sinnvoll, einen Blick auf zuk\u00fcnftige Erweiterungsm\u00f6glichkeiten zu werfen. Einige Maschinen bieten die M\u00f6glichkeit, nachtr\u00e4glich Zubeh\u00f6r oder Upgrades hinzuzuf\u00fcgen, wie zum Beispiel Rotationsmodule, Autofokusfunktionen oder einen gr\u00f6\u00dferen Gravurbereich. Es ist sinnvoll, in eine Maschine zu investieren, die flexibel genug ist, um mit Ihren Anforderungen zu wachsen und zuk\u00fcnftige Erweiterungen zu erm\u00f6glichen, ohne dass Sie eine komplett neue Maschine kaufen m\u00fcssen.<\/p>\n\n\n\n<p>Neben der Hardware ist auch die Software ein wichtiger Aspekt beim Kauf einer Lasergravurmaschine. F\u00fcr die Arbeit mit Ihrem Lasersystem ist eine fortschrittliche und benutzerfreundliche Software unerl\u00e4sslich. In vielen Produktionsumgebungen ist es ein Muss, die Gravurl\u00f6sung nahtlos in Ihre Produktionslinie zu integrieren. Eine gute Softwarel\u00f6sung bietet au\u00dferdem M\u00f6glichkeiten zur Automatisierung von Gravurprozessen und zur Ausf\u00fchrung von Stapelauftr\u00e4gen, sodass Sie effizienter arbeiten und die Produktivit\u00e4t steigern k\u00f6nnen. <\/p>\n\n\n\n<h2 class=\"gb-headline gb-headline-633fae39 gb-headline-text\">Fazit<\/h2>\n\n\n\n<p>Der Kauf einer Lasergravurmaschine ist ein spannender Schritt, um Ihre Gravur auf die n\u00e4chste Stufe zu heben. Indem Sie Ihre Bed\u00fcrfnisse sorgf\u00e4ltig bewerten, auf Qualit\u00e4t und Zuverl\u00e4ssigkeit achten, Ihr Budget ber\u00fccksichtigen und den verf\u00fcgbaren Support und die Schulung bewerten, k\u00f6nnen Sie die perfekte Maschine finden, die alle Ihre Anforderungen erf\u00fcllt. Nehmen Sie sich die Zeit, die verschiedenen Optionen zu vergleichen und eine fundierte Entscheidung zu treffen, die Ihnen eine pr\u00e4zise Gravur erm\u00f6glicht und Ihre kreative Vision zum Leben erweckt.<\/p>\n\n<\/div>","protected":false},"excerpt":{"rendered":"<p>Lasergravurmaschine kaufen: Entdecken Sie die perfekte Maschine f\u00fcr Pr\u00e4zisionsgravuren. Wenn Sie Pr\u00e4zisionsgravuren ben\u00f6tigen, ist eine Lasergravurmaschine eine ausgezeichnete Wahl. Dank fortschrittlicher Technologien und Funktionen er\u00f6ffnet sie Ihnen kreative M\u00f6glichkeiten und professionelle Ergebnisse. In diesem Text zeigen wir Ihnen \u2026 <\/p>\n<p class=\"read-more-container\"><a title=\"Lasergravurmaschine kaufen\" class=\"read-more button\" href=\"https:\/\/metaquip.nl\/de\/algemeen\/laser-graveermachine\/laser-graveermachine-kopen\/#more-19633\" aria-label=\"Weitere Informationen zum Kauf einer Lasergravurmaschine\">Weiterlesen\u2026<\/a><\/p>","protected":false},"author":1,"featured_media":0,"parent":8033,"menu_order":1,"comment_status":"closed","ping_status":"closed","template":"","meta":{"footnotes":""},"class_list":["post-19633","page","type-page","status-publish"],"_links":{"self":[{"href":"https:\/\/metaquip.nl\/de\/wp-json\/wp\/v2\/pages\/19633","targetHints":{"allow":["GET"]}}],"collection":[{"href":"https:\/\/metaquip.nl\/de\/wp-json\/wp\/v2\/pages"}],"about":[{"href":"https:\/\/metaquip.nl\/de\/wp-json\/wp\/v2\/types\/page"}],"author":[{"embeddable":true,"href":"https:\/\/metaquip.nl\/de\/wp-json\/wp\/v2\/users\/1"}],"replies":[{"embeddable":true,"href":"https:\/\/metaquip.nl\/de\/wp-json\/wp\/v2\/comments?post=19633"}],"version-history":[{"count":2,"href":"https:\/\/metaquip.nl\/de\/wp-json\/wp\/v2\/pages\/19633\/revisions"}],"predecessor-version":[{"id":19636,"href":"https:\/\/metaquip.nl\/de\/wp-json\/wp\/v2\/pages\/19633\/revisions\/19636"}],"up":[{"embeddable":true,"href":"https:\/\/metaquip.nl\/de\/wp-json\/wp\/v2\/pages\/8033"}],"wp:attachment":[{"href":"https:\/\/metaquip.nl\/de\/wp-json\/wp\/v2\/media?parent=19633"}],"curies":[{"name":"wp","href":"https:\/\/api.w.org\/{rel}","templated":true}]}}