{"id":20189,"date":"2024-02-17T08:15:16","date_gmt":"2024-02-17T08:15:16","guid":{"rendered":"https:\/\/metaquip.nl\/?page_id=20189"},"modified":"2024-02-17T08:47:03","modified_gmt":"2024-02-17T08:47:03","slug":"modulares-austauschsystem-fur-fasergravurlaser","status":"publish","type":"page","link":"https:\/\/metaquip.nl\/de\/fiber-laser-graveermachines\/modulair-wisselsysteem-voor-fiber-graveerlasers\/","title":{"rendered":"Modulares Wechselsystem f\u00fcr Fasergravurlaser"},"content":{"rendered":"<div class=\"gb-container gb-container-eed94174\">\n<div class=\"gb-grid-wrapper gb-grid-wrapper-5c3ff530\">\n<div class=\"gb-grid-column gb-grid-column-69677a0b\"><div class=\"gb-container gb-container-69677a0b\">\n\n<h2 class=\"gb-headline gb-headline-a79eaeb4 gb-headline-text\">Einf\u00fchrung des modularen Austauschsystems f\u00fcr Fasergravurlaser<\/h2>\n\n\n\n<p>Entdecken Sie das modulare Austauschsystem f\u00fcr Fasergravurlaser von MetaQuip. Der Wickeltisch passend f\u00fcr <strong>Fasergravur-Laserproduktionsmodelle<\/strong>macht den Wechsel zwischen verschiedenen Zubeh\u00f6rteilen oder die Erstellung von Anschl\u00e4gen zur pr\u00e4zisen Positionierung von Objekten \u00e4u\u00dferst schnell und effizient.<\/p>\n\n<\/div><\/div>\n\n<div class=\"gb-grid-column gb-grid-column-ddbe2d6c\"><div class=\"gb-container gb-container-ddbe2d6c\">\n<div class=\"wp-block-image\">\n<figure class=\"aligncenter size-large is-resized\"><img loading=\"lazy\" decoding=\"async\" width=\"765\" height=\"800\" src=\"https:\/\/metaquip.nl\/wp-content\/uploads\/2024\/02\/Fiber-laser-engravingmachine-empty-1000-765x800.jpg\" alt=\"Modulares Wechselsystem f\u00fcr Fasergravurlaser \u2013 modulare Grundplatte\" class=\"wp-image-20190\" style=\"width:auto;height:400px\" srcset=\"https:\/\/metaquip.nl\/wp-content\/uploads\/2024\/02\/Fiber-laser-engravingmachine-empty-1000-765x800.jpg 765w, https:\/\/metaquip.nl\/wp-content\/uploads\/2024\/02\/Fiber-laser-engravingmachine-empty-1000-287x300.jpg 287w, https:\/\/metaquip.nl\/wp-content\/uploads\/2024\/02\/Fiber-laser-engravingmachine-empty-1000-11x12.jpg 11w, https:\/\/metaquip.nl\/wp-content\/uploads\/2024\/02\/Fiber-laser-engravingmachine-empty-1000-600x628.jpg 600w, https:\/\/metaquip.nl\/wp-content\/uploads\/2024\/02\/Fiber-laser-engravingmachine-empty-1000.jpg 956w\" sizes=\"auto, (max-width: 765px) 100vw, 765px\" \/><figcaption class=\"wp-element-caption\"><em>Fasergravurlaser mit modularer Grundplatte<\/em><\/figcaption><\/figure>\n<\/div>\n<\/div><\/div>\n<\/div>\n<\/div>\n\n<div class=\"gb-container gb-container-fa5ebe10\">\n<div class=\"gb-grid-wrapper gb-grid-wrapper-bf8289f3\">\n<div class=\"gb-grid-column gb-grid-column-3211c5e2\"><div class=\"gb-container gb-container-3211c5e2\">\n<div class=\"wp-block-image\">\n<figure class=\"aligncenter size-large is-resized\"><img loading=\"lazy\" decoding=\"async\" width=\"742\" height=\"800\" src=\"https:\/\/metaquip.nl\/wp-content\/uploads\/2024\/02\/Fiber-laser-engravingmachine-XY-table-1000-742x800.jpg\" alt=\"Fasergravurlaser mit modularem Wechselsystem - XY-Tisch\" class=\"wp-image-20193\" style=\"width:auto;height:400px\" srcset=\"https:\/\/metaquip.nl\/wp-content\/uploads\/2024\/02\/Fiber-laser-engravingmachine-XY-table-1000-742x800.jpg 742w, https:\/\/metaquip.nl\/wp-content\/uploads\/2024\/02\/Fiber-laser-engravingmachine-XY-table-1000-278x300.jpg 278w, https:\/\/metaquip.nl\/wp-content\/uploads\/2024\/02\/Fiber-laser-engravingmachine-XY-table-1000-11x12.jpg 11w, https:\/\/metaquip.nl\/wp-content\/uploads\/2024\/02\/Fiber-laser-engravingmachine-XY-table-1000-600x647.jpg 600w, https:\/\/metaquip.nl\/wp-content\/uploads\/2024\/02\/Fiber-laser-engravingmachine-XY-table-1000.jpg 927w\" sizes=\"auto, (max-width: 742px) 100vw, 742px\" \/><figcaption class=\"wp-element-caption\"><em>Fasergravurlaser mit modularem Wechselsystem \u2013 XY-Tisch<\/em><\/figcaption><\/figure>\n<\/div>\n<\/div><\/div>\n\n<div class=\"gb-grid-column gb-grid-column-9e76fb92\"><div class=\"gb-container gb-container-9e76fb92\">\n\n<h2 class=\"gb-headline gb-headline-c84e2f79 gb-headline-text\">So funktioniert das modulare Austauschsystem f\u00fcr Fasergravurlaser<\/h2>\n\n\n\n<p>Das modulare Wechselsystem besteht aus einer Grundplatte mit festem Lochmuster, die perfekt auf den Laser ausgerichtet werden kann. Das Lochmuster spiegelt sich auch in den verschiedenen Faserlaser-Zubeh\u00f6rteilen wie dem XY-Tisch, dem Rotationstisch und den verschiedenen Rotationsmodulen wider. Dadurch k\u00f6nnen Sie schnell zwischen diesen verschiedenen Modulen wechseln, ohne jedes Mal alles neu ausrichten zu m\u00fcssen.<\/p>\n\n<\/div><\/div>\n<\/div>\n<\/div>\n\n<div class=\"gb-container gb-container-bb0699b2 full-width-woo\">\n<div class=\"gb-container gb-container-6929efcc\">\n<div class=\"gb-grid-wrapper gb-grid-wrapper-2ab3ebbc\">\n<div class=\"gb-grid-column gb-grid-column-8ac31aee\"><div class=\"gb-container gb-container-8ac31aee\">\n\n<h2 class=\"gb-headline gb-headline-05867cda gb-headline-text\">Wechseln Sie schnell und einfach zwischen Zubeh\u00f6r<\/h2>\n\n\n\n<p>Mit dieser neuen L\u00f6sung k\u00f6nnen Sie ein Setup problemlos vor\u00fcbergehend f\u00fcr einen anderen Auftrag entfernen. Entfernen Sie das Modul einfach und ersetzen Sie es pr\u00e4zise, ohne nach Schrauben suchen zu m\u00fcssen, um das Modul zu befestigen. Die stabilen Aluminiumplatten, auf denen alle Module montiert sind, machen den Vorgang m\u00fchelos. Dar\u00fcber hinaus erm\u00f6glichen die L\u00f6cher eine einfache Anbringung von Anschl\u00e4gen mit losen Passstiften. <\/p>\n\n\n\n<p>Sie installieren ein Erweiterungsmodul, indem Sie es auf der Grundplatte platzieren. Dieser ist sofort perfekt ausgerichtet und schon kann es losgehen.<\/p>\n\n\n\n<h2 class=\"gb-headline gb-headline-9f1500c3 gb-headline-text\">Verf\u00fcgbare Erweiterungsmodule passend zum modularen Wechselsystem<\/h2>\n\n\n\n<p>MetaQuip bietet derzeit verschiedene Erweiterungsmodule an, die f\u00fcr das modulare Austauschsystem geeignet sind:<\/p>\n\n\n<div class=\"gb-grid-wrapper gb-grid-wrapper-fdf6cd06\">\n<div class=\"gb-grid-column gb-grid-column-d5108882\"><div class=\"gb-container gb-container-d5108882\">\n\n<h3 class=\"gb-headline gb-headline-ac806528 gb-headline-text\">Fasergravurlaser-Rotationsmodul zum Gravieren gro\u00dfer Objekte<\/h3>\n\n<\/div><\/div>\n\n<div class=\"gb-grid-column gb-grid-column-52ff643d\"><div class=\"gb-container gb-container-52ff643d\">\n\n<h3 class=\"gb-headline gb-headline-0fbfb7ac gb-headline-text\">Fasergravurlaser-Rotationsmodul zum Gravieren kleiner Objekte<\/h3>\n\n<\/div><\/div>\n\n<div class=\"gb-grid-column gb-grid-column-070c7368\"><div class=\"gb-container gb-container-070c7368\">\n\n<h3 class=\"gb-headline gb-headline-1604941e gb-headline-text\">Fasergravurlaser-Rotationstisch f\u00fcr die schnelle Lasergravur einer gro\u00dfen Anzahl von Objekten<\/h3>\n\n<\/div><\/div>\n\n<div class=\"gb-grid-column gb-grid-column-814a7f04\"><div class=\"gb-container gb-container-814a7f04\">\n\n<h3 class=\"gb-headline gb-headline-565db2ce gb-headline-text\">Fasergravurlaser-XY-Tisch zur genauen Positionierung von Objekten<\/h3>\n\n<\/div><\/div>\n<\/div>\n<\/div><\/div>\n\n<div class=\"gb-grid-column gb-grid-column-f898514f\"><div class=\"gb-container gb-container-f898514f\">\n<div class=\"gb-grid-wrapper gb-grid-wrapper-f7a984af\">\n<div class=\"gb-grid-column gb-grid-column-3694129b\"><div class=\"gb-container gb-container-3694129b\">\n\n<figure class=\"wp-block-image size-large\"><img loading=\"lazy\" decoding=\"async\" width=\"800\" height=\"684\" src=\"https:\/\/metaquip.nl\/wp-content\/uploads\/2024\/02\/Close-up-rotation-module-large-1000-800x684.jpg\" alt=\"Fasergravurlaser-Rotationsmodul zum Gravieren gro\u00dfer Objekte\" class=\"wp-image-20196\" style=\"aspect-ratio:1;object-fit:cover\" srcset=\"https:\/\/metaquip.nl\/wp-content\/uploads\/2024\/02\/Close-up-rotation-module-large-1000-800x684.jpg 800w, https:\/\/metaquip.nl\/wp-content\/uploads\/2024\/02\/Close-up-rotation-module-large-1000-300x257.jpg 300w, https:\/\/metaquip.nl\/wp-content\/uploads\/2024\/02\/Close-up-rotation-module-large-1000-14x12.jpg 14w, https:\/\/metaquip.nl\/wp-content\/uploads\/2024\/02\/Close-up-rotation-module-large-1000-600x513.jpg 600w, https:\/\/metaquip.nl\/wp-content\/uploads\/2024\/02\/Close-up-rotation-module-large-1000.jpg 1000w\" sizes=\"auto, (max-width: 800px) 100vw, 800px\" \/><figcaption class=\"wp-element-caption\"><em>Fasergravurlaser-Rotationsmodul f\u00fcr gro\u00dfe Objekte<\/em><\/figcaption><\/figure>\n\n<\/div><\/div>\n\n<div class=\"gb-grid-column gb-grid-column-34f5dc39\"><div class=\"gb-container gb-container-34f5dc39\">\n\n<figure class=\"wp-block-image size-large\"><img loading=\"lazy\" decoding=\"async\" width=\"800\" height=\"614\" src=\"https:\/\/metaquip.nl\/wp-content\/uploads\/2024\/02\/Close-up-rotation-module-small-1000-800x614.jpg\" alt=\"Fasergravurlaser-Rotationsmodul zum Gravieren kleiner Objekte\" class=\"wp-image-20197\" style=\"aspect-ratio:1;object-fit:cover\" srcset=\"https:\/\/metaquip.nl\/wp-content\/uploads\/2024\/02\/Close-up-rotation-module-small-1000-800x614.jpg 800w, https:\/\/metaquip.nl\/wp-content\/uploads\/2024\/02\/Close-up-rotation-module-small-1000-300x230.jpg 300w, https:\/\/metaquip.nl\/wp-content\/uploads\/2024\/02\/Close-up-rotation-module-small-1000-16x12.jpg 16w, https:\/\/metaquip.nl\/wp-content\/uploads\/2024\/02\/Close-up-rotation-module-small-1000-600x461.jpg 600w, https:\/\/metaquip.nl\/wp-content\/uploads\/2024\/02\/Close-up-rotation-module-small-1000.jpg 1000w\" sizes=\"auto, (max-width: 800px) 100vw, 800px\" \/><figcaption class=\"wp-element-caption\"><em>Fasergravurlaser-Rotationsmodul f\u00fcr kleine Objekte<\/em><\/figcaption><\/figure>\n\n<\/div><\/div>\n\n<div class=\"gb-grid-column gb-grid-column-61769c0e\"><div class=\"gb-container gb-container-61769c0e\">\n\n<figure class=\"wp-block-image size-large\"><img loading=\"lazy\" decoding=\"async\" width=\"800\" height=\"600\" src=\"https:\/\/metaquip.nl\/wp-content\/uploads\/2024\/02\/Close-up-rotation-table-1000-800x600.jpg\" alt=\"Fasergravurlaser-Rotationstisch f\u00fcr die schnelle Lasergravur einer gro\u00dfen Anzahl von Objekten\" class=\"wp-image-20198\" style=\"aspect-ratio:1;object-fit:cover\" srcset=\"https:\/\/metaquip.nl\/wp-content\/uploads\/2024\/02\/Close-up-rotation-table-1000-800x600.jpg 800w, https:\/\/metaquip.nl\/wp-content\/uploads\/2024\/02\/Close-up-rotation-table-1000-300x225.jpg 300w, https:\/\/metaquip.nl\/wp-content\/uploads\/2024\/02\/Close-up-rotation-table-1000-16x12.jpg 16w, https:\/\/metaquip.nl\/wp-content\/uploads\/2024\/02\/Close-up-rotation-table-1000-600x450.jpg 600w, https:\/\/metaquip.nl\/wp-content\/uploads\/2024\/02\/Close-up-rotation-table-1000.jpg 1000w\" sizes=\"auto, (max-width: 800px) 100vw, 800px\" \/><figcaption class=\"wp-element-caption\"><em>Fasergravurlaser-Rotationstisch f\u00fcr die schnelle Lasergravur gro\u00dfer Volumina<\/em><\/figcaption><\/figure>\n\n<\/div><\/div>\n\n<div class=\"gb-grid-column gb-grid-column-22701d0b\"><div class=\"gb-container gb-container-22701d0b\">\n\n<figure class=\"wp-block-image size-large\"><img loading=\"lazy\" decoding=\"async\" width=\"800\" height=\"578\" src=\"https:\/\/metaquip.nl\/wp-content\/uploads\/2024\/02\/Close-up-XY-table-1000-800x578.jpg\" alt=\"Fasergravurlaser-XY-Tisch zur genauen Positionierung von Objekten\" class=\"wp-image-20199\" style=\"aspect-ratio:1;object-fit:cover\" srcset=\"https:\/\/metaquip.nl\/wp-content\/uploads\/2024\/02\/Close-up-XY-table-1000-800x578.jpg 800w, https:\/\/metaquip.nl\/wp-content\/uploads\/2024\/02\/Close-up-XY-table-1000-300x217.jpg 300w, https:\/\/metaquip.nl\/wp-content\/uploads\/2024\/02\/Close-up-XY-table-1000-18x12.jpg 18w, https:\/\/metaquip.nl\/wp-content\/uploads\/2024\/02\/Close-up-XY-table-1000-600x433.jpg 600w, https:\/\/metaquip.nl\/wp-content\/uploads\/2024\/02\/Close-up-XY-table-1000.jpg 1000w\" sizes=\"auto, (max-width: 800px) 100vw, 800px\" \/><figcaption class=\"wp-element-caption\"><em>Fasergravurlaser-XY-Tisch zur genauen Positionierung von Objekten<\/em><\/figcaption><\/figure>\n\n<\/div><\/div>\n<\/div>\n<\/div><\/div>\n<\/div>\n<\/div>\n<\/div>\n\n<div class=\"gb-container gb-container-3f127491\">\n<div class=\"gb-grid-wrapper gb-grid-wrapper-fae54991\">\n<div class=\"gb-grid-column gb-grid-column-6d35cf00\"><div class=\"gb-container gb-container-6d35cf00\">\n<div class=\"gb-grid-wrapper gb-grid-wrapper-b806482c\">\n<div class=\"gb-grid-column gb-grid-column-cf969182\"><div class=\"gb-container gb-container-cf969182\">\n\n<figure class=\"wp-block-image size-large\"><img loading=\"lazy\" decoding=\"async\" width=\"765\" height=\"800\" src=\"https:\/\/metaquip.nl\/wp-content\/uploads\/2024\/02\/Fiber-laser-engravingmachine-empty-1000-1-765x800.jpg\" alt=\"Modulare Grundplatte f\u00fcr Fasergravurlaser\" class=\"wp-image-20203\" style=\"aspect-ratio:1;object-fit:cover\" srcset=\"https:\/\/metaquip.nl\/wp-content\/uploads\/2024\/02\/Fiber-laser-engravingmachine-empty-1000-1-765x800.jpg 765w, https:\/\/metaquip.nl\/wp-content\/uploads\/2024\/02\/Fiber-laser-engravingmachine-empty-1000-1-287x300.jpg 287w, https:\/\/metaquip.nl\/wp-content\/uploads\/2024\/02\/Fiber-laser-engravingmachine-empty-1000-1-11x12.jpg 11w, https:\/\/metaquip.nl\/wp-content\/uploads\/2024\/02\/Fiber-laser-engravingmachine-empty-1000-1-600x628.jpg 600w, https:\/\/metaquip.nl\/wp-content\/uploads\/2024\/02\/Fiber-laser-engravingmachine-empty-1000-1.jpg 956w\" sizes=\"auto, (max-width: 765px) 100vw, 765px\" \/><figcaption class=\"wp-element-caption\"><em>Modulare Grundplatte f\u00fcr Fasergravurlaser<\/em><\/figcaption><\/figure>\n\n<\/div><\/div>\n\n<div class=\"gb-grid-column gb-grid-column-db59adc9\"><div class=\"gb-container gb-container-db59adc9\">\n\n<figure class=\"wp-block-image size-large\"><img loading=\"lazy\" decoding=\"async\" width=\"742\" height=\"800\" src=\"https:\/\/metaquip.nl\/wp-content\/uploads\/2024\/02\/Fiber-laser-engravingmachine-XY-table-1000-742x800.jpg\" alt=\"Fasergravur-Laser-XY-Tisch f\u00fcr genaue Positionierung\" class=\"wp-image-20193\" style=\"aspect-ratio:1;object-fit:cover\" srcset=\"https:\/\/metaquip.nl\/wp-content\/uploads\/2024\/02\/Fiber-laser-engravingmachine-XY-table-1000-742x800.jpg 742w, https:\/\/metaquip.nl\/wp-content\/uploads\/2024\/02\/Fiber-laser-engravingmachine-XY-table-1000-278x300.jpg 278w, https:\/\/metaquip.nl\/wp-content\/uploads\/2024\/02\/Fiber-laser-engravingmachine-XY-table-1000-11x12.jpg 11w, https:\/\/metaquip.nl\/wp-content\/uploads\/2024\/02\/Fiber-laser-engravingmachine-XY-table-1000-600x647.jpg 600w, https:\/\/metaquip.nl\/wp-content\/uploads\/2024\/02\/Fiber-laser-engravingmachine-XY-table-1000.jpg 927w\" sizes=\"auto, (max-width: 742px) 100vw, 742px\" \/><figcaption class=\"wp-element-caption\"><em>Fasergravur-Laser-XY-Tisch<\/em><\/figcaption><\/figure>\n\n<\/div><\/div>\n\n<div class=\"gb-grid-column gb-grid-column-6ea25cb7\"><div class=\"gb-container gb-container-6ea25cb7\">\n\n<figure class=\"wp-block-image size-large\"><img loading=\"lazy\" decoding=\"async\" width=\"749\" height=\"800\" src=\"https:\/\/metaquip.nl\/wp-content\/uploads\/2024\/02\/Fiber-laser-engravingmachine-large-rotation-module-1000-749x800.jpg\" alt=\"Fasergravurlaser-Rotationstisch f\u00fcr gro\u00dfe Objekte\" class=\"wp-image-20204\" style=\"aspect-ratio:1;object-fit:cover\" srcset=\"https:\/\/metaquip.nl\/wp-content\/uploads\/2024\/02\/Fiber-laser-engravingmachine-large-rotation-module-1000-749x800.jpg 749w, https:\/\/metaquip.nl\/wp-content\/uploads\/2024\/02\/Fiber-laser-engravingmachine-large-rotation-module-1000-281x300.jpg 281w, https:\/\/metaquip.nl\/wp-content\/uploads\/2024\/02\/Fiber-laser-engravingmachine-large-rotation-module-1000-11x12.jpg 11w, https:\/\/metaquip.nl\/wp-content\/uploads\/2024\/02\/Fiber-laser-engravingmachine-large-rotation-module-1000-600x641.jpg 600w, https:\/\/metaquip.nl\/wp-content\/uploads\/2024\/02\/Fiber-laser-engravingmachine-large-rotation-module-1000.jpg 936w\" sizes=\"auto, (max-width: 749px) 100vw, 749px\" \/><figcaption class=\"wp-element-caption\"><em>Fasergravurlaser-Rotationstisch f\u00fcr gro\u00dfe Objekte<\/em><\/figcaption><\/figure>\n\n<\/div><\/div>\n\n<div class=\"gb-grid-column gb-grid-column-2ca8df04\"><div class=\"gb-container gb-container-2ca8df04\">\n\n<figure class=\"wp-block-image size-large\"><img loading=\"lazy\" decoding=\"async\" width=\"748\" height=\"800\" src=\"https:\/\/metaquip.nl\/wp-content\/uploads\/2024\/02\/Fiber-laser-engravingmachine-small-rotation-module-1000-748x800.jpg\" alt=\"Fasergravurlaser-Rotationstisch f\u00fcr kleine Objekte\" class=\"wp-image-20205\" style=\"aspect-ratio:1;object-fit:cover\" srcset=\"https:\/\/metaquip.nl\/wp-content\/uploads\/2024\/02\/Fiber-laser-engravingmachine-small-rotation-module-1000-748x800.jpg 748w, https:\/\/metaquip.nl\/wp-content\/uploads\/2024\/02\/Fiber-laser-engravingmachine-small-rotation-module-1000-281x300.jpg 281w, https:\/\/metaquip.nl\/wp-content\/uploads\/2024\/02\/Fiber-laser-engravingmachine-small-rotation-module-1000-11x12.jpg 11w, https:\/\/metaquip.nl\/wp-content\/uploads\/2024\/02\/Fiber-laser-engravingmachine-small-rotation-module-1000-600x641.jpg 600w, https:\/\/metaquip.nl\/wp-content\/uploads\/2024\/02\/Fiber-laser-engravingmachine-small-rotation-module-1000.jpg 1000w\" sizes=\"auto, (max-width: 748px) 100vw, 748px\" \/><figcaption class=\"wp-element-caption\"><em>Fasergravurlaser-Rotationstisch f\u00fcr kleine Objekte<\/em><\/figcaption><\/figure>\n\n<\/div><\/div>\n<\/div>\n<\/div><\/div>\n\n<div class=\"gb-grid-column gb-grid-column-deb6a2f7\"><div class=\"gb-container gb-container-deb6a2f7\">\n\n<h2 class=\"gb-headline gb-headline-d3fd502f gb-headline-text\">Mehr Informationen?<\/h2>\n\n\n\n<p>Das Gravieren mit Faserlasern erfolgt blitzschnell, daher tr\u00e4gt die optimale Vorbereitung der Maschine f\u00fcr jeden Auftrag zu einer noch effizienteren Nutzung und einfacheren Bedienung Ihrer Maschine bei.<\/p>\n\n\n\n<p>F\u00fcr weitere Informationen wenden Sie sich bitte an MetaQuip.<\/p>\n\n\n\n<div class=\"wp-block-buttons is-layout-flex wp-block-buttons-is-layout-flex\">\n<div class=\"wp-block-button\"><a class=\"wp-block-button__link wp-element-button\" href=\"https:\/\/metaquip.nl\/de\/contact\/\">Wenden Sie sich an MetaQuip<\/a><\/div>\n<\/div>\n\n<\/div><\/div>\n<\/div>\n<\/div>","protected":false},"excerpt":{"rendered":"","protected":false},"author":1,"featured_media":0,"parent":8050,"menu_order":0,"comment_status":"closed","ping_status":"closed","template":"","meta":{"footnotes":""},"class_list":["post-20189","page","type-page","status-publish"],"_links":{"self":[{"href":"https:\/\/metaquip.nl\/de\/wp-json\/wp\/v2\/pages\/20189","targetHints":{"allow":["GET"]}}],"collection":[{"href":"https:\/\/metaquip.nl\/de\/wp-json\/wp\/v2\/pages"}],"about":[{"href":"https:\/\/metaquip.nl\/de\/wp-json\/wp\/v2\/types\/page"}],"author":[{"embeddable":true,"href":"https:\/\/metaquip.nl\/de\/wp-json\/wp\/v2\/users\/1"}],"replies":[{"embeddable":true,"href":"https:\/\/metaquip.nl\/de\/wp-json\/wp\/v2\/comments?post=20189"}],"version-history":[{"count":7,"href":"https:\/\/metaquip.nl\/de\/wp-json\/wp\/v2\/pages\/20189\/revisions"}],"predecessor-version":[{"id":20211,"href":"https:\/\/metaquip.nl\/de\/wp-json\/wp\/v2\/pages\/20189\/revisions\/20211"}],"up":[{"embeddable":true,"href":"https:\/\/metaquip.nl\/de\/wp-json\/wp\/v2\/pages\/8050"}],"wp:attachment":[{"href":"https:\/\/metaquip.nl\/de\/wp-json\/wp\/v2\/media?parent=20189"}],"curies":[{"name":"wp","href":"https:\/\/api.w.org\/{rel}","templated":true}]}}