{"id":21338,"date":"2025-01-05T16:43:34","date_gmt":"2025-01-05T16:43:34","guid":{"rendered":"https:\/\/metaquip.nl\/?page_id=21338"},"modified":"2025-01-05T18:11:54","modified_gmt":"2025-01-05T18:11:54","slug":"vorteile-der-laserschweismaschine-zum-laserschweisen","status":"publish","type":"page","link":"https:\/\/metaquip.nl\/de\/voordelen-laserlasmachine-voor-laserlassen\/","title":{"rendered":"Vorteile einer Laserschwei\u00dfmaschine im Vergleich zu herk\u00f6mmlichen Schwei\u00dfmethoden"},"content":{"rendered":"<p><em>Autor:&nbsp;<a href=\"https:\/\/metaquip.nl\/de\/coen-metaquip\/\">Coen<\/a>&nbsp;\u2013 letzte \u00c4nderung: 5. Januar 2025<\/em><\/p>\n\n\n<div class=\"gb-container gb-container-23e7d60c\">\n<div class=\"gb-grid-wrapper gb-grid-wrapper-38560809\">\n<div class=\"gb-grid-column gb-grid-column-769c066c\"><div class=\"gb-container gb-container-769c066c\">\n\n<h2 class=\"wp-block-heading\" id=\"de-voordelen-van-laserlassen-precisie-snelheid-en-kwaliteit-met-een-laserlasmachine\">Pr\u00e4zision, Geschwindigkeit und Qualit\u00e4t mit einer Laserschwei\u00dfmaschine<\/h2>\n\n\n\n<p>Eine&nbsp;<strong>Laserschwei\u00dfmaschine<\/strong>&nbsp;bietet zahlreiche Vorteile gegen\u00fcber herk\u00f6mmlichen Schwei\u00dftechniken wie MIG, WIG und Punktschwei\u00dfen. Aufgrund seiner Pr\u00e4zision, Geschwindigkeit und hochwertigen Ergebnisse erfreut sich das Laserschwei\u00dfen in einer Vielzahl von Branchen zunehmender Beliebtheit. Besonders in Branchen, in denen Genauigkeit, Effizienz und Qualit\u00e4t im Vordergrund stehen, bew\u00e4hrt sich die Laserschwei\u00dfmaschine.<\/p>\n\n\n\n<p>Nachfolgend finden Sie einen \u00dcberblick \u00fcber die wichtigsten Vorteile des Laserschwei\u00dfens bei der Bearbeitung unterschiedlicher Materialien.<\/p>\n\n<\/div><\/div>\n\n<div class=\"gb-grid-column gb-grid-column-0046dd22\"><div class=\"gb-container gb-container-0046dd22\">\n\n<figure class=\"gb-block-image gb-block-image-3824d1da\"><img loading=\"lazy\" decoding=\"async\" width=\"2560\" height=\"1920\" class=\"gb-image gb-image-3824d1da\" src=\"https:\/\/metaquip.nl\/wp-content\/uploads\/2024\/12\/welded-pieces-scaled.jpg\" alt=\"Beispiele f\u00fcr Laserschwei\u00dfen mit einer Laserwaschmaschine\" title=\"Beispiele f\u00fcr Laserschwei\u00dfen\" srcset=\"https:\/\/metaquip.nl\/wp-content\/uploads\/2024\/12\/welded-pieces-scaled.jpg 2560w, https:\/\/metaquip.nl\/wp-content\/uploads\/2024\/12\/welded-pieces-300x225.jpg 300w, https:\/\/metaquip.nl\/wp-content\/uploads\/2024\/12\/welded-pieces-800x600.jpg 800w, https:\/\/metaquip.nl\/wp-content\/uploads\/2024\/12\/welded-pieces-1536x1152.jpg 1536w, https:\/\/metaquip.nl\/wp-content\/uploads\/2024\/12\/welded-pieces-2048x1536.jpg 2048w, https:\/\/metaquip.nl\/wp-content\/uploads\/2024\/12\/welded-pieces-16x12.jpg 16w, https:\/\/metaquip.nl\/wp-content\/uploads\/2024\/12\/welded-pieces-600x450.jpg 600w\" sizes=\"auto, (max-width: 2560px) 100vw, 2560px\" \/><\/figure>\n\n<\/div><\/div>\n\n<div class=\"gb-grid-column gb-grid-column-fd614c7b\"><div class=\"gb-container gb-container-fd614c7b\">\n\n<div class=\"wp-block-rank-math-toc-block\" id=\"rank-math-toc\"><h2>Inhaltsverzeichnis<\/h2><nav><ul><li><a href=\"#de-voordelen-van-laserlassen-precisie-snelheid-en-kwaliteit-met-een-laserlasmachine\">Pr\u00e4zision, Geschwindigkeit und Qualit\u00e4t mit einer Laserschwei\u00dfmaschine<\/a><\/li><li><a href=\"#voordelen-van-laserlassen-met-een-laserlasmachine\">Vorteile des Laserschwei\u00dfens mit einer Laserschwei\u00dfmaschine<\/a><ul><\/ul><\/li><li><a href=\"#waarom-kiezen-voor-laserlassen\">Warum Laserschwei\u00dfen w\u00e4hlen?<\/a><\/li><li><a href=\"#voordelen-per-materiaal\">Vorteile pro Material<\/a><ul><li><a href=\"#staal-en-roestvrij-staal\">Stahl und Edelstahl<\/a><\/li><li><a href=\"#aluminium\">Aluminium<\/a><\/li><li><a href=\"#koper-en-messing\">Kupfer und Messing<\/a><\/li><li><a href=\"#titanium-en-hoge-sterkte-legeringen\">Titan und hochfeste Legierungen<\/a><\/li><li><a href=\"#kunststoffen-specifiek-voor-laserlassen-met-kunststof\">Kunststoffe (speziell f\u00fcr Laserschwei\u00dfen mit Kunststoff)<\/a><\/li><\/ul><\/li><li><a href=\"#waarom-kiezen-voor-laserlassen-1\">Warum Laserschwei\u00dfen w\u00e4hlen?<\/a><\/li><li><a href=\"#m\">MetaQuip Laserschwei\u00dfger\u00e4t<\/a><\/li><li><a href=\"#v\">H\u00e4ufig gestellte Fragen<\/a><\/li><\/ul><\/nav><\/div>\n\n<\/div><\/div>\n\n<div class=\"gb-grid-column gb-grid-column-d11d3748\"><div class=\"gb-container gb-container-d11d3748\">\n\n<figure class=\"wp-block-embed is-type-video is-provider-youtube wp-block-embed-youtube wp-embed-aspect-16-9 wp-has-aspect-ratio\"><div class=\"wp-block-embed__wrapper\">\n<iframe loading=\"lazy\" title=\"MetaQuip Handlaserschwei\u00dfger\u00e4t \u2013 schnelles, einfaches und sauberes Laserschwei\u00dfen\" width=\"1200\" height=\"675\" src=\"https:\/\/www.youtube.com\/embed\/v7cIzsBAQSo?feature=oembed\" frameborder=\"0\" allow=\"accelerometer; autoplay; clipboard-write; encrypted-media; gyroscope; picture-in-picture; web-share\" referrerpolicy=\"strict-origin-when-cross-origin\" allowfullscreen><\/iframe>\n<\/div><\/figure>\n\n<\/div><\/div>\n<\/div>\n\n\n<h2 class=\"wp-block-heading\" id=\"voordelen-van-laserlassen-met-een-laserlasmachine\">Vorteile des Laserschwei\u00dfens mit einer Laserschwei\u00dfmaschine<\/h2>\n\n\n\n<p>Das Laserschwei\u00dfen bietet zahlreiche Vorteile, die es von herk\u00f6mmlichen Schwei\u00dfverfahren wie MIG, WIG und Punktschwei\u00dfen unterscheiden. Durch den Einsatz fortschrittlicher Laserschwei\u00dfmaschinen k\u00f6nnen sich Profis auf h\u00f6here Pr\u00e4zision, Geschwindigkeit und Effizienz verlassen und gleichzeitig von geringerer thermischer Belastung und Wiederholgenauigkeit profitieren. Nachfolgend finden Sie eine detaillierte Beschreibung der wichtigsten Vorteile&nbsp;<strong>Laserschwei\u00dfen<\/strong>&nbsp;und einen verwenden&nbsp;<strong>Laserschwei\u00dfmaschine<\/strong>. Mehr zum Thema Laserschwei\u00dfen finden Sie unter <a href=\"https:\/\/nl.wikipedia.org\/wiki\/Laserlassen\" target=\"_blank\" rel=\"noopener\">Wiki<\/a>.<\/p>\n\n\n\n<h3 class=\"wp-block-heading\" id=\"hoge-precisie\"><strong>Hohe Pr\u00e4zision<\/strong><\/h3>\n\n\n\n<p>Beim Laserschwei\u00dfen kommt ein konzentrierter und pr\u00e4ziser Laserstrahl zum Einsatz. Dadurch ist es m\u00f6glich, auch bei anspruchsvollen Geometrien feine und komplexe Schwei\u00dfn\u00e4hte zu realisieren. Die hohe Pr\u00e4zision minimiert den Materialverlust und garantiert ein hervorragendes Finish, was besonders in Branchen wie Luft- und Raumfahrt, Automobil und Elektronik wichtig ist.<\/p>\n\n\n\n<h3 class=\"wp-block-heading\" id=\"snelheid-en-efficientie\"><strong>Geschwindigkeit und Effizienz<\/strong><\/h3>\n\n\n\n<p>Eine Laserschwei\u00dfmaschine arbeitet deutlich schneller als herk\u00f6mmliche Techniken. Dies verk\u00fcrzt die Zykluszeiten, erh\u00f6ht die Produktivit\u00e4t und senkt die Betriebskosten. F\u00fcr die Massenproduktion oder zeitkritische Projekte bietet das Laserschwei\u00dfen eine beispiellose Effizienz.<\/p>\n\n\n\n<h3 class=\"wp-block-heading\" id=\"weinig-warmte-inbreng\"><strong>Geringer W\u00e4rmeeintrag<\/strong><\/h3>\n\n\n\n<p>Aufgrund der geringen thermischen Belastung bleiben umliegende Materialien unbeeintr\u00e4chtigt. Dadurch werden Verformungen und Spannungen im Material minimiert, was besonders wichtig ist, wenn mit d\u00fcnnen oder hitzeempfindlichen Materialien wie Aluminium und Edelstahl gearbeitet wird.<\/p>\n\n\n\n<h3 class=\"wp-block-heading\" id=\"schone-lassen\"><strong>Saubere Schwei\u00dfn\u00e4hte<\/strong><\/h3>\n\n\n\n<p>Beim Laserschwei\u00dfen entstehen glatte, dichte Schwei\u00dfn\u00e4hte, die oft frei von Graten oder anderen Unregelm\u00e4\u00dfigkeiten sind. Dadurch wird in vielen F\u00e4llen eine Nachbearbeitung \u00fcberfl\u00fcssig, was Zeit und Kosten spart.<\/p>\n\n\n\n<h3 class=\"wp-block-heading\" id=\"geschikt-voor-dunne-en-dikke-materialen\"><strong>Geeignet f\u00fcr d\u00fcnne und dicke Materialien<\/strong><\/h3>\n\n\n\n<p>Dank der einstellbaren Laserintensit\u00e4t ist das Laserschwei\u00dfen vielseitig einsetzbar. Es eignet sich sowohl f\u00fcr d\u00fcnne Materialien, wie Folien und d\u00fcnne Bleche, als auch f\u00fcr dickere Metallplatten oder -teile.<\/p>\n\n\n\n<h3 class=\"wp-block-heading\" id=\"automatisering-en-herhaalbaarheid\"><strong>Automatisierung und Wiederholbarkeit<\/strong><\/h3>\n\n\n\n<p>Laserschwei\u00dfmaschinen lassen sich leicht in automatisierte Produktionslinien integrieren. Dies gew\u00e4hrleistet eine gleichbleibende Qualit\u00e4t und Wiederholbarkeit auch bei gro\u00dfen Produktionsserien. Durch die Automatisierung wird der Prozess au\u00dferdem weniger arbeitsintensiv, was zu h\u00f6herer Effizienz und niedrigeren Kosten f\u00fchrt.<\/p>\n\n\n\n<h2 class=\"wp-block-heading\" id=\"waarom-kiezen-voor-laserlassen\">Warum Laserschwei\u00dfen w\u00e4hlen?<\/h2>\n\n\n\n<p>Das Laserschwei\u00dfen bietet eine zukunftsweisende L\u00f6sung f\u00fcr Profis in Branchen wie Metallverarbeitung, Automotive, Luftfahrt und Medizintechnik. Durch die Investition in eine hochwertige Laserschwei\u00dfmaschine profitieren Sie von Pr\u00e4zision, Geschwindigkeit und Zuverl\u00e4ssigkeit, optimieren Ihre Produktionsprozesse und verbessern die Qualit\u00e4t Ihrer Produkte.<\/p>\n\n\n\n<p>Entdecken Sie, wie eine Laserschwei\u00dfmaschine Ihre Schwei\u00dfvorg\u00e4nge mit beispielloser Effizienz und Pr\u00e4zision ver\u00e4ndern kann.&nbsp;<strong><a href=\"https:\/\/metaquip.nl\/de\/contact\/\" data-type=\"page\" data-id=\"13698\">Kontaktieren Sie uns noch heute f\u00fcr eine ma\u00dfgeschneiderte Beratung und eine Vorf\u00fchrung.<\/a><\/strong><\/p>\n\n\n\n<h2 class=\"wp-block-heading\" id=\"voordelen-per-materiaal\">Vorteile pro Material<\/h2>\n\n\n\n<h3 class=\"wp-block-heading\" id=\"staal-en-roestvrij-staal\">Stahl und Edelstahl<\/h3>\n\n\n\n<ul class=\"wp-block-list\">\n<li><strong>Starke und langlebige Schwei\u00dfn\u00e4hte:<\/strong>&nbsp;Durch die konzentrierte Hitze entstehen Schwei\u00dfn\u00e4hte mit hoher Zugfestigkeit.<\/li>\n\n\n\n<li><strong>Korrosionsbest\u00e4ndige Verbindungen:<\/strong>&nbsp;Ideal f\u00fcr Anwendungen, bei denen die Schwei\u00dfnaht nicht rosten darf, beispielsweise in der Lebensmittel- oder Chemieindustrie.<\/li>\n\n\n\n<li><strong>Weniger Materialverformung:<\/strong>&nbsp;Der geringe W\u00e4rmeeintrag bewahrt die Integrit\u00e4t des Stahls.<\/li>\n<\/ul>\n\n\n\n<h3 class=\"wp-block-heading\" id=\"aluminium\">Aluminium<\/h3>\n\n\n\n<ul class=\"wp-block-list\">\n<li><strong>Perfekt f\u00fcr leichte Konstruktionen:<\/strong>&nbsp;Aluminium schmilzt schnell und das Laserschwei\u00dfen minimiert das Risiko einer \u00dcberhitzung oder Verformung.<\/li>\n\n\n\n<li><strong>Sch\u00f6ne Schwei\u00dfn\u00e4hte:<\/strong>&nbsp;Durch die hohe Pr\u00e4zision des Laserschwei\u00dfens entstehen glatte, \u00e4sthetische Schwei\u00dfn\u00e4hte, die sich ideal f\u00fcr sichtbare Anwendungen eignen.<\/li>\n\n\n\n<li><strong>Geeignet f\u00fcr d\u00fcnne Platten:<\/strong>&nbsp;Herk\u00f6mmliche Methoden haben oft Probleme mit d\u00fcnnem Aluminium; Laser bieten hier eine L\u00f6sung.<\/li>\n<\/ul>\n\n\n\n<h3 class=\"wp-block-heading\" id=\"koper-en-messing\">Kupfer und Messing<\/h3>\n\n\n\n<ul class=\"wp-block-list\">\n<li><strong>Reflektierende Materialien:<\/strong>&nbsp;Dank der kurzen Wellenl\u00e4nge von Faserlasern eignet sich das Laserschwei\u00dfen sehr gut f\u00fcr reflektierende Metalle wie Kupfer und Messing.<\/li>\n\n\n\n<li><strong>Hohe Leitf\u00e4higkeit:<\/strong>&nbsp;Der pr\u00e4zise W\u00e4rmeeintrag verhindert, dass das umgebende Material zu hei\u00df wird, was bei herk\u00f6mmlichen Techniken ein Problem darstellen kann.<\/li>\n\n\n\n<li><strong>Schnell und effizient:<\/strong>&nbsp;Pr\u00e4zise Schwei\u00dfn\u00e4hte k\u00f6nnen auch bei komplexen Formen mit hoher Geschwindigkeit hergestellt werden.<\/li>\n<\/ul>\n\n\n\n<h3 class=\"wp-block-heading\" id=\"titanium-en-hoge-sterkte-legeringen\">Titan und hochfeste Legierungen<\/h3>\n\n\n\n<ul class=\"wp-block-list\">\n<li><strong>Ideal f\u00fcr anspruchsvolle Anwendungen:<\/strong>&nbsp;Titan und andere fortschrittliche Legierungen lassen sich mit herk\u00f6mmlichen Methoden nur schwer schwei\u00dfen, Laser bieten jedoch ein hohes Ma\u00df an Kontrolle.<\/li>\n\n\n\n<li><strong>Starke, leichte Verbindungen:<\/strong>&nbsp;Perfekt f\u00fcr Luftfahrt-, Automobil- und Medizinanwendungen, bei denen Gewicht und Festigkeit entscheidend sind.<\/li>\n<\/ul>\n\n\n\n<h3 class=\"wp-block-heading\" id=\"kunststoffen-specifiek-voor-laserlassen-met-kunststof\"><strong>Kunststoffe (speziell f\u00fcr Laserschwei\u00dfen mit Kunststoff)<\/strong><\/h3>\n\n\n\n<ul class=\"wp-block-list\">\n<li><strong>Kein Kontakt erforderlich:<\/strong>&nbsp;Beim Laserschwei\u00dfen von Kunststoffen wird das Material ber\u00fchrungslos miteinander verschmolzen, wodurch saubere Verbindungen ohne Verunreinigungen entstehen.<\/li>\n\n\n\n<li><strong>Hohe Wiederholgenauigkeit:<\/strong>&nbsp;Ideal f\u00fcr die Herstellung von medizinischen Ger\u00e4ten und Unterhaltungselektronik.<\/li>\n<\/ul>\n\n\n\n<h2 class=\"wp-block-heading\" id=\"waarom-kiezen-voor-laserlassen-1\">Warum Laserschwei\u00dfen w\u00e4hlen?<\/h2>\n\n\n\n<ul class=\"wp-block-list\">\n<li>&nbsp;<strong>Multimaterialkompatibilit\u00e4t:<\/strong>&nbsp;Geeignet f\u00fcr verschiedene Materialien und Kombinationen, wie zum Beispiel Stahl mit Aluminium oder Kupfer.<\/li>\n\n\n\n<li><strong>Geringerer Energieverbrauch:<\/strong>&nbsp;Effizienter als herk\u00f6mmliche Schwei\u00dfmethoden, was zu Kosteneinsparungen f\u00fchrt.<\/li>\n\n\n\n<li><strong>Geeignet f\u00fcr die automatisierte Produktion:<\/strong>&nbsp;Das Laserschwei\u00dfen l\u00e4sst sich problemlos in Roboter und Produktionslinien integrieren und eignet sich daher ideal f\u00fcr die Massenproduktion.<\/li>\n<\/ul>\n\n\n\n<p>Das Laserschwei\u00dfen ist eine zukunftsweisende Technologie, die insbesondere bei Anwendungen, bei denen es auf Pr\u00e4zision und Geschwindigkeit ankommt, eine h\u00f6here Qualit\u00e4t und Effizienz als herk\u00f6mmliche Verfahren bietet. MetaQuip bietet das Fachwissen und die Ausr\u00fcstung, um Ihre Schwei\u00dfarbeiten auf die n\u00e4chste Stufe zu heben.<\/p>\n\n<\/div>\n\n<div class=\"gb-container gb-container-3b2e44f3 full-width-woo\">\n<div class=\"gb-container gb-container-b3cc7f12\">\n<div class=\"gb-grid-wrapper gb-grid-wrapper-518cb353\">\n<div class=\"gb-grid-column gb-grid-column-a10df81a\"><div class=\"gb-container gb-container-a10df81a\">\n\n<h2 class=\"wp-block-heading\" id=\"m\">MetaQuip Laserschwei\u00dfger\u00e4t<\/h2>\n\n\n\n<p>Die\u00a0<strong>MetaQuip Laserschwei\u00dfger\u00e4t<\/strong>\u00a0ist eine innovative, tragbare Lasermaschine, die Pr\u00e4zision und Geschwindigkeit f\u00fcr verschiedene Schwei\u00dfaufgaben bietet. Mit diesem Laserschwei\u00dfger\u00e4t k\u00f6nnen Metalle wie Edelstahl, Aluminium und Kohlenstoffstahl effizient und mit minimalem W\u00e4rmeeintrag und Verformung geschwei\u00dft werden. Durch das ergonomische Design und die benutzerfreundliche Oberfl\u00e4che eignet sich das Ger\u00e4t sowohl f\u00fcr industrielle Anwendungen als auch f\u00fcr Reparaturarbeiten vor Ort.\u00a0<\/p>\n\n\n\n<a class=\"gb-button gb-button-6f0a45b9 gb-button-text\" href=\"https:\/\/metaquip.nl\/de\/produkt\/handlaserschweisgerat\/\">Weitere Informationen und Spezifikationen<\/a>\n\n<\/div><\/div>\n\n<div class=\"gb-grid-column gb-grid-column-3d019aa2\"><div class=\"gb-container gb-container-3d019aa2\">\n\n<figure class=\"wp-block-image size-full\"><img loading=\"lazy\" decoding=\"async\" width=\"800\" height=\"800\" src=\"https:\/\/metaquip.nl\/wp-content\/uploads\/2024\/12\/laser-welderhero.png\" alt=\"Faserlaserschwei\u00dfger\u00e4t \/ Laserreinigungsger\u00e4t\" class=\"wp-image-21234\" srcset=\"https:\/\/metaquip.nl\/wp-content\/uploads\/2024\/12\/laser-welderhero.png 800w, https:\/\/metaquip.nl\/wp-content\/uploads\/2024\/12\/laser-welderhero-300x300.png 300w, https:\/\/metaquip.nl\/wp-content\/uploads\/2024\/12\/laser-welderhero-150x150.png 150w, https:\/\/metaquip.nl\/wp-content\/uploads\/2024\/12\/laser-welderhero-12x12.png 12w, https:\/\/metaquip.nl\/wp-content\/uploads\/2024\/12\/laser-welderhero-250x250.png 250w, https:\/\/metaquip.nl\/wp-content\/uploads\/2024\/12\/laser-welderhero-600x600.png 600w, https:\/\/metaquip.nl\/wp-content\/uploads\/2024\/12\/laser-welderhero-100x100.png 100w\" sizes=\"auto, (max-width: 800px) 100vw, 800px\" \/><\/figure>\n\n<\/div><\/div>\n<\/div>\n<\/div>\n<\/div>\n\n<div class=\"gb-container gb-container-2fdf2172\">\n\n<h2 class=\"wp-block-heading\" id=\"v\">H\u00e4ufig gestellte Fragen<\/h2>\n\n\n<div id=\"rank-math-faq\" class=\"rank-math-block\">\n<div class=\"rank-math-list\">\n<div id=\"faq-question-1736100362120\" class=\"rank-math-list-item\">\n<h4 class=\"rank-math-question\"><strong>Was ist Laserschwei\u00dfen und wie funktioniert es technisch?<\/strong><\/h4>\n<div class=\"rank-math-answer\">\n\n<p>Beim Laserschwei\u00dfen wird ein konzentrierter Laserstrahl verwendet, der einen schmalen, leistungsstarken W\u00e4rmebereich erzeugt. Dieser Strahl schmilzt das Metall lokal und erzeugt eine starke Schwei\u00dfnaht. Die Energieversorgung erfolgt je nach Anwendung \u00fcber eine Faser-, CO\u2082- oder Diodenlaserquelle.<\/p>\n\n<\/div>\n<\/div>\n<div id=\"faq-question-1736100395758\" class=\"rank-math-list-item\">\n<h4 class=\"rank-math-question\"><strong>Welche Materialien k\u00f6nnen mit einem Laserschwei\u00dfger\u00e4t geschwei\u00dft werden?<\/strong><\/h4>\n<div class=\"rank-math-answer\">\n\n<p>Laserschwei\u00dfmaschinen k\u00f6nnen Metalle wie Edelstahl, Kohlenstoffstahl, Aluminium, Titan und Legierungen schwei\u00dfen. Mit erweiterten Einstellungen ist es sogar m\u00f6glich, unterschiedliche Metalle wie Kupfer und Aluminium zu verbinden.<\/p>\n\n<\/div>\n<\/div>\n<div id=\"faq-question-1736100416683\" class=\"rank-math-list-item\">\n<h4 class=\"rank-math-question\"><strong>Wie beeinflusst die Wellenl\u00e4nge des Lasers seine Leistung?<\/strong><\/h4>\n<div class=\"rank-math-answer\">\n\n<p>Die Wellenl\u00e4nge bestimmt die Absorption der Laserenergie durch das Material. Faserlaser (1 \u00b5m) sind f\u00fcr Metalle effizienter, w\u00e4hrend CO\u2082-Laser (10,6 \u00b5m) besser f\u00fcr Nichtmetalle und einige spezifische Metallbearbeitungen geeignet sind.<\/p>\n\n<\/div>\n<\/div>\n<div id=\"faq-question-1736100424211\" class=\"rank-math-list-item\">\n<h4 class=\"rank-math-question\"><strong>Welche Vorteile bietet ein minimaler W\u00e4rmeeintrag beim Laserschwei\u00dfen?<\/strong><\/h4>\n<div class=\"rank-math-answer\">\n\n<p>Durch die geringe thermische Belastung bleiben die umliegenden Bereiche unber\u00fchrt, wodurch Verformungen, Risse und Spannungsaufbau minimiert werden. Dies ist entscheidend f\u00fcr d\u00fcnne Materialien oder Teile mit komplexen Geometrien.<\/p>\n\n<\/div>\n<\/div>\n<div id=\"faq-question-1736100440471\" class=\"rank-math-list-item\">\n<h4 class=\"rank-math-question\"><strong>Wie wird Schwei\u00dfpr\u00e4zision technisch erreicht?<\/strong><\/h4>\n<div class=\"rank-math-answer\">\n\n<p>Die Pr\u00e4zision wird durch den kleinen Fokusdurchmesser des Laserstrahls erreicht, der \u00fcblicherweise zwischen 0,1 und 0,3 mm liegt. Dadurch ist es m\u00f6glich, komplexe Muster und feine Details mit hoher Genauigkeit zu schwei\u00dfen.<\/p>\n\n<\/div>\n<\/div>\n<div id=\"faq-question-1736100454258\" class=\"rank-math-list-item\">\n<h4 class=\"rank-math-question\"><strong>Was macht das Laserschwei\u00dfen schneller als herk\u00f6mmliche Verfahren?<\/strong><\/h4>\n<div class=\"rank-math-answer\">\n\n<p>Die hohe Energiedichte des Lasers sorgt f\u00fcr ein schnelles Aufschmelzen und Erstarren des Materials. Dies reduziert die Zykluszeit, insbesondere bei d\u00fcnnen und mittleren Materialien.<\/p>\n\n<\/div>\n<\/div>\n<div id=\"faq-question-1736100469168\" class=\"rank-math-list-item\">\n<h4 class=\"rank-math-question\"><strong>Welche Rolle spielt Schutzgas beim Laserschwei\u00dfen?<\/strong><\/h4>\n<div class=\"rank-math-answer\">\n\n<p>Schutzgas wie Argon, Helium oder Stickstoff verhindert Oxidation und Porosit\u00e4t in der Schwei\u00dfnaht. Es sch\u00fctzt das Schmelzbad vor \u00e4u\u00dferen Einfl\u00fcssen und verbessert die Schwei\u00dfqualit\u00e4t.<\/p>\n\n<\/div>\n<\/div>\n<div id=\"faq-question-1736100485819\" class=\"rank-math-list-item\">\n<h4 class=\"rank-math-question\"><strong>Wie l\u00e4sst sich eine Laserschwei\u00dfmaschine automatisieren?<\/strong><\/h4>\n<div class=\"rank-math-answer\">\n\n<p>Laserschwei\u00dfmaschinen lassen sich leicht in Roboterarme oder CNC-Systeme integrieren und verf\u00fcgen \u00fcber programmierte Einstellungen f\u00fcr Bewegung, Laserleistung und Schutzgas. Dies erh\u00f6ht die Wiederholgenauigkeit und Pr\u00e4zision.<\/p>\n\n<\/div>\n<\/div>\n<div id=\"faq-question-1736100502889\" class=\"rank-math-list-item\">\n<h4 class=\"rank-math-question\"><strong>Was ist die maximale Dicke, die ein Laserschwei\u00dfger\u00e4t schwei\u00dfen kann?<\/strong><\/h4>\n<div class=\"rank-math-answer\">\n\n<p>Mit Hochleistungslasern k\u00f6nnen je nach Materialart und gew\u00fcnschter Schwei\u00dfqualit\u00e4t Materialien bis zu einer Dicke von 20 mm geschwei\u00dft werden.<\/p>\n\n<\/div>\n<\/div>\n<div id=\"faq-question-1736100520484\" class=\"rank-math-list-item\">\n<h4 class=\"rank-math-question\"><strong>Was ist Stichlochschwei\u00dfen und wann wird es eingesetzt?<\/strong><\/h4>\n<div class=\"rank-math-answer\">\n\n<p>Beim Stichlochschwei\u00dfen wird eine hohe Energiedichte genutzt, um einen tiefen, schmalen Schmelzekanal zu erzeugen. Dieses Verfahren ist ideal f\u00fcr dicke Materialien und Anwendungen, die tiefe, starke Bindungen erfordern.<\/p>\n\n<\/div>\n<\/div>\n<div id=\"faq-question-1736100537617\" class=\"rank-math-list-item\">\n<h4 class=\"rank-math-question\"><strong>Wie wird die Schwei\u00dfnahtbreite beim Laserschwei\u00dfen gesteuert?<\/strong><\/h4>\n<div class=\"rank-math-answer\">\n\n<p>Die Schwei\u00dfnahtbreite wird durch die Oszillation des Laserstrahls, auch \u201eWobble\u201c genannt, gesteuert. Moderne Maschinen bieten einstellbare Strahlbewegungen, um breitere oder tiefere Schwei\u00dfn\u00e4hte zu erzeugen.<\/p>\n\n<\/div>\n<\/div>\n<div id=\"faq-question-1736100553935\" class=\"rank-math-list-item\">\n<h4 class=\"rank-math-question\"><strong>Wie genau ist die Positionierung des Laserstrahls?<\/strong><\/h4>\n<div class=\"rank-math-answer\">\n\n<p>Die Positioniergenauigkeit kann je nach Maschine bis zu 0,01 mm betragen. Dies wird durch hochwertige Optiken und Motoren wie Servomotoren oder Linearaktuatoren erreicht.<\/p>\n\n<\/div>\n<\/div>\n<div id=\"faq-question-1736100576420\" class=\"rank-math-list-item\">\n<h4 class=\"rank-math-question\"><strong>Welche Vorteile bietet ein integriertes Drahtvorschubsystem?<\/strong><\/h4>\n<div class=\"rank-math-answer\">\n\n<p>Ein Drahtvorschubsystem erm\u00f6glicht es, Fugenbreiten auszuf\u00fcllen und die Festigkeit der Schwei\u00dfnaht zu verbessern. Das System bietet flexible Einstellungen f\u00fcr Drahtgeschwindigkeit und Material.<\/p>\n\n<\/div>\n<\/div>\n<div id=\"faq-question-1736100584009\" class=\"rank-math-list-item\">\n<h4 class=\"rank-math-question\"><strong>Wie wird die Festigkeit einer Schwei\u00dfnaht gemessen?<\/strong><\/h4>\n<div class=\"rank-math-answer\">\n\n<p>Die Festigkeit wird durch Zugversuche oder zerst\u00f6rende Tests gepr\u00fcft und dabei der Zusammenhalt und die Qualit\u00e4t der Verbindung beurteilt. Laserschwei\u00dfen bietet aufgrund der tiefen Eindringtiefe und des pr\u00e4zisen Schmelzbades im Allgemeinen eine hohe Zugfestigkeit.<\/p>\n\n<\/div>\n<\/div>\n<div id=\"faq-question-1736100598980\" class=\"rank-math-list-item\">\n<h4 class=\"rank-math-question\"><strong>Welchen Einfluss hat die optische Qualit\u00e4t eines Lasers auf seine Leistung?<\/strong><\/h4>\n<div class=\"rank-math-answer\">\n\n<p>Die Optik bestimmt den Fokusdurchmesser und die Strahlintensit\u00e4t. Hochwertige Linsen und Spiegel sorgen f\u00fcr eine optimale Strahl\u00fcbertragung und damit f\u00fcr eine bessere Schneid- und Schwei\u00dfleistung.<\/p>\n\n<\/div>\n<\/div>\n<\/div>\n<\/div>\n<\/div>","protected":false},"excerpt":{"rendered":"<p>Autor: Coen \u2013 letzte Bearbeitung: 5. Januar 2025 Vorteile des Laserschwei\u00dfens mit einer Laserschwei\u00dfmaschine Laserschwei\u00dfen bietet zahlreiche Vorteile gegen\u00fcber herk\u00f6mmlichen Schwei\u00dfverfahren wie MIG, WIG und Punktschwei\u00dfen. Durch den Einsatz moderner Laserschwei\u00dfmaschinen k\u00f6nnen Profis von h\u00f6herer Pr\u00e4zision, Geschwindigkeit und Effizienz profitieren und gleichzeitig von geringerer thermischer Belastung und h\u00f6herer Wiederholgenauigkeit. Nachfolgend \u2026 <\/p>\n<p class=\"read-more-container\"><a title=\"Vorteile einer Laserschwei\u00dfmaschine im Vergleich zu herk\u00f6mmlichen Schwei\u00dfmethoden\" class=\"read-more button\" href=\"https:\/\/metaquip.nl\/de\/voordelen-laserlasmachine-voor-laserlassen\/#more-21338\" aria-label=\"Weitere Informationen zu den Vorteilen einer Laserschwei\u00dfmaschine gegen\u00fcber herk\u00f6mmlichen Schwei\u00dfmethoden\">Weiterlesen\u2026<\/a><\/p>","protected":false},"author":1,"featured_media":0,"parent":0,"menu_order":0,"comment_status":"closed","ping_status":"closed","template":"","meta":{"footnotes":""},"class_list":["post-21338","page","type-page","status-publish"],"_links":{"self":[{"href":"https:\/\/metaquip.nl\/de\/wp-json\/wp\/v2\/pages\/21338","targetHints":{"allow":["GET"]}}],"collection":[{"href":"https:\/\/metaquip.nl\/de\/wp-json\/wp\/v2\/pages"}],"about":[{"href":"https:\/\/metaquip.nl\/de\/wp-json\/wp\/v2\/types\/page"}],"author":[{"embeddable":true,"href":"https:\/\/metaquip.nl\/de\/wp-json\/wp\/v2\/users\/1"}],"replies":[{"embeddable":true,"href":"https:\/\/metaquip.nl\/de\/wp-json\/wp\/v2\/comments?post=21338"}],"version-history":[{"count":11,"href":"https:\/\/metaquip.nl\/de\/wp-json\/wp\/v2\/pages\/21338\/revisions"}],"predecessor-version":[{"id":21356,"href":"https:\/\/metaquip.nl\/de\/wp-json\/wp\/v2\/pages\/21338\/revisions\/21356"}],"wp:attachment":[{"href":"https:\/\/metaquip.nl\/de\/wp-json\/wp\/v2\/media?parent=21338"}],"curies":[{"name":"wp","href":"https:\/\/api.w.org\/{rel}","templated":true}]}}