{"id":9800,"date":"2016-06-12T17:42:50","date_gmt":"2016-06-12T17:42:50","guid":{"rendered":"https:\/\/metaquip.nl\/?page_id=9800"},"modified":"2024-06-30T16:47:38","modified_gmt":"2024-06-30T16:47:38","slug":"installation-einer-co2-lasermaschine","status":"publish","type":"page","link":"https:\/\/metaquip.nl\/de\/laser-machine-service-support\/installatie-co2-laser-machine\/","title":{"rendered":"Installation einer CO2-Lasermaschine"},"content":{"rendered":"<h2 class=\"wp-block-heading\">Platzierung einer CO2-Lasermaschine<\/h2>\n\n\n\n<p>Pr\u00fcfen Sie, ob die Maschine in Bezug auf die Gr\u00f6\u00dfe der T\u00fcr (en) passt! Die meisten Maschinen sind ziemlich gro\u00df und schwer und daher nicht bequem zu bewegen, au\u00dfer auf den R\u00e4dern unter der Maschine. Sorgen Sie f\u00fcr ausreichend Arbeitsfl\u00e4che um die Maschine.<\/p>\n\n\n\n<h2 class=\"wp-block-heading\">Elektrischer Anschluss CO2-Lasermaschine<\/h2>\n\n\n\n<p>Diese CO2-Lasermaschinen k\u00f6nnen an eine normale 230-VAC-Steckdose (1 Phase) angeschlossen werden. Einstecken und fertig. Die gro\u00dfen Maschinen verbrauchen ziemlich viel Strom, weshalb sie es vorziehen, sie in eine separate Gruppe zu legen, um eine \u00dcberlastung von Gruppen zu vermeiden.<\/p>\n\n\n\n<h2 class=\"wp-block-heading\">Absaugung - Industrieabzug oder Luftfilter<\/h2>\n\n\n\n<p>Laserbearbeitung ist ein Verbrennungsprozess, bei dem stets Gas, Geruch und Staub freigesetzt werden. Inwieweit h\u00e4ngt von der Art des Materials und der Art der Verarbeitung ab. Alle unsere Maschinen werden mit einem industriellen Luftabsauger geliefert (beim Lite wird ein leichterer Absaugertyp verwendet).<\/p>\n\n\n<div class=\"gb-grid-wrapper gb-grid-wrapper-346420d9\">\n<div class=\"gb-grid-column gb-grid-column-0bef3a70\"><div class=\"gb-container gb-container-0bef3a70\"><div class=\"gb-inside-container\">\n\n<h3 class=\"wp-block-heading\">Industrielle Luftabsaugung<\/h3>\n\n\n\n<p>Dieser Absauger saugt die Laserluft aus der Laserkammer und bl\u00e4st sie durch einen flexiblen Schlauch auf der anderen Seite wieder aus. Dieser flexible Schlauch kann vor\u00fcbergehend aus dem Fenster oder der T\u00fcr geh\u00e4ngt werden, es wird jedoch eine dauerhaftere Methode empfohlen. Denken Sie an einen Abfluss auf dem Dach oder durch eine Wand (\u00e4hnlich einer Dunstabzugshaube). Der Durchmesser des flexiblen Schlauchs betr\u00e4gt 100 mm f\u00fcr die Produktionsserie und 150 mm f\u00fcr die LITE-Lasermaschinen.<\/p>\n\n\n<div class=\"wp-block-image\">\n<figure class=\"aligncenter\"><img decoding=\"async\" src=\"https:\/\/metaquip.nl\/wp-content\/uploads\/2016\/06\/fan-300x225.png\" alt=\"Installation eines CO2-Lasers\"\/><\/figure>\n<\/div>\n<\/div><\/div><\/div>\n\n<div class=\"gb-grid-column gb-grid-column-9451d857\"><div class=\"gb-container gb-container-9451d857\"><div class=\"gb-inside-container\">\n\n<h3 class=\"wp-block-heading\">Industrieller Luftfilter<\/h3>\n\n\n\n<p>Wenn Sie in einer \u00fcberf\u00fcllten Gegend wohnen oder keine M\u00f6glichkeit besteht, einen Abfluss nach au\u00dfen anzuschlie\u00dfen, empfiehlt es sich, einen industriellen Luftfilter zu kaufen. Diese Maschinen extrahieren Gas, Geruch und Staub aus den Laserentladungsgasen, sodass die Luft drau\u00dfen oder im selben Raum geblasen werden kann. Ein industrieller Luftfilter ersetzt den Luftabsauger. Ein industrieller Luftfilter ist im Allgemeinen etwas leiser als ein Extraktor. Es ist wichtig, die Filter regelm\u00e4\u00dfig zu \u00fcberpr\u00fcfen und in regelm\u00e4\u00dfigen Abst\u00e4nden zu ersetzen.<br><a href=\"https:\/\/metaquip.nl\/de\/industrielle-luftfilter\/\">Siehe auch die MetaQuip-Produktreihe industrieller Luftfilter.<\/a><\/p>\n\n<\/div><\/div><\/div>\n<\/div>","protected":false},"excerpt":{"rendered":"<p>Platzierung der CO2-Lasermaschine: Pr\u00fcfen Sie, ob die Maschine von der Gr\u00f6\u00dfe her durch die T\u00fcr(en) passt! Die meisten Maschinen sind recht gro\u00df und schwer und daher nur auf den R\u00e4dern unter der Maschine leicht zu bewegen. Stellen Sie sicher, dass rund um die Maschine ausreichend Platz zum Arbeiten vorhanden ist. Elektrischer Anschluss: CO2-Lasermaschine: Diese CO2-Lasermaschinen k\u00f6nnen auf einem normalen \u2026 aufgestellt werden. <\/p>\n<p class=\"read-more-container\"><a title=\"Installation einer CO2-Lasermaschine\" class=\"read-more button\" href=\"https:\/\/metaquip.nl\/de\/laser-machine-service-support\/installatie-co2-laser-machine\/#more-9800\" aria-label=\"Weitere Informationen zur Installation einer CO2-Lasermaschine\">Weiterlesen\u2026<\/a><\/p>","protected":false},"author":1,"featured_media":0,"parent":8260,"menu_order":0,"comment_status":"closed","ping_status":"closed","template":"","meta":{"footnotes":""},"class_list":["post-9800","page","type-page","status-publish"],"_links":{"self":[{"href":"https:\/\/metaquip.nl\/de\/wp-json\/wp\/v2\/pages\/9800","targetHints":{"allow":["GET"]}}],"collection":[{"href":"https:\/\/metaquip.nl\/de\/wp-json\/wp\/v2\/pages"}],"about":[{"href":"https:\/\/metaquip.nl\/de\/wp-json\/wp\/v2\/types\/page"}],"author":[{"embeddable":true,"href":"https:\/\/metaquip.nl\/de\/wp-json\/wp\/v2\/users\/1"}],"replies":[{"embeddable":true,"href":"https:\/\/metaquip.nl\/de\/wp-json\/wp\/v2\/comments?post=9800"}],"version-history":[{"count":1,"href":"https:\/\/metaquip.nl\/de\/wp-json\/wp\/v2\/pages\/9800\/revisions"}],"predecessor-version":[{"id":20065,"href":"https:\/\/metaquip.nl\/de\/wp-json\/wp\/v2\/pages\/9800\/revisions\/20065"}],"up":[{"embeddable":true,"href":"https:\/\/metaquip.nl\/de\/wp-json\/wp\/v2\/pages\/8260"}],"wp:attachment":[{"href":"https:\/\/metaquip.nl\/de\/wp-json\/wp\/v2\/media?parent=9800"}],"curies":[{"name":"wp","href":"https:\/\/api.w.org\/{rel}","templated":true}]}}