{"id":12253,"date":"2020-03-29T19:28:32","date_gmt":"2020-03-29T19:28:32","guid":{"rendered":"https:\/\/metaquip.nl\/?post_type=product&#038;p=12253"},"modified":"2025-03-12T13:06:00","modified_gmt":"2025-03-12T13:06:00","slug":"hochauflosende-co2-laserlinse","status":"publish","type":"product","link":"https:\/\/metaquip.nl\/de\/product\/hoge-resolutie-co2-laser-lens\/","title":{"rendered":"Hochaufl\u00f6sende CO2-Laserlinse"},"content":{"rendered":"<h2 class=\"wp-block-heading\">Lasergravur und Laserschneiden mit feineren Details und mehr Sch\u00e4rfe<\/h2>\n\n\n\n<p>Mit dem hochaufl\u00f6senden Laserobjektiv von MetaQuip k\u00f6nnen Sie mit feineren Details und sch\u00e4rferen Lasergravurergebnissen laserschneiden. Diese hochaufl\u00f6sende Laserlinse passt auf jede Standard-CO2-Lasermaschine.<\/p>\n\n\n<div class=\"gb-container gb-container-feb9ad11\"><div class=\"gb-inside-container\">\n<div class=\"gb-grid-wrapper gb-grid-wrapper-277ba834\">\n<div class=\"gb-grid-column gb-grid-column-b0592327\"><div class=\"gb-container gb-container-b0592327\"><div class=\"gb-inside-container\">\n\n<h2 class=\"wp-block-heading\">Standard CO2 Laserlinse<\/h2>\n\n\n\n<p>Die Genauigkeit einer Lasermaschine wird teilweise durch den Punktdurchmesser bestimmt, den der Laser realisiert. Die folgenden Laserlinsen werden je nach verwendeter Laserleistung standardm\u00e4\u00dfig verwendet:<\/p>\n\n\n\n<ul class=\"wp-block-list\">\n<li>50 mm Fokusentfernung f\u00fcr 40-60 W Laser<\/li>\n\n\n\n<li>63 mm Fokusentfernung f\u00fcr 80 W und h\u00f6her<\/li>\n<\/ul>\n\n\n\n<h3 class=\"wp-block-heading\">Laserpunktdurchmesser und Sch\u00e4rfentiefe<\/h3>\n\n\n\n<p>Der Punktdurchmesser und die Sch\u00e4rfentiefe (der Grad, bis zu dem die Linse im Material fokussiert bleibt) h\u00e4ngen von der Fokusentfernung der Laserlinse ab.<\/p>\n\n\n\n<h3 class=\"wp-block-heading\">Laserschneiden von dickeren Materialien<\/h3>\n\n\n\n<p>F\u00fcr das Laserschneiden von dicken Materialien wird empfohlen, zus\u00e4tzlich zu mehr Laserleistung eine Laserlinse mit gr\u00f6\u00dferer Sch\u00e4rfentiefe zu verwenden. Infolgedessen bleibt die Lichtenergie auch tiefer im Material konzentriert, so dass gen\u00fcgend Energie vorhanden ist, um das Material zu verdampfen, und ein guter und vollst\u00e4ndiger Schnitt erzielt wird.<\/p>\n\n<\/div><\/div><\/div>\n\n<div class=\"gb-grid-column gb-grid-column-46f15468\"><div class=\"gb-container gb-container-46f15468\"><div class=\"gb-inside-container\">\n<div class=\"wp-block-image\">\n<figure class=\"aligncenter\"><img decoding=\"async\" src=\"https:\/\/metaquip.nl\/wp-content\/uploads\/2020\/03\/Screenshot-2020-03-29-at-21.00.33-800x667.jpg\" alt=\"Spotdurchmesser und Sch\u00e4rfentiefe der CO2-Laserlinse\"\/><\/figure>\n<\/div>\n<\/div><\/div><\/div>\n<\/div>\n<\/div><\/div>\n\n<div class=\"gb-container gb-container-57d276a8\"><div class=\"gb-inside-container\">\n<div class=\"gb-grid-wrapper gb-grid-wrapper-8776b9f1\">\n<div class=\"gb-grid-column gb-grid-column-19b0a440\"><div class=\"gb-container gb-container-19b0a440\"><div class=\"gb-inside-container\">\n<div class=\"wp-block-image\">\n<figure class=\"aligncenter\"><img decoding=\"async\" src=\"https:\/\/metaquip.nl\/wp-content\/uploads\/2020\/03\/2020-03-24-18.08.37-800x722.jpg\" alt=\"Hochaufl\u00f6sende CO2-Laserlinse LITE\"\/><\/figure>\n<\/div>\n<\/div><\/div><\/div>\n\n<div class=\"gb-grid-column gb-grid-column-925aada2\"><div class=\"gb-container gb-container-925aada2\"><div class=\"gb-inside-container\">\n\n<h2 class=\"wp-block-heading\">Hochaufl\u00f6sende CO2-Laserlinse<\/h2>\n\n\n\n<h3 class=\"wp-block-heading\">Lasergravur und Schneiden mit hoher Pr\u00e4zision<\/h3>\n\n\n\n<p>Der Nachteil der gr\u00f6\u00dferen Sch\u00e4rfentiefe und des gr\u00f6\u00dferen Punktdurchmessers besteht darin, dass das Ergebnis beim Laserschneiden d\u00fcnner Materialien und beim Lasergravieren weniger scharf ist. Aus diesem Grund bietet MetaQuip jetzt optional das hochaufl\u00f6sende CO2-Laserobjektiv an.<\/p>\n\n<\/div><\/div><\/div>\n<\/div>\n\n\n<h2 class=\"wp-block-heading\">Differenzstandard und hochaufl\u00f6sende CO2-Laserlinse<\/h2>\n\n\n\n<p>Nachfolgend sind die Ergebnisse aufgef\u00fchrt, bei denen wir immer mit denselben Lasereinstellungen gearbeitet haben.&nbsp;<\/p>\n\n\n<div class=\"gb-grid-wrapper gb-grid-wrapper-38b17414\">\n<div class=\"gb-grid-column gb-grid-column-5b2f830a\"><div class=\"gb-container gb-container-5b2f830a\"><div class=\"gb-inside-container\">\n\n<h3 class=\"wp-block-heading\">Lasergravur Holz<\/h3>\n\n\n\n<p>Rechts sehen Sie den Unterschied der Lasergravur mit einer CO2-Lasermaschine in Holz mit<\/p>\n\n\n\n<ul class=\"wp-block-list\">\n<li>Standard CO2 Laserlinse (oben)<\/li>\n\n\n\n<li>Hochaufl\u00f6sende CO2-Laserlinse (unten)<\/li>\n<\/ul>\n\n\n\n<p>Wie Sie auch auf den Detailfotos unten sehen k\u00f6nnen, ist die Gravur glatter und die Details sind enger graviert. Beide Objektive verwenden genau die gleichen Lasereinstellungen.<\/p>\n\n<\/div><\/div><\/div>\n\n<div class=\"gb-grid-column gb-grid-column-f14b323b\"><div class=\"gb-container gb-container-f14b323b\"><div class=\"gb-inside-container\">\n<div class=\"wp-block-image\">\n<figure class=\"aligncenter is-resized\"><img decoding=\"async\" src=\"https:\/\/metaquip.nl\/wp-content\/uploads\/2020\/03\/hout-lasergraveren-hoge-resolutie-800x714.jpg\" alt=\"Holzlasergravur mit hochaufl\u00f6sender CO2-Laserlinse\" style=\"width:600px;height:536px\"\/><\/figure>\n<\/div>\n<\/div><\/div><\/div>\n<\/div>\n\n<div class=\"gb-grid-wrapper gb-grid-wrapper-d6e48d65\">\n<div class=\"gb-grid-column gb-grid-column-2e45affc\"><div class=\"gb-container gb-container-2e45affc\"><div class=\"gb-inside-container\">\n\n<figure class=\"gb-block-image gb-block-image-9c069460\"><img loading=\"lazy\" decoding=\"async\" width=\"1000\" height=\"1000\" class=\"gb-image gb-image-9c069460\" src=\"https:\/\/metaquip.nl\/wp-content\/uploads\/2020\/03\/Foto-verschil-precisie-nozzle.jpg\" alt=\"CO2-Laser-Pr\u00e4zisionslinse f\u00fcr pr\u00e4zise Gravurarbeiten\" title=\"CO2-Laser-Pr\u00e4zisionslinse f\u00fcr pr\u00e4zise Gravurarbeiten\" srcset=\"https:\/\/metaquip.nl\/wp-content\/uploads\/2020\/03\/Foto-verschil-precisie-nozzle.jpg 1000w, https:\/\/metaquip.nl\/wp-content\/uploads\/2020\/03\/Foto-verschil-precisie-nozzle-300x300.jpg 300w, https:\/\/metaquip.nl\/wp-content\/uploads\/2020\/03\/Foto-verschil-precisie-nozzle-800x800.jpg 800w, https:\/\/metaquip.nl\/wp-content\/uploads\/2020\/03\/Foto-verschil-precisie-nozzle-150x150.jpg 150w, https:\/\/metaquip.nl\/wp-content\/uploads\/2020\/03\/Foto-verschil-precisie-nozzle-12x12.jpg 12w, https:\/\/metaquip.nl\/wp-content\/uploads\/2020\/03\/Foto-verschil-precisie-nozzle-250x250.jpg 250w, https:\/\/metaquip.nl\/wp-content\/uploads\/2020\/03\/Foto-verschil-precisie-nozzle-600x600.jpg 600w, https:\/\/metaquip.nl\/wp-content\/uploads\/2020\/03\/Foto-verschil-precisie-nozzle-100x100.jpg 100w\" sizes=\"auto, (max-width: 1000px) 100vw, 1000px\" \/>\n<figcaption class=\"gb-headline gb-headline-858c8a91 gb-headline-text\"><em>Pr\u00e4zise Gravur mit CO2-Pr\u00e4zisionslinse. Oben 2 mit Standardobjektiven, unten mit hochaufl\u00f6sendem Objektiv.<\/em><\/figcaption>\n<\/figure>\n\n\n\n<p><\/p>\n\n<\/div><\/div><\/div>\n\n<div class=\"gb-grid-column gb-grid-column-23f1ef1a\"><div class=\"gb-container gb-container-23f1ef1a\"><div class=\"gb-inside-container\">\n\n<h3 class=\"wp-block-heading\">Engere Linien beim Lasergravieren von Holz<\/h3>\n\n\n\n<p>Links sehen Sie den Unterschied zwischen der CO2-Lasergravur mit und ohne Pr\u00e4zisionslinse. <\/p>\n\n\n\n<ul class=\"wp-block-list\">\n<li>Standard-CO2-Laserlinse (obere und mittlere \u201eZiegelwand\u201c)<\/li>\n\n\n\n<li>Hochaufl\u00f6sende CO2-Laserlinse (unten)<\/li>\n<\/ul>\n\n\n\n<p>Die Linien sind straffer und feiner. Ein Muss f\u00fcr pr\u00e4zise Gravurarbeiten.<\/p>\n\n<\/div><\/div><\/div>\n<\/div>\n\n<div class=\"gb-grid-wrapper gb-grid-wrapper-afbe4f93\">\n<div class=\"gb-grid-column gb-grid-column-a6ceb06c\"><div class=\"gb-container gb-container-a6ceb06c\"><div class=\"gb-inside-container\">\n\n<h3 class=\"wp-block-heading\">Lasergravurstempel<\/h3>\n\n\n\n<p>Rechts sehen Sie den Unterschied der Lasergravur mit einer CO2-Lasermaschine eines Stempels mit<\/p>\n\n\n\n<ul class=\"wp-block-list\">\n<li>Standard CO2 Laserlinse (unten)<\/li>\n\n\n\n<li>Hochaufl\u00f6sende CO2-Laserlinse (oben)<\/li>\n<\/ul>\n\n\n\n<figure class=\"wp-block-image size-large\"><img loading=\"lazy\" decoding=\"async\" width=\"800\" height=\"775\" src=\"https:\/\/metaquip.nl\/wp-content\/uploads\/2020\/03\/stempels-lasergraveren-800x775.jpg\" alt=\"Lasergravur stempelt Unterschied in CO2-Linsen\" class=\"wp-image-12273\" srcset=\"https:\/\/metaquip.nl\/wp-content\/uploads\/2020\/03\/stempels-lasergraveren-800x775.jpg 800w, https:\/\/metaquip.nl\/wp-content\/uploads\/2020\/03\/stempels-lasergraveren-300x291.jpg 300w, https:\/\/metaquip.nl\/wp-content\/uploads\/2020\/03\/stempels-lasergraveren-500x485.jpg 500w, https:\/\/metaquip.nl\/wp-content\/uploads\/2020\/03\/stempels-lasergraveren-100x97.jpg 100w, https:\/\/metaquip.nl\/wp-content\/uploads\/2020\/03\/stempels-lasergraveren-600x581.jpg 600w, https:\/\/metaquip.nl\/wp-content\/uploads\/2020\/03\/stempels-lasergraveren.jpg 1000w\" sizes=\"auto, (max-width: 800px) 100vw, 800px\" \/><\/figure>\n\n<\/div><\/div><\/div>\n\n<div class=\"gb-grid-column gb-grid-column-a01c77d1\"><div class=\"gb-container gb-container-a01c77d1\"><div class=\"gb-inside-container\">\n<div class=\"wp-block-image\">\n<figure class=\"aligncenter\"><img decoding=\"async\" src=\"https:\/\/metaquip.nl\/wp-content\/uploads\/2020\/03\/2020-03-24-18.05.45-800x545.jpg\" alt=\"Lasergravurstempel mit hoher Aufl\u00f6sung\"\/><\/figure>\n<\/div>\n\n\n<p>Auch hier sieht man, dass die Gravur im Detail glatter und enger ist. Beide Objektive verwenden genau die gleichen Lasereinstellungen.<br><\/p>\n\n<\/div><\/div><\/div>\n<\/div>\n\n<div class=\"gb-grid-wrapper gb-grid-wrapper-5b0bcb47\">\n<div class=\"gb-grid-column gb-grid-column-eac49ae4\"><div class=\"gb-container gb-container-eac49ae4\"><div class=\"gb-inside-container\"><\/div><\/div><\/div>\n\n<div class=\"gb-grid-column gb-grid-column-98a77bcf\"><div class=\"gb-container gb-container-98a77bcf\"><div class=\"gb-inside-container\"><\/div><\/div><\/div>\n<\/div>\n<\/div><\/div>\n\n\n<h2 class=\"wp-block-heading\">Wechseln Sie schnell zwischen dem Standardobjektiv und dem hochaufl\u00f6senden Objektiv<\/h2>\n\n\n\n<p>MetaQuip bietet ein komplettes Set, mit dem Sie schnell zwischen dem Standard- und dem hochaufl\u00f6senden Laserobjektiv wechseln k\u00f6nnen. Die hochaufl\u00f6sende CO2-Laserlinse besteht aus einer Linse, einem Linsenhalter und einem Abstandshalter.<br>Die Installation der hochaufl\u00f6senden Laserlinse ist sehr einfach. Sie schrauben den Standardlaserhalter vom Laserkopf ab und ersetzen ihn durch das hochaufl\u00f6sende Laserobjektiv. Dann stellen Sie die H\u00f6he mit dem H\u00f6henwerkzeug ein und k\u00f6nnen mit dem Laserschneiden oder Gravieren beginnen. Sie k\u00f6nnen im Allgemeinen weiterhin Ihre Standardlasereinstellungen verwenden.<\/p>\n\n\n\n<h2 class=\"wp-block-heading\">Optimieren Sie Ihre Lasereinstellungen<\/h2>\n\n\n\n<p>Da die Laserlichtenergie an einer kleineren Stelle geb\u00fcndelt ist, m\u00fcssen Sie m\u00f6glicherweise die Laserleistung geringf\u00fcgig reduzieren. Wenn Sie weiterhin mit der Gravurgeschwindigkeit und dem Linienabstand spielen, k\u00f6nnen Sie maximale Lasergravur- oder Schnittergebnisse erzielen.<\/p>\n\n\n\n<h2 class=\"wp-block-heading\">Weitere Informationen<\/h2>\n\n\n\n<p>Wenn Sie weitere Informationen zum hochaufl\u00f6senden Laserobjektiv ben\u00f6tigen, wenden Sie sich bitte an das MetaQuip-Team.<\/p>\n\n\n\n<h2 class=\"wp-block-heading\">Pass auf!<\/h2>\n\n\n\n<p>Wir empfehlen die hochaufl\u00f6sende Laserlinse <strong>nicht<\/strong> Kann mit der Autofokusfunktion verwendet werden, aber stellen Sie die Fokush\u00f6he manuell mit dem mitgelieferten H\u00f6henwerkzeug ein<\/p>\n\n\n<div class=\"gb-container gb-container-e1ba6266\"><div class=\"gb-inside-container\">\n\n<h2 class=\"wp-block-heading\">W\u00e4hlen Sie das richtige Objektiv f\u00fcr die richtige Maschine!<\/h2>\n\n\n<div class=\"gb-grid-wrapper gb-grid-wrapper-e4794652\">\n<div class=\"gb-grid-column gb-grid-column-c213114c\"><div class=\"gb-container gb-container-c213114c\"><div class=\"gb-inside-container\">\n\n<h3 class=\"wp-block-heading\">CO2 LITE2<\/h3>\n\n\n<div class=\"wp-block-image\">\n<figure class=\"aligncenter\"><img decoding=\"async\" src=\"https:\/\/metaquip.nl\/wp-content\/uploads\/elementor\/thumbs\/2020-03-24-18.09.05-onamyc4w13fz7nuu93nf79tu9btczi8mf3o2clqnsw.jpg\" alt=\"Hochaufl\u00f6sende CO2-Laserlinse LITE\" title=\"Hochaufl\u00f6sende CO2-Laserlinse LITE\"\/><\/figure>\n<\/div>\n\n\n<p><a href=\"https:\/\/metaquip.nl\/de\/produkt\/laser-schneider-gravur-maschine-lite\/\">F\u00fcr die CO2-Lasermaschine LITE2 <\/a>W\u00e4hlen Sie die gelb gef\u00e4rbte Linse und den Linsenhalter unten.<\/p>\n\n<\/div><\/div><\/div>\n\n<div class=\"gb-grid-column gb-grid-column-bb206119\"><div class=\"gb-container gb-container-bb206119\"><div class=\"gb-inside-container\">\n\n<h3 class=\"gb-headline gb-headline-1acb010d gb-headline-text\">Alle anderen CO2-Lasermaschinen<\/h3>\n\n\n<div class=\"wp-block-image\">\n<figure class=\"aligncenter\"><img decoding=\"async\" src=\"https:\/\/metaquip.nl\/wp-content\/uploads\/2020\/03\/2020-03-24-18.08.01-800x632.jpg\" alt=\"Hochaufl\u00f6sendes CO2-Laserlinsenset\"\/><\/figure>\n<\/div>\n\n\n<p>W\u00e4hlen Sie f\u00fcr alle anderen CO2-Lasermaschinen die rote Linse und den Linsenhalter unten.<\/p>\n\n\n\n<p>Dies kann mit dem verwendet werden <a href=\"https:\/\/metaquip.nl\/de\/produkt\/laserschneiden-graviermaschine-profi\/\" data-type=\"product\" data-id=\"5266\">CO2-Produktionsserie<\/a>.<\/p>\n\n<\/div><\/div><\/div>\n<\/div>\n<\/div><\/div>","protected":false},"excerpt":{"rendered":"<p>Die hochaufl\u00f6sende CO2-Laserlinse von MetaQuip ist die perfekte Erg\u00e4nzung Ihrer CO2-Lasermaschine zum Laserschneiden oder Gravieren mit sehr hoher Pr\u00e4zision und maximaler Sch\u00e4rfe und Aufl\u00f6sung. Der im Vergleich zum Standardobjektiv kleinere Laserpunktdurchmesser erm\u00f6glicht es Ihnen, das Material genauer und pr\u00e4ziser zu verarbeiten.<\/p>\n<ul>\n<li>Lasergravur mit maximaler Sch\u00e4rfe und Aufl\u00f6sung<\/li>\n<li>Laserschneiden von d\u00fcnnen Materialien mit hoher Pr\u00e4zision<\/li>\n<li>Wechseln Sie schnell zwischen dem Standardobjektiv und dem hochaufl\u00f6senden Gravurobjektiv<\/li>\n<\/ul>","protected":false},"featured_media":18779,"template":"","meta":[],"product_brand":[],"product_cat":[358],"product_tag":[],"class_list":{"0":"post-12253","1":"product","2":"type-product","3":"status-publish","4":"has-post-thumbnail","6":"product_cat-accessories-co2-laser-machines","7":"product_shipping_class-standaard","8":"sales-flash-overlay","9":"woocommerce-text-align-center","10":"woocommerce-image-align-center","11":"do-quantity-buttons","12":"wc-has-gallery","13":"tm-no-options","15":"first","16":"instock","17":"taxable","18":"shipping-taxable","19":"purchasable","20":"product-type-variable","21":"has-default-attributes"},"_links":{"self":[{"href":"https:\/\/metaquip.nl\/de\/wp-json\/wp\/v2\/product\/12253","targetHints":{"allow":["GET"]}}],"collection":[{"href":"https:\/\/metaquip.nl\/de\/wp-json\/wp\/v2\/product"}],"about":[{"href":"https:\/\/metaquip.nl\/de\/wp-json\/wp\/v2\/types\/product"}],"wp:featuredmedia":[{"embeddable":true,"href":"https:\/\/metaquip.nl\/de\/wp-json\/wp\/v2\/media\/18779"}],"wp:attachment":[{"href":"https:\/\/metaquip.nl\/de\/wp-json\/wp\/v2\/media?parent=12253"}],"wp:term":[{"taxonomy":"product_brand","embeddable":true,"href":"https:\/\/metaquip.nl\/de\/wp-json\/wp\/v2\/product_brand?post=12253"},{"taxonomy":"product_cat","embeddable":true,"href":"https:\/\/metaquip.nl\/de\/wp-json\/wp\/v2\/product_cat?post=12253"},{"taxonomy":"product_tag","embeddable":true,"href":"https:\/\/metaquip.nl\/de\/wp-json\/wp\/v2\/product_tag?post=12253"}],"curies":[{"name":"wp","href":"https:\/\/api.w.org\/{rel}","templated":true}]}}