{"id":20323,"date":"2024-03-10T15:12:12","date_gmt":"2024-03-10T15:12:12","guid":{"rendered":"https:\/\/metaquip.nl\/?post_type=product&#038;p=20323"},"modified":"2024-12-27T15:25:40","modified_gmt":"2024-12-27T15:25:40","slug":"laser-flaschengravurmaschine-fur-die-massenproduktion","status":"publish","type":"product","link":"https:\/\/metaquip.nl\/de\/product\/laser-flessen-graveermachine-voor-volume-productie\/","title":{"rendered":"Laser-Flaschengravurmaschine f\u00fcr die Massenproduktion"},"content":{"rendered":"<div class=\"gb-container gb-container-2358e127\">\n<div class=\"gb-grid-wrapper gb-grid-wrapper-d9133d96\">\n<div class=\"gb-grid-column gb-grid-column-c68bed41\"><div class=\"gb-container gb-container-c68bed41\">\n\n<p>Maak kennis met onze geavanceerde laser flessen graveermachine, een revolutionaire oplossing die is ontworpen voor optimale productie-effici\u00ebntie. Door slim het laden en lossen te scheiden van de laserbewerking, hebben we een systeem gecre\u00eberd dat maximale doorvoer mogelijk maakt zonder concessies te doen aan de veiligheid. <\/p>\n\n\n\n<p>Ons innovatieve ontwerp zorgt voor naadloze bediening, waardoor gebruikers flessen snel en veilig kunnen graveren, zonder dat er extra voorzorgsmaatregelen nodig zijn. Zeg vaarwel tegen productiviteitsproblemen en verwelkom een nieuw tijdperk van nauwkeurig graveren met onze laserflessengraveermachine.<\/p>\n\n\n\n<p>Op het scherm kunt u het graveerproces continue volgen en ook meteen een visuele inspectie doen. Meer informatie neem dan contact op met MetaQuip<\/p>\n\n\n\n<div class=\"wp-block-buttons is-layout-flex wp-block-buttons-is-layout-flex\">\n<div class=\"wp-block-button\"><a class=\"wp-block-button__link wp-element-button\" href=\"https:\/\/metaquip.nl\/contact\/\">Neem contact op met MetaQuip<\/a><\/div>\n<\/div>\n\n<\/div><\/div>\n\n<div class=\"gb-grid-column gb-grid-column-c438d30d\"><div class=\"gb-container gb-container-c438d30d\">\n\n<figure class=\"wp-block-embed is-type-video is-provider-youtube wp-block-embed-youtube wp-embed-aspect-16-9 wp-has-aspect-ratio\"><div class=\"wp-block-embed__wrapper\">\n<iframe loading=\"lazy\" title=\"MetaQuip Laser Bottle Engraver for Volume Production\" width=\"1200\" height=\"675\" src=\"https:\/\/www.youtube.com\/embed\/9ypB9OnsYWM?feature=oembed\" frameborder=\"0\" allow=\"accelerometer; autoplay; clipboard-write; encrypted-media; gyroscope; picture-in-picture; web-share\" allowfullscreen><\/iframe>\n<\/div><\/figure>\n\n<\/div><\/div>\n\n<div class=\"gb-grid-column gb-grid-column-0e33afb6\"><div class=\"gb-container gb-container-0e33afb6\">\n\n<figure class=\"wp-block-image size-large\"><img loading=\"lazy\" decoding=\"async\" width=\"800\" height=\"456\" src=\"https:\/\/metaquip.nl\/wp-content\/uploads\/2024\/03\/render-9-800x456.png\" alt=\"Flessen graveermachine voor volume productie - render front zoom in\" class=\"wp-image-20330\" srcset=\"https:\/\/metaquip.nl\/wp-content\/uploads\/2024\/03\/render-9-800x456.png 800w, https:\/\/metaquip.nl\/wp-content\/uploads\/2024\/03\/render-9-300x171.png 300w, https:\/\/metaquip.nl\/wp-content\/uploads\/2024\/03\/render-9-18x10.png 18w, https:\/\/metaquip.nl\/wp-content\/uploads\/2024\/03\/render-9-600x342.png 600w, https:\/\/metaquip.nl\/wp-content\/uploads\/2024\/03\/render-9.png 1520w\" sizes=\"auto, (max-width: 800px) 100vw, 800px\" \/><\/figure>\n\n<\/div><\/div>\n\n<div class=\"gb-grid-column gb-grid-column-7a62784a\"><div class=\"gb-container gb-container-7a62784a\">\n\n<h2 class=\"wp-block-heading\">Ge\u00efntegreerde camera<\/h2>\n\n\n\n<p>De ge\u00efntegreerde camera in de laser flessen graveermachine biedt gebruikers de mogelijkheid om hun werkstukken in realtime te bekijken tijdens het graveerproces. Met deze functie kunnen operators nauwkeurig de positionering en de details van het te graveren ontwerp controleren, waardoor ze de perfecte afwerking kunnen bereiken. De live feed van de camera zorgt voor een verbeterde precisie en effici\u00ebntie, omdat gebruikers direct kunnen reageren op eventuele aanpassingen die nodig zijn om het gewenste resultaat te bereiken. Dit maakt de laser flessen graveermachine niet alleen veelzijdiger, maar ook gebruiksvriendelijker voor zowel beginners als ervaren gebruikers.<\/p>\n\n<\/div><\/div>\n\n<div class=\"gb-grid-column gb-grid-column-12fbba6b\"><div class=\"gb-container gb-container-12fbba6b\">\n\n<h2 class=\"wp-block-heading\">3D Laserkop<\/h2>\n\n\n\n<p>Het voordeel van een 3D-laserkop in de laser flessen graveermachine is de mogelijkheid om driedimensionale objecten te graveren met een onge\u00ebvenaarde precisie en detail. In tegenstelling tot traditionele 2D-lasermachines die alleen op platte oppervlakken kunnen graveren, stelt de 3D-laserkop de machine in staat om complexe vormen en structuren te volgen, waardoor ingewikkelde ontwerpen en reli\u00ebfs mogelijk worden. Dit opent de deur naar een breed scala aan toepassingen, zoals het graveren van gepersonaliseerde items, kunstwerken, prototyping en het produceren van unieke decoratieve objecten. Met de toevoeging van een 3D-laserkop wordt deze graveermachine veelzijdiger en biedt het meer mogelijkheden voor creativiteit en maatwerk.<\/p>\n\n<\/div><\/div>\n\n<div class=\"gb-grid-column gb-grid-column-f5bcaab4\"><div class=\"gb-container gb-container-f5bcaab4\">\n<div class=\"wp-block-image\">\n<figure class=\"aligncenter size-large is-resized\"><img loading=\"lazy\" decoding=\"async\" width=\"800\" height=\"730\" src=\"https:\/\/metaquip.nl\/wp-content\/uploads\/2024\/03\/laserengraving-aluminium-bottles-800x730.png\" alt=\"Lasergraveren van aluminium flessen\" class=\"wp-image-20336\" style=\"width:392px;height:auto\" srcset=\"https:\/\/metaquip.nl\/wp-content\/uploads\/2024\/03\/laserengraving-aluminium-bottles-800x730.png 800w, https:\/\/metaquip.nl\/wp-content\/uploads\/2024\/03\/laserengraving-aluminium-bottles-300x274.png 300w, https:\/\/metaquip.nl\/wp-content\/uploads\/2024\/03\/laserengraving-aluminium-bottles-1536x1402.png 1536w, https:\/\/metaquip.nl\/wp-content\/uploads\/2024\/03\/laserengraving-aluminium-bottles-13x12.png 13w, https:\/\/metaquip.nl\/wp-content\/uploads\/2024\/03\/laserengraving-aluminium-bottles-600x547.png 600w, https:\/\/metaquip.nl\/wp-content\/uploads\/2024\/03\/laserengraving-aluminium-bottles.png 1576w\" sizes=\"auto, (max-width: 800px) 100vw, 800px\" \/><figcaption class=\"wp-element-caption\"><em>Alumiunium flessen lasergraveren voor volume productie<\/em><\/figcaption><\/figure>\n<\/div>\n<\/div><\/div>\n<\/div>\n<\/div>\n\n<div class=\"gb-container gb-container-fe41b797 full-width-woo\">\n<div class=\"gb-container gb-container-23f179b3\">\n<div class=\"gb-grid-wrapper gb-grid-wrapper-0a5f2039\">\n<div class=\"gb-grid-column gb-grid-column-50e5078d\"><div class=\"gb-container gb-container-50e5078d\">\n<div class=\"wp-block-image\">\n<figure class=\"aligncenter size-full is-resized\"><img loading=\"lazy\" decoding=\"async\" width=\"500\" height=\"500\" src=\"https:\/\/metaquip.nl\/wp-content\/uploads\/2023\/07\/eb1a99905d.gif.500x500.gif\" alt=\"EZCAD 3\" class=\"wp-image-19708\" style=\"width:352px;height:352px\"\/><figcaption class=\"wp-element-caption\"><em>EZCAD3 controller<\/em><\/figcaption><\/figure>\n<\/div>\n<\/div><\/div>\n\n<div class=\"gb-grid-column gb-grid-column-58ceb79c\"><div class=\"gb-container gb-container-58ceb79c\">\n\n<h2 class=\"wp-block-heading\">EZCAD3 laser controller en software voor professioneel gebruik <\/h2>\n\n\n\n<p>Standaard wordt de laser flessen graveermachine geleverd met EZCAD3-software voor professioneel gebruik. Deze geavanceerde software vertegenwoordigt een significant upgrade in de functionaliteit en prestaties en is speciaal ontworpen voor gebruik met fiber laser machines.<\/p>\n\n\n\n<p>EZCAD3 is een modernere en krachtigere 64-bits versie van de software, perfect gecombineerd met een robuuste controller. Dit resulteert in aanzienlijke verbeteringen op alle fronten. De software is niet alleen robuuster en sneller, maar biedt ook een breder scala aan mogelijkheden en functionaliteiten. Het is de ideale keuze voor professionele toepassingen waarbij precisie en effici\u00ebntie van het grootste belang zijn.<\/p>\n\n\n\n<a class=\"gb-button gb-button-a17f5eca gb-button-text\" href=\"https:\/\/metaquip.nl\/fiber-laser-graveermachines\/ezcad3-graveersoftware\/\">Meer over EZCAD3 laser software<\/a>\n\n<\/div><\/div>\n<\/div>\n<\/div>\n<\/div>\n\n<div class=\"gb-container gb-container-d5a3e778\">\n\n<h2 class=\"wp-block-heading\">Maatwerk oplossingen<\/h2>\n\n\n\n<p>Het geavanceerde laser flessen graveerplatform kan eenvoudig worden aangepast om aan te sluiten bij de specifieke vereisten van onze klanten. Door middel van aanpassingen op basis van klantspecificaties, bieden we een oplossing die naadloos ge\u00efntegreerd kan worden in diverse productieomgevingen.<\/p>\n\n\n\n<p>Of het nu gaat om het graveren van verschillende materialen, het aanpassen van graveerdiepte of het implementeren van specifieke workflows, ons flexibele machineplatform biedt veelzijdigheid en aanpasbaarheid om aan uw behoeften te voldoen. We laten hier het graveren van flessen zien, maar hetzelfde platform kan ook ingezet worden voor het seriematig in volume lasergraveren van objecten.<\/p>\n\n\n\n<p>Ons team staat klaar om uw wensen te bespreken en samen te werken aan een oplossing die perfect past bij uw productieprocessen. Neem gerust contact met ons op voor meer informatie over de mogelijkheden van onze laserflessengraveermachine.<\/p>\n\n\n<div class=\"gb-grid-wrapper gb-grid-wrapper-7b577832\">\n<div class=\"gb-grid-column gb-grid-column-9da433d0\"><div class=\"gb-container gb-container-9da433d0\">\n\n<figure class=\"wp-block-image size-large\"><img loading=\"lazy\" decoding=\"async\" width=\"800\" height=\"450\" src=\"https:\/\/metaquip.nl\/wp-content\/uploads\/2024\/03\/render-6-800x450.png\" alt=\"Flessen graveermachine voor volume productie - render 45deg\" class=\"wp-image-20329\" srcset=\"https:\/\/metaquip.nl\/wp-content\/uploads\/2024\/03\/render-6-800x450.png 800w, https:\/\/metaquip.nl\/wp-content\/uploads\/2024\/03\/render-6-300x169.png 300w, https:\/\/metaquip.nl\/wp-content\/uploads\/2024\/03\/render-6-1536x864.png 1536w, https:\/\/metaquip.nl\/wp-content\/uploads\/2024\/03\/render-6-18x10.png 18w, https:\/\/metaquip.nl\/wp-content\/uploads\/2024\/03\/render-6-600x338.png 600w, https:\/\/metaquip.nl\/wp-content\/uploads\/2024\/03\/render-6.png 1920w\" sizes=\"auto, (max-width: 800px) 100vw, 800px\" \/><\/figure>\n\n<\/div><\/div>\n\n<div class=\"gb-grid-column gb-grid-column-516ed4dd\"><div class=\"gb-container gb-container-516ed4dd\">\n\n<figure class=\"wp-block-image size-large\"><img loading=\"lazy\" decoding=\"async\" width=\"800\" height=\"450\" src=\"https:\/\/metaquip.nl\/wp-content\/uploads\/2024\/03\/render-5-800x450.png\" alt=\"Flessen graveermachine voor volume productie - render voorzijde\" class=\"wp-image-20328\" srcset=\"https:\/\/metaquip.nl\/wp-content\/uploads\/2024\/03\/render-5-800x450.png 800w, https:\/\/metaquip.nl\/wp-content\/uploads\/2024\/03\/render-5-300x169.png 300w, https:\/\/metaquip.nl\/wp-content\/uploads\/2024\/03\/render-5-1536x864.png 1536w, https:\/\/metaquip.nl\/wp-content\/uploads\/2024\/03\/render-5-18x10.png 18w, https:\/\/metaquip.nl\/wp-content\/uploads\/2024\/03\/render-5-600x338.png 600w, https:\/\/metaquip.nl\/wp-content\/uploads\/2024\/03\/render-5.png 1920w\" sizes=\"auto, (max-width: 800px) 100vw, 800px\" \/><\/figure>\n\n<\/div><\/div>\n\n<div class=\"gb-grid-column gb-grid-column-e05e03fa\"><div class=\"gb-container gb-container-e05e03fa\">\n\n<figure class=\"wp-block-image size-large\"><img loading=\"lazy\" decoding=\"async\" width=\"800\" height=\"450\" src=\"https:\/\/metaquip.nl\/wp-content\/uploads\/2024\/03\/render-11-800x450.png\" alt=\"Flessen graveermachine voor volume productie - render achterzijde\" class=\"wp-image-20331\" srcset=\"https:\/\/metaquip.nl\/wp-content\/uploads\/2024\/03\/render-11-800x450.png 800w, https:\/\/metaquip.nl\/wp-content\/uploads\/2024\/03\/render-11-300x169.png 300w, https:\/\/metaquip.nl\/wp-content\/uploads\/2024\/03\/render-11-1536x864.png 1536w, https:\/\/metaquip.nl\/wp-content\/uploads\/2024\/03\/render-11-18x10.png 18w, https:\/\/metaquip.nl\/wp-content\/uploads\/2024\/03\/render-11-600x338.png 600w, https:\/\/metaquip.nl\/wp-content\/uploads\/2024\/03\/render-11.png 1920w\" sizes=\"auto, (max-width: 800px) 100vw, 800px\" \/><\/figure>\n\n<\/div><\/div>\n<\/div>\n<\/div>\n\n<div class=\"gb-container gb-container-e4159972 full-width-woo\" id=\"specs\">\n<div class=\"gb-container gb-container-5e376e08\">\n\n<h2 class=\"wp-block-heading has-text-align-center\" id=\"technische-specificaties\">Technische Specificaties<\/h2>\n\n\n<div class=\"gb-grid-wrapper gb-grid-wrapper-491d2100\">\n<div class=\"gb-grid-column gb-grid-column-4ce7ffe1\"><div class=\"gb-container gb-container-4ce7ffe1\"><div class=\"gb-inside-container\">\n\n<ul class=\"wp-block-list\">\n<li>Werkgebied: 100 x 100mm of 200 x 200 met meegeleverd extra lens. Optioneel is het werkgebied te verkleinen of te vergroten (tot maximaal 300 x 300 mm)<\/li>\n\n\n\n<li>Laser type: pulsed, high-energy Raycus laser <\/li>\n\n\n\n<li>MOPA: informeer naar de mogelijkheden!<\/li>\n\n\n\n<li>Golflengte laser: 1064 nm<\/li>\n\n\n\n<li>Noodstop schakelaar: ja<\/li>\n\n\n\n<li>Sleutel aan\/uitschakelaar: ja<\/li>\n\n\n\n<li>Herhaal frequentie: 20-100 kHz<\/li>\n\n\n\n<li>Laser vermogen: 20 Watt, 30 Watt of 50 Watt<\/li>\n\n\n\n<li>Laser uitgangsvermogen: 0-100%<\/li>\n\n\n\n<li>Minimale spot diameter: 0.01 mm<\/li>\n\n\n\n<li>Minimale lijn breedte: 0.01 mm<\/li>\n\n\n\n<li>Lineaire markeer snelheid: 0-12000 mm\/s<\/li>\n\n\n\n<li>Karakter graveer snelheid: &gt; 800 karakters\/sec<\/li>\n\n\n\n<li>Herhaalbaarheid +\/- 0.001 mm<\/li>\n\n\n\n<li>Markeer diepte: 0.01 \u2013 1 mm<\/li>\n\n\n\n<li>Koeling: luchtkoeling<\/li>\n\n\n\n<li>Voedingsspanning: 230 Vac +\/- 10%, 50-60 Hz<\/li>\n\n\n\n<li>Machine Vermogen: &lt;500 W<\/li>\n\n\n\n<li>Afmetingen [L x B x H]:&nbsp;106,5 x 67 x 163 cm<\/li>\n\n\n\n<li>Behuizing: gesloten kast, met&nbsp;ge\u00efntegreerde aansturing, laserbron, PC en beeldscherm (aansluiting voor voetpedaal en extra IO poorten)<\/li>\n\n\n\n<li>Werktemperatuur: 13-28 graden Celsius<\/li>\n\n\n\n<li>Omgevingstemperatuur: -40-70 graden Celsius<\/li>\n\n\n\n<li>Nederlandstalige producthandleiding (Engels of Duits op verzoek)<\/li>\n\n\n\n<li>CE gecertificeerd. Laserklasse 3R.<\/li>\n<\/ul>\n\n<\/div><\/div><\/div>\n\n<div class=\"gb-grid-column gb-grid-column-bf5347b7\"><div class=\"gb-container gb-container-bf5347b7\"><div class=\"gb-inside-container\">\n\n<h3 class=\"gb-headline gb-headline-aa5e2c6d gb-headline-text\">Lasersoftware: EzCad3 of Lightburn (optioneel)<\/h3>\n\n\n\n<ul class=\"wp-block-list\">\n<li>Ondersteunde fonts: TrueType, SHX, JSF (Single line font), DMF (Dot Matrix Font), One-dimensional bar code, Two-dimensional bar code, etc.<\/li>\n\n\n\n<li>Flexible variabele tekst: wijzigt de tekst in real-time (zoals opnummeren) terwijl de laser aan het graveren is. Koppeling met Microsoft Excel bestanden.<\/li>\n\n\n\n<li>Direct inlezen van data via de seri\u00eble poort, en tekst-data via het netwerk<\/li>\n\n\n\n<li>Tekenen van eenvoudige figuren en curves<\/li>\n\n\n\n<li>Plaatjes formaten: bmp, jpg, gif, tga, png, tif\u2026<\/li>\n\n\n\n<li>Vector formaten: ai, dxf, dst, plt\u2026<\/li>\n\n\n\n<li>Eenvoudige IO operaties om externe apparatuur aan te sluiten<\/li>\n\n\n\n<li>Nederlandstalige softwarehandleiding (Engels op verzoek)<\/li>\n<\/ul>\n\n\n\n<h3 class=\"gb-headline gb-headline-6f4ee59f gb-headline-text\">Industri\u00eble luchtfilter afzuiging<\/h3>\n\n\n\n<p>Voorfilter en HEPA fijnstof en gasfilter. Voldoet aan ISO 15012-4: 2016<\/p>\n\n\n\n<h3 class=\"wp-block-heading\">Garantie<\/h3>\n\n\n\n<p>2 jaar garantie op de laser machine (verwachte levensduur&nbsp;van de laserbron is&nbsp;50.000 tot 100.000 uur, afhankelijk&nbsp;van het gebruik).<\/p>\n\n<\/div><\/div><\/div>\n<\/div>\n<\/div>\n<\/div>","protected":false},"excerpt":{"rendered":"<p>Lernen Sie unsere fortschrittliche Laser-Flaschengravurmaschine kennen, eine revolution\u00e4re L\u00f6sung f\u00fcr optimale Produktionseffizienz. Durch die geschickte Trennung von Be- und Entladen von der Laserbearbeitung haben wir ein System geschaffen, das maximalen Durchsatz ohne Kompromisse bei der Sicherheit erm\u00f6glicht. Unser innovatives Design sorgt f\u00fcr einen reibungslosen Betrieb und erm\u00f6glicht es Benutzern, Flaschen schnell und sicher zu gravieren, ohne dass zus\u00e4tzliche Vorsichtsma\u00dfnahmen erforderlich sind. Verabschieden Sie sich von Produktivit\u00e4tsproblemen und begr\u00fc\u00dfen Sie eine neue \u00c4ra der Pr\u00e4zisionsgravur mit unserer Laser-Flaschengravurmaschine. Das gezeigte Prinzip ist auch f\u00fcr die Lasergravur anderer Serienfertigungen anwendbar!<\/p>","protected":false},"featured_media":20326,"template":"","meta":[],"product_brand":[],"product_cat":[],"product_tag":[],"class_list":{"0":"post-20323","1":"product","2":"type-product","3":"status-publish","4":"has-post-thumbnail","6":"sales-flash-overlay","7":"woocommerce-text-align-center","8":"woocommerce-image-align-center","9":"do-quantity-buttons","10":"tm-no-options","12":"first","13":"outofstock","14":"taxable","15":"shipping-taxable","16":"product-type-variable"},"_links":{"self":[{"href":"https:\/\/metaquip.nl\/de\/wp-json\/wp\/v2\/product\/20323","targetHints":{"allow":["GET"]}}],"collection":[{"href":"https:\/\/metaquip.nl\/de\/wp-json\/wp\/v2\/product"}],"about":[{"href":"https:\/\/metaquip.nl\/de\/wp-json\/wp\/v2\/types\/product"}],"wp:featuredmedia":[{"embeddable":true,"href":"https:\/\/metaquip.nl\/de\/wp-json\/wp\/v2\/media\/20326"}],"wp:attachment":[{"href":"https:\/\/metaquip.nl\/de\/wp-json\/wp\/v2\/media?parent=20323"}],"wp:term":[{"taxonomy":"product_brand","embeddable":true,"href":"https:\/\/metaquip.nl\/de\/wp-json\/wp\/v2\/product_brand?post=20323"},{"taxonomy":"product_cat","embeddable":true,"href":"https:\/\/metaquip.nl\/de\/wp-json\/wp\/v2\/product_cat?post=20323"},{"taxonomy":"product_tag","embeddable":true,"href":"https:\/\/metaquip.nl\/de\/wp-json\/wp\/v2\/product_tag?post=20323"}],"curies":[{"name":"wp","href":"https:\/\/api.w.org\/{rel}","templated":true}]}}