{"id":9175,"date":"2015-11-10T11:12:32","date_gmt":"2015-11-10T11:12:32","guid":{"rendered":"https:\/\/metaquip.nl\/product\/bofa-ad-50010001500-iq-industriele-luchtfilter\/"},"modified":"2024-10-04T15:21:26","modified_gmt":"2024-10-04T15:21:26","slug":"bofa-ad-50010001500-iq-industrieluftfilter","status":"publish","type":"product","link":"https:\/\/metaquip.nl\/de\/product\/bofa-ad-50010001500-iq-industriele-luchtfilter\/","title":{"rendered":"BOFA AD 500\/1000\/1500 iQ Industrieluftfilter"},"content":{"rendered":"<p>Der industrielle Luftfilter BOFA AD 500\/1000\/1500 iQ ist ein Mid- bis High-End-Laserextraktions- und Filtersystem, das eine extrem gro\u00dfe Filterkapazit\u00e4t mit hohem Luftstrom und hohem Druck kombiniert. Dies macht diese Maschine perfekt f\u00fcr Hochleistungsanwendungen, bei denen eine gro\u00dfe Menge an Partikeln und organischem Gas erzeugt wird. Die BOFA AD500 \/ 1000 und 1500 iQ werden normalerweise mit geschlossenen CO2-Lasermaschinen verwendet. Die genaue Ausf\u00fchrung h\u00e4ngt von der Art des haupts\u00e4chlich verarbeiteten Materials, der Arbeitsfl\u00e4che der zu filternden Lasermaschine und der H\u00e4ufigkeit des Maschineneinsatzes ab. Es ist wichtig, dass die Filter regelm\u00e4\u00dfig erneuert werden, damit der Filter die Luft weiterhin optimal reinigt. Diese Luftfilter zeigen an, wann die Luftfilter gereinigt oder ausgetauscht werden m\u00fcssen.<\/p>\n\n\n\n<p>MetaQuip liefert auch die Ersatzfilters\u00e4tze.<\/p>\n\n\n\n<h2 class=\"wp-block-heading\">Standardfunktionen BOFA AD 500\/1000\/1500 iQ Industrieluftfilter<\/h2>\n\n\n\n<ul class=\"wp-block-list\">\n<li>Anzeige der Filterbedingung<\/li>\n\n\n\n<li>Eingebaute Schalld\u00e4mpfung<\/li>\n\n\n\n<li>Hoher Luftstrom und hohe Dr\u00fccke<\/li>\n\n\n\n<li>Filter mit langer Lebensdauer und geringen Austauschkosten<\/li>\n\n\n\n<li>DeepPleat DUO Vorfilter<\/li>\n\n\n\n<li>Automatisches Flusskontrollsystem<\/li>\n\n\n\n<li>Kombinierter HEPA \/ Gasfilter mit ACF-Technologie<\/li>\n\n\n\n<li>Echtzeit-Luftstromanzeige<\/li>\n\n\n\n<li>Filterzustands\u00fcberwachung, Anzeige mit Warnungen<\/li>\n\n\n\n<li>Ferndiagnose \u00fcber USB<\/li>\n<\/ul>\n\n\n\n<h2 class=\"wp-block-heading\">Optionale Funktionen<\/h2>\n\n\n\n<ul class=\"wp-block-list\">\n<li>VOC-Gassensor (Volatile Organic Compound)<\/li>\n\n\n\n<li>Remote-Schnittstelle stoppen \/ starten<\/li>\n\n\n\n<li>Smart Filter-Technologie<\/li>\n\n\n\n<li>Ersetzen Sie das Filter- \/ Systemfehlersignal<\/li>\n\n\n\n<li>Verbindung mit dem Lasersystem<\/li>\n\n\n\n<li>Eingebauter Kompressor<\/li>\n<\/ul>\n\n\n\n<h2 class=\"wp-block-heading\">Technische spezifikationen<\/h2>\n\n\n\n<ul class=\"wp-block-list\">\n<li>Spannung: 230VAC<\/li>\n\n\n\n<li>Abmessungen: (HxBxT): 1197 x 600 x 790 mm<\/li>\n\n\n\n<li>Geh\u00e4usekonstruktion: Edelstahl geb\u00fcrstet \/ pulverbeschichteter Stahl<\/li>\n\n\n\n<li>Luftstrom \/ Druck:\n<ul class=\"wp-block-list\">\n<li>AD-500iQ 550 m\u00b3 \/ h \/ 100 mbar<\/li>\n\n\n\n<li>AD-1000iQ 850 m\u00b3 \/ h \/ 100 mbar<\/li>\n\n\n\n<li>AD-1500iQ 1350 m\u00b3 \/ h \/ 100 mbar<\/li>\n<\/ul>\n<\/li>\n\n\n\n<li>Elektrik: 230V 1ph 50 \/ 60Hz Maximaler Strom:\n<ul class=\"wp-block-list\">\n<li>AD-500iQ 9,5 A \/ 1,1 kW<\/li>\n\n\n\n<li>AD-1000iQ 12,8A \/ 2,2 kW<\/li>\n\n\n\n<li>AD-1500iQ 24A \/ 3,3 kW<\/li>\n<\/ul>\n<\/li>\n\n\n\n<li>Ger\u00e4uschpegel:\n<ul class=\"wp-block-list\">\n<li>AD-500iQ &lt;60dBA (typische Arbeitsgeschwindigkeit)<\/li>\n\n\n\n<li>AD-1000iQ &lt;61dBA<\/li>\n\n\n\n<li>AD-1500iQ &lt;63dBA<\/li>\n<\/ul>\n<\/li>\n\n\n\n<li>Gewicht:\n<ul class=\"wp-block-list\">\n<li>AD-500iQ 135 kg<\/li>\n\n\n\n<li>AD-1000iQ 140 kg<\/li>\n\n\n\n<li>AD-1500iQ 145 kg<\/li>\n<\/ul>\n<\/li>\n\n\n\n<li>Zertifizierung: CE \/ UL<\/li>\n<\/ul>\n\n\n\n<h2 class=\"wp-block-heading\">Weitere Informationen<\/h2>\n\n\n\n<p><a href=\"https:\/\/downloads.metaquip.nl\/leaflets\/BOFA-AD-500-iQ.pdf\" data-no-translation=\"\">Product Leaflet BOFA AD500-EN.pdf<\/a><br><a href=\"https:\/\/downloads.metaquip.nl\/leaflets\/BOFA-AD-1000-iQ.pdf\" data-no-translation=\"\">Product Leaflet BOFA AD1000-EN.pdf<\/a><br><a href=\"https:\/\/downloads.metaquip.nl\/leaflets\/BOFA-AD-1500-iQ.pdf\" data-no-translation=\"\">Product Leaflet BOFA AD1500-EN.pdf<\/a><\/p>","protected":false},"excerpt":{"rendered":"<p>Der industrielle Luftfilter BOFA AD 500\/1000\/1500 iQ ist ein mittleres bis hochwertiges Laserauslass- und Filtersystem, das eine extrem gro\u00dfe Filterkapazit\u00e4t mit hohem Luftstrom und hohem Luftdruck kombiniert.<\/p>","protected":false},"featured_media":9176,"template":"","meta":[],"product_brand":[],"product_cat":[393],"product_tag":[394,443],"class_list":{"0":"post-9175","1":"product","2":"type-product","3":"status-publish","4":"has-post-thumbnail","6":"product_cat-industriele-luchtfilters","7":"product_tag-industrieel-luchtfilter","8":"product_tag-laser-afzuiging","9":"product_shipping_class-op-basis-van-offerte","10":"sales-flash-overlay","11":"woocommerce-text-align-center","12":"woocommerce-image-align-center","13":"do-quantity-buttons","14":"wc-has-gallery","15":"tm-no-options","17":"first","18":"instock","19":"taxable","20":"shipping-taxable","21":"purchasable","22":"product-type-variable","23":"has-default-attributes"},"_links":{"self":[{"href":"https:\/\/metaquip.nl\/de\/wp-json\/wp\/v2\/product\/9175","targetHints":{"allow":["GET"]}}],"collection":[{"href":"https:\/\/metaquip.nl\/de\/wp-json\/wp\/v2\/product"}],"about":[{"href":"https:\/\/metaquip.nl\/de\/wp-json\/wp\/v2\/types\/product"}],"wp:featuredmedia":[{"embeddable":true,"href":"https:\/\/metaquip.nl\/de\/wp-json\/wp\/v2\/media\/9176"}],"wp:attachment":[{"href":"https:\/\/metaquip.nl\/de\/wp-json\/wp\/v2\/media?parent=9175"}],"wp:term":[{"taxonomy":"product_brand","embeddable":true,"href":"https:\/\/metaquip.nl\/de\/wp-json\/wp\/v2\/product_brand?post=9175"},{"taxonomy":"product_cat","embeddable":true,"href":"https:\/\/metaquip.nl\/de\/wp-json\/wp\/v2\/product_cat?post=9175"},{"taxonomy":"product_tag","embeddable":true,"href":"https:\/\/metaquip.nl\/de\/wp-json\/wp\/v2\/product_tag?post=9175"}],"curies":[{"name":"wp","href":"https:\/\/api.w.org\/{rel}","templated":true}]}}