{"id":9603,"date":"2016-04-01T23:10:06","date_gmt":"2016-04-01T23:10:06","guid":{"rendered":"https:\/\/metaquip.nl\/product\/co2-laser-machine-onderhoudspakket-kopieer\/"},"modified":"2024-10-28T19:04:42","modified_gmt":"2024-10-28T19:04:42","slug":"co2-laser-maschinenschmierfett","status":"publish","type":"product","link":"https:\/\/metaquip.nl\/de\/product\/co2-laser-machine-smeermiddel-vet\/","title":{"rendered":"CO2 Laser Maschinenschmiermittel \/ Fett"},"content":{"rendered":"<h2 class=\"wp-block-heading\">Inhalt CO2-Laser-Maschinenschmiermittel \/ -fett<\/h2>\n\n\n\n<p>Das CO2 - Laser - Maschinenschmierfett ist ein Nachf\u00fcllpack f\u00fcr Sie <a href=\"https:\/\/metaquip.nl\/de\/produkt\/co2-laser-maschinenwartungspaket\/\">Wartungspaket f\u00fcr CO2-Laser-Maschinen<\/a>\u2020 Eurol ist ein Schmiermittel\/Fett zum Schmieren der F\u00fchrungen.<\/p>\n\n\n\n<h2 class=\"wp-block-heading\">Eurol Schmiermittel\/Fett<\/h2>\n\n\n\n<p>Damit die Maschine einwandfrei funktioniert, sind regelm\u00e4\u00dfig die beweglichen Teile des neuen Fettes erforderlich. Nur dann liefert die Maschine wie erwartet immer die besten Ergebnisse.<br>Tragen Sie nach der Reinigung mit dem Bio Clean neues Fett auf die Gleitlager und Kugelgewindetriebe auf. Mit einem Finger oder einer Schaumspitze gleichm\u00e4\u00dfig verteilen. Entfernen Sie \u00fcbersch\u00fcssiges Fett.<\/p>\n\n\n\n<p><br><strong>ACHTUNG: Lassen Sie niemals die elektronischen Teile, Spiegel oder Linsen mit Fett in Ber\u00fchrung kommen.<\/strong> Dies f\u00fchrt zu Sch\u00e4den an den relevanten Teilen, die die einwandfreie Funktion der Maschine beeintr\u00e4chtigen!<\/p>\n\n\n\n<p>110gr<\/p>\n\n\n\n<h2 class=\"wp-block-heading\">&nbsp;<\/h2>","protected":false},"excerpt":{"rendered":"<p>Das Schmiermittel \/ Fett f\u00fcr CO2-Lasermaschinen ist ein Nachf\u00fcllpaket f\u00fcr Ihr Wartungspaket f\u00fcr CO2-Lasermaschinen. Eurol Schmiermittel\/Fett dient zum Schmieren der F\u00fchrungen.<\/p>","protected":false},"featured_media":18701,"template":"","meta":[],"product_brand":[],"product_cat":[358],"product_tag":[450],"class_list":{"0":"post-9603","1":"product","2":"type-product","3":"status-publish","4":"has-post-thumbnail","6":"product_cat-accessories-co2-laser-machines","7":"product_tag-laser-onderhoud","8":"product_shipping_class-standaard","9":"sales-flash-overlay","10":"woocommerce-text-align-center","11":"woocommerce-image-align-center","12":"do-quantity-buttons","13":"tm-no-options","15":"first","16":"instock","17":"taxable","18":"shipping-taxable","19":"purchasable","20":"product-type-simple"},"_links":{"self":[{"href":"https:\/\/metaquip.nl\/de\/wp-json\/wp\/v2\/product\/9603","targetHints":{"allow":["GET"]}}],"collection":[{"href":"https:\/\/metaquip.nl\/de\/wp-json\/wp\/v2\/product"}],"about":[{"href":"https:\/\/metaquip.nl\/de\/wp-json\/wp\/v2\/types\/product"}],"wp:featuredmedia":[{"embeddable":true,"href":"https:\/\/metaquip.nl\/de\/wp-json\/wp\/v2\/media\/18701"}],"wp:attachment":[{"href":"https:\/\/metaquip.nl\/de\/wp-json\/wp\/v2\/media?parent=9603"}],"wp:term":[{"taxonomy":"product_brand","embeddable":true,"href":"https:\/\/metaquip.nl\/de\/wp-json\/wp\/v2\/product_brand?post=9603"},{"taxonomy":"product_cat","embeddable":true,"href":"https:\/\/metaquip.nl\/de\/wp-json\/wp\/v2\/product_cat?post=9603"},{"taxonomy":"product_tag","embeddable":true,"href":"https:\/\/metaquip.nl\/de\/wp-json\/wp\/v2\/product_tag?post=9603"}],"curies":[{"name":"wp","href":"https:\/\/api.w.org\/{rel}","templated":true}]}}