{"id":10013,"date":"2016-08-28T19:44:49","date_gmt":"2016-08-28T19:44:49","guid":{"rendered":"https:\/\/metaquip.nl\/?page_id=10013"},"modified":"2024-01-31T16:17:24","modified_gmt":"2024-01-31T16:17:24","slug":"laser-per-incisione-dei-metalli","status":"publish","type":"page","link":"https:\/\/metaquip.nl\/it\/fiber-laser-graveermachines\/metalen-graveren-laser\/","title":{"rendered":"Incisione di metalli preziosi con laser a fibra"},"content":{"rendered":"<div class=\"gb-container gb-container-a9067207\"><div class=\"gb-inside-container\">\n<div class=\"gb-grid-wrapper gb-grid-wrapper-85b8b48e\">\n<div class=\"gb-grid-column gb-grid-column-de67f643\"><div class=\"gb-container gb-container-de67f643\"><div class=\"gb-inside-container\">\n\n<p>L&#039;incisione di metalli preziosi con laser a fibra \u00e8 in forte espansione. Ci\u00f2 che \u00e8 stato riservato a pochi negli ultimi anni sta diventando sempre pi\u00f9 accessibile attraverso i migliori fornitori cinesi di sorgenti laser. I laser a fibra sono migliorati negli ultimi anni in termini di durata, potenza del laser e costi delle macchine. Ci\u00f2 ha reso disponibili a molti l&#039;incisione laser, la marcatura laser e il taglio laser di metalli (preziosi).<\/p>\n\n<\/div><\/div><\/div>\n\n<div class=\"gb-grid-column gb-grid-column-bca53237\"><div class=\"gb-container gb-container-bca53237\"><div class=\"gb-inside-container\">\n<div class=\"wp-block-image\">\n<figure class=\"aligncenter\"><img decoding=\"async\" src=\"https:\/\/metaquip.nl\/wp-content\/uploads\/2016\/08\/edel-metalen-bewerken-met-laser-technologie-800x462.jpg\" alt=\"lavorazione-metalli-preziosi-con-tecnologia-laser\"\/><figcaption class=\"wp-element-caption\">Varie macchine per incisione laser a fibra per incisione laser di metalli<\/figcaption><\/figure>\n<\/div>\n<\/div><\/div><\/div>\n<\/div>\n<\/div><\/div>\n\n<div class=\"gb-container gb-container-06d91b2a full-width-woo\"><div class=\"gb-inside-container\">\n\n<h2 class=\"wp-block-heading has-text-align-center\">Preventivo, dimostrazione o provare il proprio materiale?&nbsp;<\/h2>\n\n\n\n<p class=\"has-text-align-center\">Ti invitiamo a vedere se la tecnologia di incisione laser a fibra \u00e8 una soluzione adatta per la tua applicazione o applicazione di incisione o marcatura. Porta con te il tuo design digitale o materiale a una dimostrazione e possiamo visualizzare il risultato sul posto. Ovviamente puoi anche inviarcelo.<\/p>\n\n\n<div class=\"gb-button-wrapper gb-button-wrapper-1f3cba6e\">\n\n<a class=\"gb-button gb-button-e64f9956 gb-button-text\" href=\"https:\/\/metaquip.nl\/it\/contatto\/\">Fissa un appuntamento oggi stesso!<\/a>\n\n<\/div>\n<\/div><\/div>\n\n<div class=\"gb-container gb-container-165d12f6\"><div class=\"gb-inside-container\">\n\n<h2 class=\"wp-block-heading\">L&#039;ascesa della macchina per incisione laser a fibra<\/h2>\n\n\n\n<p>I laser a fibra emettono un raggio laser con una frequenza di 1064 nm che in precedenza era spesso prodotto da sorgenti YAG. Oltre a essere costoso, Yag era spesso meno stabile, il che significava che i costi di origine erano elevati. Le fonti di fibra sono recentemente diventate molto stabili e le richieste di durata della vita di 50-100.000 non sono pi\u00f9 eccezionali. Le fibre sono disponibili con capacit\u00e0 sempre crescenti. 10W ha cessato da tempo di essere la base, ma le gamme di 10-50W per l&#039;incisione e 300-2kW per il taglio di metalli (preziosi) sono disponibili stabilmente dai principali fornitori. Utilizzando i migliori fornitori in Cina, la qualit\u00e0, la consegna e il supporto sono garantiti e molte domande possono essere soddisfatte. Lo hanno recentemente sottolineato le grandi aziende, come Apple, che contrassegnano i propri telefoni con la necessaria numerazione di produzione e le etichette CE.<\/p>\n\n<\/div><\/div>\n\n<div class=\"gb-container gb-container-de6f9b8c full-width-woo\"><div class=\"gb-inside-container\">\n<div class=\"gb-grid-wrapper gb-grid-wrapper-5f248181\">\n<div class=\"gb-grid-column gb-grid-column-8bbd76b1\"><div class=\"gb-container gb-container-8bbd76b1\"><div class=\"gb-inside-container\">\n\n<h2 class=\"wp-block-heading\">Come funziona una macchina per incisione laser a fibra?<\/h2>\n\n\n\n<p>I laser per incisione \/ marcatura sono disponibili tra 10-50 W. 10 W \u00e8 adatto per varie materie plastiche, ma per il metallo \u00e8 richiesto un minimo di 20 W. Il raggio laser \u00e8 controllato per mezzo di specchi, il che significa che \u00e8 possibile raggiungere un&#039;elevata velocit\u00e0 di lavorazione fino a 1500 mm\/sec. Lo svantaggio dell&#039;utilizzo degli specchi \u00e8 la superficie di lavoro limitata. Poich\u00e9 il raggio laser \u00e8 focalizzato dopo gli specchi, la convessit\u00e0 delle parti \u00e8 ugualmente collegata alla superficie di lavoro. Pi\u00f9 l&#039;obiettivo \u00e8 convesso, minore \u00e8 la distanza di messa a fuoco, pi\u00f9 potente \u00e8 il laser nel punto focale, ma minore \u00e8 la gamma intorno al punto di messa a fuoco. Questa gamma \u00e8 collegata all&#039;area di lavoro. Le aree di lavoro con 65\u00d765 e 100x100mm sono le soluzioni standard, ma possono essere ampliate a 150\u00d7150 e 200x200mm. La scelta migliore pu\u00f2 essere determinata in base all&#039;oggetto da lavorare e ai materiali da lavorare.<\/p>\n\n<\/div><\/div><\/div>\n\n<div class=\"gb-grid-column gb-grid-column-5a98d7b9\"><div class=\"gb-container gb-container-5a98d7b9\"><div class=\"gb-inside-container\">\n<div class=\"wp-block-image\">\n<figure class=\"aligncenter\"><img decoding=\"async\" src=\"https:\/\/metaquip.nl\/wp-content\/uploads\/2016\/08\/hoe-werkt-een-fiberlaser.jpg\" alt=\"Come funziona un laser a fibra\"\/><figcaption class=\"wp-element-caption\">Testa a specchio di un laser a fibra<\/figcaption><\/figure>\n<\/div>\n<\/div><\/div><\/div>\n<\/div>\n<\/div><\/div>\n\n<div class=\"gb-container gb-container-5b7a31d9\"><div class=\"gb-inside-container\">\n<div class=\"gb-grid-wrapper gb-grid-wrapper-94d19af5\">\n<div class=\"gb-grid-column gb-grid-column-bb15f7f2\"><div class=\"gb-container gb-container-bb15f7f2\"><div class=\"gb-inside-container\">\n\n<h2 class=\"wp-block-heading\">Incisione in metallo a colori<\/h2>\n\n\n\n<p>Le ultime fonti danno accesso all&#039;uso di impulsi brevi. Questi non solo possono incidere e tagliare metalli sottili, ma anche scolorire permanentemente l&#039;acciaio inossidabile. Blu, giallo, verde e rosso, colori che si vedono anche negli oggetti saldati in acciaio inox, possono essere applicati in modo controllato oltre ai colori standard di marcatura grigio scuro. Utilizzando diverse lunghezze d&#039;impulso, frequenze e potenze, i colori vengono applicati in modo controllato e questo d\u00e0 una nuova dimensione nella creazione di diverse strutture superficiali.<\/p>\n\n\n<div class=\"gb-button-wrapper gb-button-wrapper-05943738\">\n\n<a class=\"gb-button gb-button-075040d8 gb-button-text\" href=\"https:\/\/metaquip.nl\/it\/macchine-per-incisione-laser-a-fibra\/laser-a-fibra-mopa\/\">Incisione laser di metalli a colori<\/a>\n\n<\/div>\n<\/div><\/div><\/div>\n\n<div class=\"gb-grid-column gb-grid-column-031bd43f\"><div class=\"gb-container gb-container-031bd43f\"><div class=\"gb-inside-container\">\n\n<figure class=\"wp-block-image\"><img decoding=\"async\" src=\"https:\/\/metaquip.nl\/wp-content\/uploads\/2017\/01\/MOPA-markeer-laser-800x430.jpg\" alt=\"Laser per marcatura MOPA\"\/><figcaption class=\"wp-element-caption\">Laser fibra MOPA per incisione laser a colori<\/figcaption><\/figure>\n\n<\/div><\/div><\/div>\n<\/div>\n<\/div><\/div>\n\n<div class=\"gb-container gb-container-a12ad86f\"><div class=\"gb-inside-container\">\n<div class=\"gb-grid-wrapper gb-grid-wrapper-fbb7b25c\">\n<div class=\"gb-grid-column gb-grid-column-6e4c9b98\"><div class=\"gb-container gb-container-6e4c9b98\"><div class=\"gb-inside-container\">\n\n<figure class=\"wp-block-image\"><img decoding=\"async\" src=\"https:\/\/metaquip.nl\/wp-content\/uploads\/2016\/08\/laserveiligheid-fiberlaser-set-800x600.jpg\" alt=\"set laser in fibra di sicurezza laser\"\/><\/figure>\n\n<\/div><\/div><\/div>\n\n<div class=\"gb-grid-column gb-grid-column-100c0d72\"><div class=\"gb-container gb-container-100c0d72\"><div class=\"gb-inside-container\">\n\n<h2 class=\"wp-block-heading\">Sicurezza laser dei laser per incisione in fibra<\/h2>\n\n\n\n<p>Per poter applicare in sicurezza i laser a fibra, MetaQuip dispone di macchine chiuse che rispettano gli standard di sicurezza laser. Ci\u00f2 consente a un dipendente di lavorare in sicurezza e direttamente accanto alla macchina. Una macchina chiusa non \u00e8 adatta a tutte le applicazioni e anche macchine aperte sono state sviluppate per questo.<br>Questi possono essere utilizzati in sicurezza nell&#039;ambito della legge sulle condizioni di lavoro se l&#039;utente si attiene rigorosamente alle regole. Occhiali di sicurezza e segnali\/adesivi di avvertimento dovrebbero rendere sicura l&#039;area laser. Per questo gli operatori devono essere formati e forniti di materiali certificati, possibilmente un esperto che possa valutare in loco l&#039;allestimento e il layout. Per i laser da taglio, un laser a fibra aperto \u00e8 possibile solo se nella stanza \u00e8 inclusa una protezione laser sufficiente, che deve essere determinata in consultazione con un esperto.<br>Se desideri acquistare un laser da taglio, chiedi sempre il rapporto di ispezione esterno per la sicurezza del laser, questo pu\u00f2 sempre essere offerto per l&#039;ispezione presso MetaQuip, dopotutto la sicurezza viene prima di tutto.<\/p>\n\n<\/div><\/div><\/div>\n<\/div>\n<\/div><\/div>\n\n<div class=\"gb-container gb-container-e2690663 full-width-woo\"><div class=\"gb-inside-container\">\n\n<h2 class=\"wp-block-heading\">Applicazioni e materiali \u2013 incisione di metalli preziosi con laser a fibra<\/h2>\n\n\n\n<p>I laser a fibra sono ampiamente utilizzati nell&#039;industria manifatturiera per la marcatura di parti o prodotti. Facile posizionamento di loghi, numeri di tipo, QR e codici a barre. Vediamo anche molte applicazioni nel settore creativo, come i gioiellieri, ma anche per personalizzare regali promozionali o smartphone.<\/p>\n\n\n\n<p>I materiali che possono essere incisi con un laser a fibra sono tutti i metalli (come acciaio inossidabile, ferro, acciaio, metallo, argento, oro, titanio, ecc.) ma anche una serie di materie plastiche (come l&#039;ABS), specchi e pietre naturali ( ardesia, marmo, granito). <a href=\"https:\/\/metaquip.nl\/it\/generale\/materiali-da-tagliare-o-incidere-al-laser\/\">Vai all&#039;elenco completo dei materiali...<\/a><\/p>\n\n\n\n<p>Vuoi sapere se un laser a fibra \u00e8 adatto per incidere il tuo materiale? Con alcuni semplici test, possiamo determinare rapidamente insieme qual \u00e8 il miglior risultato possibile.<\/p>\n\n\n\n<h3 class=\"gb-headline gb-headline-778ef729 gb-headline-text\">Applicazioni per gioiellieri<\/h3>\n\n\n\n<p>L&#039;applicazione del laser a fibra nella lavorazione dei metalli preziosi offre diverse possibilit\u00e0. Di solito i laser di marcatura sono sufficienti in termini di resistenza e superficie di lavorazione, perch\u00e9 i gioielli in argento e oro di solito non hanno dimensioni molto grandi. Incidendo ripetutamente i motivi sull&#039;oggetto con il laser, \u00e8 possibile tagliare oro\/argento da 1,5 mm in 1 o 3 passaggi. Oltre al taglio, il laser pu\u00f2 essere utilizzato per contrassegnare motivi complessi sull&#039;oggetto in modo che i disegni possano essere convertiti dal digitale direttamente sull&#039;oggetto. Le superfici strutturate, dalle stuoie ai motivi, possono dare nuove strutture ai gioielli e, ad esempio, decorare i quadranti degli orologi. Utilizzando la tecnologia pi\u00f9 recente, l&#039;acciaio inossidabile pu\u00f2 essere decorato con parti colorate oltre all&#039;incisione standard, realizzando cos\u00ec nuove applicazioni e design unici. Per oggetti rotondi come anelli, una testa di rotazione \u00e8 una possibilit\u00e0 per distribuire bene l&#039;incisione sulla circonferenza.<\/p>\n\n\n<div class=\"gb-grid-wrapper gb-grid-wrapper-db8818e7\">\n<div class=\"gb-grid-column gb-grid-column-dbc14fac\"><div class=\"gb-container gb-container-dbc14fac\"><div class=\"gb-inside-container\">\n<div class=\"wp-block-image\">\n<figure class=\"aligncenter\"><img decoding=\"async\" src=\"https:\/\/metaquip.nl\/wp-content\/uploads\/2015\/03\/laser-marking-on-outside-ring-150x150.jpg\" alt=\"\"\/><figcaption class=\"wp-element-caption\">Incisione laser argento<\/figcaption><\/figure>\n<\/div>\n<\/div><\/div><\/div>\n\n<div class=\"gb-grid-column gb-grid-column-27bc78ea\"><div class=\"gb-container gb-container-27bc78ea\"><div class=\"gb-inside-container\">\n<div class=\"wp-block-image\">\n<figure class=\"aligncenter\"><img decoding=\"async\" src=\"https:\/\/metaquip.nl\/wp-content\/uploads\/2015\/12\/jewlery-150x150.jpg\" alt=\"Gioielli con incisione laser\"\/><figcaption class=\"wp-element-caption\">Anelli di incisione laser<\/figcaption><\/figure>\n<\/div>\n<\/div><\/div><\/div>\n\n<div class=\"gb-grid-column gb-grid-column-61b45235\"><div class=\"gb-container gb-container-61b45235\"><div class=\"gb-inside-container\">\n<div class=\"wp-block-image\">\n<figure class=\"aligncenter\"><img decoding=\"async\" src=\"https:\/\/metaquip.nl\/wp-content\/uploads\/2015\/12\/laser-gegreaveerd-mes-150x150.png\" alt=\"Coltello per incisione laser\"\/><figcaption class=\"wp-element-caption\">Incisione laser di coltelli<\/figcaption><\/figure>\n<\/div>\n<\/div><\/div><\/div>\n\n<div class=\"gb-grid-column gb-grid-column-ca96bdc1\"><div class=\"gb-container gb-container-ca96bdc1\"><div class=\"gb-inside-container\">\n<div class=\"wp-block-image\">\n<figure class=\"aligncenter\"><img decoding=\"async\" src=\"https:\/\/metaquip.nl\/wp-content\/uploads\/2015\/12\/naamplaatje-lasergraveren-150x150.jpg\" alt=\"Targhetta con incisione laser\"\/><figcaption class=\"wp-element-caption\">Incisione laser di regali promozionali<\/figcaption><\/figure>\n<\/div>\n<\/div><\/div><\/div>\n<\/div>\n\n<div class=\"gb-grid-wrapper gb-grid-wrapper-cb695310\">\n<div class=\"gb-grid-column gb-grid-column-971bc6d3\"><div class=\"gb-container gb-container-971bc6d3\"><div class=\"gb-inside-container\">\n\n<h3 class=\"gb-headline gb-headline-429f1d94 gb-headline-text\">Applicazioni delle macchine per incisione laser a fibra per l&#039;industria<\/h3>\n\n\n\n<p>L&#039;applicazione delle fibre nell&#039;industria dei metalli o della produzione \u00e8 spesso duplice. La marcatura viene utilizzata per applicare Data Matrix o codici QR durante la produzione per fornire informazioni univoche sul prodotto, in modo che pi\u00f9 avanti nel processo di produzione o durante la manutenzione sia possibile identificare rapidamente quali componenti sono coinvolti. Inoltre, possono essere applicati loghi, ma anche righelli o altri segni o strutture per aggiungere valore aggiunto al prodotto. Semplici esempi sono interi tipi di lastre che possono essere applicate singolarmente direttamente sul prodotto o su un pezzo di metallo separato. Il software in dotazione \u00e8 in grado di estrarre le informazioni necessarie direttamente da file Excel o di testo ed evitare cos\u00ec la necessit\u00e0 di inserire tutto manualmente.<br>I laser a fibra pi\u00f9 grandi vengono utilizzati per la lavorazione\/taglio del metallo. I collegamenti CAD\/CAM diretti consentono di leggere i file DXF, di applicare l&#039;offset se necessario e di tagliarli in modo uniforme in base a una libreria di impostazioni.<\/p>\n\n<\/div><\/div><\/div>\n\n<div class=\"gb-grid-column gb-grid-column-724b65c1\"><div class=\"gb-container gb-container-724b65c1\"><div class=\"gb-inside-container\">\n<div class=\"wp-block-image\">\n<figure class=\"aligncenter is-resized\"><img decoding=\"async\" src=\"https:\/\/metaquip.nl\/wp-content\/uploads\/2017\/01\/laser-markeren-aluminium.png\" alt=\"Macchina per incisione laser in fibra di lastre di alluminio per marcatura laser\" style=\"width:372px;height:372px\"\/><figcaption class=\"wp-element-caption\">Codici a barre, codici EAN, codici QR su metallo<\/figcaption><\/figure>\n<\/div>\n<\/div><\/div><\/div>\n<\/div>\n<\/div><\/div>\n\n<div class=\"gb-container gb-container-ed2abb90\"><div class=\"gb-inside-container\">\n\n<h2 class=\"wp-block-heading\">Maggiori informazioni<\/h2>\n\n\n\n<p>Macchine per incisione laser a fibra, una tecnologia che pu\u00f2 dare alla lavorazione dei metalli il passo successivo, possibile anche per la tua applicazione. Contattaci per vedere cosa possono fare per te i laser a fibra.<\/p>\n\n\n<div class=\"gb-button-wrapper gb-button-wrapper-56562f00\">\n\n<a class=\"gb-button gb-button-2364dddd gb-button-text\" href=\"https:\/\/metaquip.nl\/it\/macchine-per-incisione-laser-a-fibra\/\">Portafoglio macchine per incisione laser fibra<\/a>\n\n<\/div>\n<\/div><\/div>\n\n\n<p><\/p>","protected":false},"excerpt":{"rendered":"<p>Vuoi un preventivo, una dimostrazione o vuoi provare il tuo materiale? Sei il benvenuto nel vedere se la tecnologia di incisione laser a fibra \u00e8 una soluzione adatta per la tua applicazione di incisione o marcatura. Porta con te il tuo progetto o materiale digitale durante una dimostrazione e potremo visionare il risultato sul posto. Naturalmente puoi anche\u2026 <\/p>\n<p class=\"read-more-container\"><a title=\"Incisione di metalli preziosi con laser a fibra\" class=\"read-more button\" href=\"https:\/\/metaquip.nl\/it\/fiber-laser-graveermachines\/metalen-graveren-laser\/#more-10013\" aria-label=\"Per saperne di pi\u00f9 su Incisione di metalli preziosi con laser fibra\">Leggi tutto<\/a><\/p>","protected":false},"author":1,"featured_media":0,"parent":8050,"menu_order":2,"comment_status":"closed","ping_status":"closed","template":"","meta":{"footnotes":""},"class_list":["post-10013","page","type-page","status-publish"],"_links":{"self":[{"href":"https:\/\/metaquip.nl\/it\/wp-json\/wp\/v2\/pages\/10013","targetHints":{"allow":["GET"]}}],"collection":[{"href":"https:\/\/metaquip.nl\/it\/wp-json\/wp\/v2\/pages"}],"about":[{"href":"https:\/\/metaquip.nl\/it\/wp-json\/wp\/v2\/types\/page"}],"author":[{"embeddable":true,"href":"https:\/\/metaquip.nl\/it\/wp-json\/wp\/v2\/users\/1"}],"replies":[{"embeddable":true,"href":"https:\/\/metaquip.nl\/it\/wp-json\/wp\/v2\/comments?post=10013"}],"version-history":[{"count":1,"href":"https:\/\/metaquip.nl\/it\/wp-json\/wp\/v2\/pages\/10013\/revisions"}],"predecessor-version":[{"id":20053,"href":"https:\/\/metaquip.nl\/it\/wp-json\/wp\/v2\/pages\/10013\/revisions\/20053"}],"up":[{"embeddable":true,"href":"https:\/\/metaquip.nl\/it\/wp-json\/wp\/v2\/pages\/8050"}],"wp:attachment":[{"href":"https:\/\/metaquip.nl\/it\/wp-json\/wp\/v2\/media?parent=10013"}],"curies":[{"name":"wp","href":"https:\/\/api.w.org\/{rel}","templated":true}]}}