{"id":15998,"date":"2021-08-06T07:55:16","date_gmt":"2021-08-06T07:55:16","guid":{"rendered":"https:\/\/metaquip.nl\/?page_id=15998"},"modified":"2024-01-31T15:59:49","modified_gmt":"2024-01-31T15:59:49","slug":"idoneita-al-taglio-laser-dei-tubi","status":"publish","type":"page","link":"https:\/\/metaquip.nl\/it\/fiber-lasersnijmachines-metaal-lasersnijden\/metaal-lasersnijden\/buis-lasersnijden-fitness\/","title":{"rendered":"Attrezzatura per il fitness con taglio laser a tubo"},"content":{"rendered":"<div class=\"gb-container gb-container-591dc19b\"><div class=\"gb-inside-container\">\n<div class=\"gb-grid-wrapper gb-grid-wrapper-5c17036d\">\n<div class=\"gb-grid-column gb-grid-column-2d494d61\"><div class=\"gb-container gb-container-2d494d61\"><div class=\"gb-inside-container\">\n\n<h2 class=\"gb-headline gb-headline-676aac93 gb-headline-text\">Produzione di attrezzature per il fitness<\/h2>\n\n\n\n<p>A causa della maggiore attenzione alla salute, l&#039;industria del fitness \u00e8 cresciuta rapidamente negli ultimi decenni. La crescita \u00e8 negli studi di fitness, ma anche in larga misura nelle attrezzature per il fitness per uso domestico. Ci\u00f2 offre molte opportunit\u00e0 ai produttori di attrezzature per il fitness.<\/p>\n\n\n\n<h2 class=\"gb-headline gb-headline-7983f5ef gb-headline-text\">Vantaggi dell&#039;attrezzatura per il fitness con taglio laser a tubo<\/h2>\n\n\n\n<p>Il taglio laser CNC di attrezzature per il fitness \u00e8 attualmente il metodo di produzione pi\u00f9 utilizzato. I vantaggi rispetto ai tradizionali processi di taglio dei tubi sono:<\/p>\n\n\n\n<ul class=\"wp-block-list\">\n<li>Flessibilit\u00e0 per la produzione<\/li>\n\n\n\n<li>Alta qualit\u00e0<\/li>\n\n\n\n<li>Possibilit\u00e0 di tagliare anche forme complesse<\/li>\n\n\n\n<li>Elevata quantit\u00e0 grazie all&#039;elevata velocit\u00e0 di taglio<\/li>\n<\/ul>\n\n\n\n<h2 class=\"gb-headline gb-headline-d4687cf6 gb-headline-text\">Taglio, formatura e punzonatura laser di tubi e profili<\/h2>\n\n\n\n<p>Tubi e profili metallici sono spesso utilizzati nella produzione di attrezzature per lo sport e il fitness. Pensa a spinning bike, cross trainer, ma anche attrezzature fitness per l&#039;area outdoor. Le operazioni per le sezioni di tubo richieste includono il taglio, la formatura e la punzonatura dei fori. Il taglio laser delle attrezzature per il fitness \u00e8 un modo veloce e flessibile per realizzare le tue attrezzature per il fitness.<\/p>\n\n<\/div><\/div><\/div>\n\n<div class=\"gb-grid-column gb-grid-column-f30fab5b\"><div class=\"gb-container gb-container-f30fab5b\"><div class=\"gb-inside-container\">\n<div class=\"wp-block-image\">\n<figure class=\"aligncenter size-large\"><img loading=\"lazy\" decoding=\"async\" width=\"800\" height=\"532\" src=\"https:\/\/metaquip.nl\/wp-content\/uploads\/2021\/08\/fitnessapparatuur-equipment-lease-800x532.jpeg\" alt=\"Taglio laser per attrezzature fitness\" class=\"wp-image-16011\" srcset=\"https:\/\/metaquip.nl\/wp-content\/uploads\/2021\/08\/fitnessapparatuur-equipment-lease-800x532.jpeg 800w, https:\/\/metaquip.nl\/wp-content\/uploads\/2021\/08\/fitnessapparatuur-equipment-lease-300x200.jpeg 300w, https:\/\/metaquip.nl\/wp-content\/uploads\/2021\/08\/fitnessapparatuur-equipment-lease-1536x1022.jpeg 1536w, https:\/\/metaquip.nl\/wp-content\/uploads\/2021\/08\/fitnessapparatuur-equipment-lease-18x12.jpeg 18w, https:\/\/metaquip.nl\/wp-content\/uploads\/2021\/08\/fitnessapparatuur-equipment-lease-600x399.jpeg 600w, https:\/\/metaquip.nl\/wp-content\/uploads\/2021\/08\/fitnessapparatuur-equipment-lease.jpeg 2048w\" sizes=\"auto, (max-width: 800px) 100vw, 800px\" \/><figcaption class=\"wp-element-caption\"><em>Taglio laser per attrezzature fitness<\/em><\/figcaption><\/figure>\n<\/div>\n<\/div><\/div><\/div>\n<\/div>\n<\/div><\/div>\n\n<div class=\"gb-container gb-container-9e1a67b5 full-width-woo\"><div class=\"gb-inside-container\">\n\n<h2 class=\"wp-block-heading has-text-align-left\">Macchine laser adatte per attrezzature fitness per il taglio laser di tubi<\/h2>\n\n\n<div class=\"gb-grid-wrapper gb-grid-wrapper-4ee94634\">\n<div class=\"gb-grid-column gb-grid-column-5d7e1e92\"><div class=\"gb-container gb-container-5d7e1e92\"><div class=\"gb-inside-container\">\n\n<h3 class=\"gb-headline gb-headline-6be738c8 gb-headline-text\">Laser a fibra per il taglio laser di lamiere piane<\/h3>\n\n\n\n<p>MetaQuip ha una serie di soluzioni per il taglio laser dei metalli. Offriamo una selezione di macchine laser a fibra di alta qualit\u00e0 adatte per il taglio laser di lamiere sottili come il\u00a0<a href=\"https:\/\/metaquip.nl\/it\/prodotto\/macchina-taglio-laser-fibra-metallo-fc6060\/\" data-type=\"product\" data-id=\"12194\">FC6060<\/a>\u00a0e il\u00a0<a href=\"https:\/\/metaquip.nl\/it\/prodotto\/taglierina-laser-fibra-metallo-fc1390\/\" data-type=\"product\" data-id=\"11254\">FC1390<\/a>, ma anche macchine pi\u00f9 pesanti per il taglio laser dei metalli di lamiere spesse e\/o di maggiori dimensioni come la\u00a0<a href=\"https:\/\/metaquip.nl\/it\/prodotto\/produzione-fibra-laser-cutter-metallo\/\" data-type=\"product\" data-id=\"15103\">FC1510<\/a>,\u00a0<a href=\"https:\/\/metaquip.nl\/it\/prodotto\/materiale-in-fibra-laser-metallo-lastra\/\">FC3015<\/a>,\u00a0<a href=\"https:\/\/metaquip.nl\/it\/prodotto\/materiale-in-fibra-laser-metallo-lastra\/\">FC4020<\/a>.<\/p>\n\n\n\n<div style=\"height:40px\" aria-hidden=\"true\" class=\"wp-block-spacer\"><\/div>\n\n\n<div class=\"gb-button-wrapper gb-button-wrapper-cb405105\">\n\n<a class=\"gb-button gb-button-79d82b15 gb-button-text\" href=\"https:\/\/metaquip.nl\/it\/macchine-per-il-taglio-laser-a-fibra-taglio-laser-per-metalli\/\">Portafoglio completo di laser a fibra<\/a>\n\n<\/div>\n\n\n<div style=\"height:40px\" aria-hidden=\"true\" class=\"wp-block-spacer\"><\/div>\n\n<\/div><\/div><\/div>\n\n<div class=\"gb-grid-column gb-grid-column-b3c9040b\"><div class=\"gb-container gb-container-b3c9040b\"><div class=\"gb-inside-container\">\n<div class=\"wp-block-image\">\n<figure class=\"aligncenter size-large is-resized\"><img loading=\"lazy\" decoding=\"async\" width=\"800\" height=\"800\" src=\"https:\/\/metaquip.nl\/wp-content\/uploads\/2021\/04\/1510-hero-800x800.png\" alt=\"Taglio laser di produzione FC1510 metallo\" class=\"wp-image-15154\" style=\"width:454px;height:454px\" srcset=\"https:\/\/metaquip.nl\/wp-content\/uploads\/2021\/04\/1510-hero-800x800.png 800w, https:\/\/metaquip.nl\/wp-content\/uploads\/2021\/04\/1510-hero-300x300.png 300w, https:\/\/metaquip.nl\/wp-content\/uploads\/2021\/04\/1510-hero-150x150.png 150w, https:\/\/metaquip.nl\/wp-content\/uploads\/2021\/04\/1510-hero-12x12.png 12w, https:\/\/metaquip.nl\/wp-content\/uploads\/2021\/04\/1510-hero-600x600.png 600w, https:\/\/metaquip.nl\/wp-content\/uploads\/2021\/04\/1510-hero-250x250.png 250w, https:\/\/metaquip.nl\/wp-content\/uploads\/2021\/04\/1510-hero-100x100.png 100w, https:\/\/metaquip.nl\/wp-content\/uploads\/2021\/04\/1510-hero.png 1000w\" sizes=\"auto, (max-width: 800px) 100vw, 800px\" \/><figcaption class=\"wp-element-caption\"><em>Tagliametalli laser fibra per lamiere piane<\/em><\/figcaption><\/figure>\n<\/div>\n<\/div><\/div><\/div>\n<\/div>\n\n<div class=\"gb-grid-wrapper gb-grid-wrapper-429adda1\">\n<div class=\"gb-grid-column gb-grid-column-1910be83\"><div class=\"gb-container gb-container-1910be83\"><div class=\"gb-inside-container\">\n<div class=\"wp-block-image\">\n<figure class=\"aligncenter size-large\"><img loading=\"lazy\" decoding=\"async\" width=\"800\" height=\"376\" src=\"https:\/\/metaquip.nl\/wp-content\/uploads\/2019\/08\/P2060A-2-800x376.png\" alt=\"Taglierina laser per tubi metallici\" class=\"wp-image-12036\" srcset=\"https:\/\/metaquip.nl\/wp-content\/uploads\/2019\/08\/P2060A-2-800x376.png 800w, https:\/\/metaquip.nl\/wp-content\/uploads\/2019\/08\/P2060A-2-300x141.png 300w, https:\/\/metaquip.nl\/wp-content\/uploads\/2019\/08\/P2060A-2-500x235.png 500w, https:\/\/metaquip.nl\/wp-content\/uploads\/2019\/08\/P2060A-2-100x47.png 100w, https:\/\/metaquip.nl\/wp-content\/uploads\/2019\/08\/P2060A-2-1200x564.png 1200w, https:\/\/metaquip.nl\/wp-content\/uploads\/2019\/08\/P2060A-2-600x282.png 600w\" sizes=\"auto, (max-width: 800px) 100vw, 800px\" \/><figcaption class=\"wp-element-caption\"><em>Taglio laser per tubi\/profili in metallo<\/em><\/figcaption><\/figure>\n<\/div>\n<\/div><\/div><\/div>\n\n<div class=\"gb-grid-column gb-grid-column-f8231f85\"><div class=\"gb-container gb-container-f8231f85\"><div class=\"gb-inside-container\">\n\n<h3 class=\"wp-block-heading\">Attrezzatura per il fitness con taglio laser a profilo e tubo in metallo<\/h3>\n\n\n\n<p>MetaQuip fornisce anche soluzioni per il taglio laser dei metalli di tubi e profili fino a lunghezze standard fino a 6 metri, ma \u00e8 possibile anche maggiori. Queste macchine sono utilizzate principalmente per applicazioni industriali. <\/p>\n\n\n\n<div style=\"height:40px\" aria-hidden=\"true\" class=\"wp-block-spacer\"><\/div>\n\n\n\n<figure class=\"wp-block-image size-large\"><img decoding=\"async\" src=\"https:\/\/metaquip.nl\/wp-content\/uploads\/2019\/08\/Metaal-buis-lasersnijden.jpg\" alt=\"\"\/><\/figure>\n\n\n\n<div style=\"height:40px\" aria-hidden=\"true\" class=\"wp-block-spacer\"><\/div>\n\n\n<div class=\"gb-button-wrapper gb-button-wrapper-7a2a036d\">\n\n<a class=\"gb-button gb-button-eb17bc71 gb-button-text\" href=\"https:\/\/metaquip.nl\/it\/prodotto\/macchina-per-il-taglio-di-tubi-laser-laser-per-tubi-in-fibra\/\">Taglio laser per tubi\/profili in metallo<\/a>\n\n<\/div>\n<\/div><\/div><\/div>\n<\/div>\n<\/div><\/div>","protected":false},"excerpt":{"rendered":"<p>Macchine laser adatte per attrezzature fitness per il taglio laser di tubi<\/p>","protected":false},"author":1,"featured_media":0,"parent":15971,"menu_order":2,"comment_status":"closed","ping_status":"closed","template":"","meta":{"footnotes":""},"class_list":["post-15998","page","type-page","status-publish"],"_links":{"self":[{"href":"https:\/\/metaquip.nl\/it\/wp-json\/wp\/v2\/pages\/15998","targetHints":{"allow":["GET"]}}],"collection":[{"href":"https:\/\/metaquip.nl\/it\/wp-json\/wp\/v2\/pages"}],"about":[{"href":"https:\/\/metaquip.nl\/it\/wp-json\/wp\/v2\/types\/page"}],"author":[{"embeddable":true,"href":"https:\/\/metaquip.nl\/it\/wp-json\/wp\/v2\/users\/1"}],"replies":[{"embeddable":true,"href":"https:\/\/metaquip.nl\/it\/wp-json\/wp\/v2\/comments?post=15998"}],"version-history":[{"count":1,"href":"https:\/\/metaquip.nl\/it\/wp-json\/wp\/v2\/pages\/15998\/revisions"}],"predecessor-version":[{"id":20035,"href":"https:\/\/metaquip.nl\/it\/wp-json\/wp\/v2\/pages\/15998\/revisions\/20035"}],"up":[{"embeddable":true,"href":"https:\/\/metaquip.nl\/it\/wp-json\/wp\/v2\/pages\/15971"}],"wp:attachment":[{"href":"https:\/\/metaquip.nl\/it\/wp-json\/wp\/v2\/media?parent=15998"}],"curies":[{"name":"wp","href":"https:\/\/api.w.org\/{rel}","templated":true}]}}