{"id":18423,"date":"2022-02-23T21:54:20","date_gmt":"2022-02-23T21:54:20","guid":{"rendered":"https:\/\/metaquip.nl\/?page_id=18423"},"modified":"2023-06-15T11:40:07","modified_gmt":"2023-06-15T11:40:07","slug":"riordinatore-di-bottiglie","status":"publish","type":"page","link":"https:\/\/metaquip.nl\/it\/innovatie-met-laser-techniek\/flessen-ontsleever\/","title":{"rendered":"Estrattore di bottiglie laser"},"content":{"rendered":"<div class=\"gb-container gb-container-dc0afe80\"><div class=\"gb-inside-container\">\n<div class=\"gb-grid-wrapper gb-grid-wrapper-90774f1d\">\n<div class=\"gb-grid-column gb-grid-column-fd45da5c\"><div class=\"gb-container gb-container-fd45da5c\"><div class=\"gb-inside-container\">\n\n<h2 class=\"wp-block-heading\">Estrattore di bottiglie per piccole serie<\/h2>\n\n\n\n<p>MetaQuip ha sviluppato in passato una slanciatrice per slanciare le bottiglie con tecnologia laser. La bottiglia con il film termoretraibile viene posizionata sul nastro, viene alimentata attraverso la macchina e staccata mediante tecnologia laser. Successivamente, il manicotto pu\u00f2 essere facilmente rimosso manualmente. Grande vantaggio della tecnologia laser: ogni bottiglia \u00e8 davvero staccata, nessuna lama si smussa e la vetreria rimane intatta.<\/p>\n\n\n<div class=\"gb-button-wrapper gb-button-wrapper-3e08bf11\">\n\n<a class=\"gb-button gb-button-642e7727 gb-button-text\" href=\"https:\/\/metaquip.nl\/it\/innovazione-con-la-tecnologia-laser\/termoretraibile-rimuove-laser-gande\/\">Maggiori informazioni sulla confezionatrice manuale<\/a>\n\n<\/div>\n<\/div><\/div><\/div>\n\n<div class=\"gb-grid-column gb-grid-column-f52e4931\"><div class=\"gb-container gb-container-f52e4931\"><div class=\"gb-inside-container\">\n<div class=\"wp-block-image\">\n<figure class=\"aligncenter size-large\"><img loading=\"lazy\" decoding=\"async\" width=\"800\" height=\"533\" src=\"https:\/\/metaquip.nl\/wp-content\/uploads\/2017\/10\/Gandea-inside-bottle-proc-800x533.jpg\" alt=\"Decomposizione completamente automatica con laser\" class=\"wp-image-10980\" srcset=\"https:\/\/metaquip.nl\/wp-content\/uploads\/2017\/10\/Gandea-inside-bottle-proc-800x533.jpg 800w, https:\/\/metaquip.nl\/wp-content\/uploads\/2017\/10\/Gandea-inside-bottle-proc-600x399.jpg 600w, https:\/\/metaquip.nl\/wp-content\/uploads\/2017\/10\/Gandea-inside-bottle-proc-300x200.jpg 300w, https:\/\/metaquip.nl\/wp-content\/uploads\/2017\/10\/Gandea-inside-bottle-proc-1000x667.jpg 1000w, https:\/\/metaquip.nl\/wp-content\/uploads\/2017\/10\/Gandea-inside-bottle-proc-500x333.jpg 500w, https:\/\/metaquip.nl\/wp-content\/uploads\/2017\/10\/Gandea-inside-bottle-proc-100x67.jpg 100w, https:\/\/metaquip.nl\/wp-content\/uploads\/2017\/10\/Gandea-inside-bottle-proc.jpg 1002w\" sizes=\"auto, (max-width: 800px) 100vw, 800px\" \/><figcaption class=\"wp-element-caption\"><em>Estrattore di bottiglie per piccole serie<\/em><\/figcaption><\/figure>\n<\/div>\n<\/div><\/div><\/div>\n<\/div>\n<\/div><\/div>\n\n<div class=\"gb-container gb-container-469f8408\"><div class=\"gb-inside-container\">\n<div class=\"gb-grid-wrapper gb-grid-wrapper-c8fce403\">\n<div class=\"gb-grid-column gb-grid-column-7a2ffdf1\"><div class=\"gb-container gb-container-7a2ffdf1\"><div class=\"gb-inside-container\">\n<div class=\"wp-block-image\">\n<figure class=\"aligncenter size-full is-resized\"><img loading=\"lazy\" decoding=\"async\" src=\"https:\/\/metaquip.nl\/wp-content\/uploads\/2022\/02\/products-type-shrink-2.png\" alt=\"Estrattore di bottiglie laser\" class=\"wp-image-18436\" width=\"318\" height=\"442\" srcset=\"https:\/\/metaquip.nl\/wp-content\/uploads\/2022\/02\/products-type-shrink-2.png 520w, https:\/\/metaquip.nl\/wp-content\/uploads\/2022\/02\/products-type-shrink-2-215x300.png 215w, https:\/\/metaquip.nl\/wp-content\/uploads\/2022\/02\/products-type-shrink-2-9x12.png 9w\" sizes=\"auto, (max-width: 318px) 100vw, 318px\" \/><figcaption class=\"wp-element-caption\"><em>Maniche termoretraibili<\/em><\/figcaption><\/figure>\n<\/div>\n<\/div><\/div><\/div>\n\n<div class=\"gb-grid-column gb-grid-column-19bbc91e\"><div class=\"gb-container gb-container-19bbc91e\"><div class=\"gb-inside-container\">\n\n<h2 class=\"wp-block-heading\">Uso crescente di pellicola termoretraibile<\/h2>\n\n\n\n<p>Sempre di pi\u00f9 vengono utilizzati <a href=\"https:\/\/nl.wikipedia.org\/wiki\/Krimpfolie\" target=\"_blank\" rel=\"noopener\">involucri termoretraibili<\/a> per fornire alle bottiglie impronta e informazioni. <\/p>\n\n\n\n<p>L&#039;involucro termoretraibile \u00e8 una pellicola di plastica trasparente per avvolgere il materiale. Quando viene riscaldata, la pellicola si restringe strettamente attorno al materiale confezionato. La pellicola termoretraibile viene utilizzata, ad esempio, per imballare scatole, lattine o pallet carichi. Il film termoretraibile viene applicato sopra o intorno al materiale da confezionare, spesso con apparecchiature automatiche. Viene quindi passato attraverso un tunnel riscaldato o un forno per restringersi. <\/p>\n\n\n\n<p>Aumentare i volumi di produzione e rimuovere manualmente le maniche delle bottiglie durante il processo di riciclaggio non \u00e8 pi\u00f9 un&#039;opzione. <\/p>\n\n<\/div><\/div><\/div>\n<\/div>\n<\/div><\/div>\n\n<div class=\"gb-container gb-container-0e6ba2e9\"><div class=\"gb-inside-container\">\n\n<h2 class=\"gb-headline gb-headline-d6dd0fad gb-headline-text\">Macchina per la produzione di riordinatore di bottiglie laser<\/h2>\n\n\n\n<p class=\"has-text-align-center\">A MetaQuip \u00e8 stato chiesto di trovare una soluzione per un pelabottiglie che utilizza la tecnologia laser che pu\u00f2 essere utilizzata per la produzione in serie. I punti di partenza del cliente erano lo sviluppo di una macchina con la quale le maniche di film termoretraibile possono essere completamente rimosse dalla macchina ad alta velocit\u00e0, la piena integrazione della macchina nella linea di produzione e le bottiglie devono rimanere verticali durante l&#039;intero processo di desleeving.<\/p>\n\n\n<div class=\"wp-block-image\">\n<figure class=\"aligncenter size-large\"><img loading=\"lazy\" decoding=\"async\" width=\"800\" height=\"600\" src=\"https:\/\/metaquip.nl\/wp-content\/uploads\/2022\/02\/laser-flessen-ontsleever-front-800x600.jpg\" alt=\"Produzione di smembramento di bottiglie laser\" class=\"wp-image-18430\" srcset=\"https:\/\/metaquip.nl\/wp-content\/uploads\/2022\/02\/laser-flessen-ontsleever-front-800x600.jpg 800w, https:\/\/metaquip.nl\/wp-content\/uploads\/2022\/02\/laser-flessen-ontsleever-front-300x225.jpg 300w, https:\/\/metaquip.nl\/wp-content\/uploads\/2022\/02\/laser-flessen-ontsleever-front-1536x1152.jpg 1536w, https:\/\/metaquip.nl\/wp-content\/uploads\/2022\/02\/laser-flessen-ontsleever-front-16x12.jpg 16w, https:\/\/metaquip.nl\/wp-content\/uploads\/2022\/02\/laser-flessen-ontsleever-front-600x450.jpg 600w, https:\/\/metaquip.nl\/wp-content\/uploads\/2022\/02\/laser-flessen-ontsleever-front.jpg 2000w\" sizes=\"auto, (max-width: 800px) 100vw, 800px\" \/><figcaption class=\"wp-element-caption\"><em>Macchina per la produzione di riordinatore di bottiglie laser<\/em><\/figcaption><\/figure>\n<\/div>\n<\/div><\/div>\n\n<div class=\"gb-container gb-container-6de2b539\"><div class=\"gb-inside-container\">\n<div class=\"gb-grid-wrapper gb-grid-wrapper-1657b41b\">\n<div class=\"gb-grid-column gb-grid-column-5fb069d9\"><div class=\"gb-container gb-container-5fb069d9\"><div class=\"gb-inside-container\">\n\n<h2 class=\"wp-block-heading\">Sviluppo su specifica del cliente<\/h2>\n\n\n\n<p>MetaQuip ha realizzato una serie di concetti iniziali basati sulle esigenze e sui desideri del cliente, per poi svilupparli ulteriormente in collaborazione con il cliente. La macchina \u00e8 stata quindi ulteriormente progettata, costruita e ampiamente testata. Mettendo in parallelo pi\u00f9 laser \u00e8 possibile ottenere la capacit\u00e0 produttiva desiderata.<\/p>\n\n<\/div><\/div><\/div>\n\n<div class=\"gb-grid-column gb-grid-column-f9ef736c\"><div class=\"gb-container gb-container-f9ef736c\"><div class=\"gb-inside-container\">\n\n<figure class=\"wp-block-embed is-type-video is-provider-youtube wp-block-embed-youtube wp-embed-aspect-16-9 wp-has-aspect-ratio\"><div class=\"wp-block-embed__wrapper\">\n<iframe loading=\"lazy\" title=\"Svuota bottiglia laser\" width=\"1200\" height=\"675\" src=\"https:\/\/www.youtube.com\/embed\/UBMvITWkUfA?feature=oembed&#038;enablejsapi=1&#038;origin=https:\/\/metaquip.nl\" frameborder=\"0\" allow=\"accelerometer; autoplay; clipboard-write; encrypted-media; gyroscope; picture-in-picture\" allowfullscreen><\/iframe>\n<\/div><figcaption class=\"wp-element-caption\"><em>Estrattore di bottiglie laser in azione<\/em><\/figcaption><\/figure>\n\n<\/div><\/div><\/div>\n<\/div>\n<\/div><\/div>\n\n<div class=\"gb-container gb-container-0ebe83a5\"><div class=\"gb-inside-container\">\n\n<h2 class=\"wp-block-heading has-text-align-center\">Spelafili per film termoretraibile a laser da impronta nella linea di produzione<\/h2>\n\n\n\n<figure class=\"wp-block-gallery has-nested-images columns-default is-cropped wp-block-gallery-1 is-layout-flex wp-block-gallery-is-layout-flex\">\n<figure class=\"wp-block-image size-large\"><img loading=\"lazy\" decoding=\"async\" width=\"1000\" height=\"750\" data-id=\"18426\" src=\"https:\/\/metaquip.nl\/wp-content\/uploads\/2022\/02\/bottle-desleever-hero.jpg\" alt=\"Estrattore di bottiglie laser\" class=\"wp-image-18426\" srcset=\"https:\/\/metaquip.nl\/wp-content\/uploads\/2022\/02\/bottle-desleever-hero.jpg 1000w, https:\/\/metaquip.nl\/wp-content\/uploads\/2022\/02\/bottle-desleever-hero-300x225.jpg 300w, https:\/\/metaquip.nl\/wp-content\/uploads\/2022\/02\/bottle-desleever-hero-800x600.jpg 800w, https:\/\/metaquip.nl\/wp-content\/uploads\/2022\/02\/bottle-desleever-hero-16x12.jpg 16w, https:\/\/metaquip.nl\/wp-content\/uploads\/2022\/02\/bottle-desleever-hero-600x450.jpg 600w\" sizes=\"auto, (max-width: 1000px) 100vw, 1000px\" \/><figcaption class=\"wp-element-caption\">Estrattore di bottiglie in funzione<\/figcaption><\/figure>\n\n\n\n<figure class=\"wp-block-image size-large\"><img loading=\"lazy\" decoding=\"async\" width=\"1000\" height=\"750\" data-id=\"18427\" src=\"https:\/\/metaquip.nl\/wp-content\/uploads\/2022\/02\/bottle-desleever-inline.jpg\" alt=\"Sperimentare bottiglie di birra con i laser\" class=\"wp-image-18427\" srcset=\"https:\/\/metaquip.nl\/wp-content\/uploads\/2022\/02\/bottle-desleever-inline.jpg 1000w, https:\/\/metaquip.nl\/wp-content\/uploads\/2022\/02\/bottle-desleever-inline-300x225.jpg 300w, https:\/\/metaquip.nl\/wp-content\/uploads\/2022\/02\/bottle-desleever-inline-800x600.jpg 800w, https:\/\/metaquip.nl\/wp-content\/uploads\/2022\/02\/bottle-desleever-inline-16x12.jpg 16w, https:\/\/metaquip.nl\/wp-content\/uploads\/2022\/02\/bottle-desleever-inline-600x450.jpg 600w\" sizes=\"auto, (max-width: 1000px) 100vw, 1000px\" \/><figcaption class=\"wp-element-caption\">Riordinatore di bottiglie nella linea di produzione<\/figcaption><\/figure>\n\n\n\n<figure class=\"wp-block-image size-large\"><img loading=\"lazy\" decoding=\"async\" width=\"1000\" height=\"750\" data-id=\"18428\" src=\"https:\/\/metaquip.nl\/wp-content\/uploads\/2022\/02\/bottle-ontsleever-in-actie.jpg\" alt=\"Le bottiglie sperimentano la tecnologia laser\" class=\"wp-image-18428\" srcset=\"https:\/\/metaquip.nl\/wp-content\/uploads\/2022\/02\/bottle-ontsleever-in-actie.jpg 1000w, https:\/\/metaquip.nl\/wp-content\/uploads\/2022\/02\/bottle-ontsleever-in-actie-300x225.jpg 300w, https:\/\/metaquip.nl\/wp-content\/uploads\/2022\/02\/bottle-ontsleever-in-actie-800x600.jpg 800w, https:\/\/metaquip.nl\/wp-content\/uploads\/2022\/02\/bottle-ontsleever-in-actie-16x12.jpg 16w, https:\/\/metaquip.nl\/wp-content\/uploads\/2022\/02\/bottle-ontsleever-in-actie-600x450.jpg 600w\" sizes=\"auto, (max-width: 1000px) 100vw, 1000px\" \/><figcaption class=\"wp-element-caption\">Bottiglie di birra con importazione di macchine termoretraibili<\/figcaption><\/figure>\n\n\n\n<figure class=\"wp-block-image size-large\"><img loading=\"lazy\" decoding=\"async\" width=\"1000\" height=\"750\" data-id=\"18429\" src=\"https:\/\/metaquip.nl\/wp-content\/uploads\/2022\/02\/flessen-ontsleever-in-bedrijf.jpg\" alt=\"Estrattore di bottiglie laser in funzione\" class=\"wp-image-18429\" srcset=\"https:\/\/metaquip.nl\/wp-content\/uploads\/2022\/02\/flessen-ontsleever-in-bedrijf.jpg 1000w, https:\/\/metaquip.nl\/wp-content\/uploads\/2022\/02\/flessen-ontsleever-in-bedrijf-300x225.jpg 300w, https:\/\/metaquip.nl\/wp-content\/uploads\/2022\/02\/flessen-ontsleever-in-bedrijf-800x600.jpg 800w, https:\/\/metaquip.nl\/wp-content\/uploads\/2022\/02\/flessen-ontsleever-in-bedrijf-16x12.jpg 16w, https:\/\/metaquip.nl\/wp-content\/uploads\/2022\/02\/flessen-ontsleever-in-bedrijf-600x450.jpg 600w\" sizes=\"auto, (max-width: 1000px) 100vw, 1000px\" \/><figcaption class=\"wp-element-caption\">Soluzione completa per la durata della bottiglia<\/figcaption><\/figure>\n<\/figure>\n\n<\/div><\/div>","protected":false},"excerpt":{"rendered":"<p>A MetaQuip \u00e8 stato chiesto di sviluppare una macchina laser per la sbozzimatura di bottiglie per produzioni ad alto volume. L&#039;obiettivo del cliente era sviluppare una macchina in grado di rimuovere meccanicamente le fascette termoretraibili ad alta velocit\u00e0, integrando completamente... <\/p>\n<p class=\"read-more-container\"><a title=\"Estrattore di bottiglie laser\" class=\"read-more button\" href=\"https:\/\/metaquip.nl\/it\/innovatie-met-laser-techniek\/flessen-ontsleever\/#more-18423\" aria-label=\"Per saperne di pi\u00f9 su Pelatrice laser per bottiglie\">Leggi tutto<\/a><\/p>","protected":false},"author":1,"featured_media":18426,"parent":10917,"menu_order":0,"comment_status":"closed","ping_status":"closed","template":"","meta":{"footnotes":""},"class_list":["post-18423","page","type-page","status-publish","has-post-thumbnail"],"_links":{"self":[{"href":"https:\/\/metaquip.nl\/it\/wp-json\/wp\/v2\/pages\/18423","targetHints":{"allow":["GET"]}}],"collection":[{"href":"https:\/\/metaquip.nl\/it\/wp-json\/wp\/v2\/pages"}],"about":[{"href":"https:\/\/metaquip.nl\/it\/wp-json\/wp\/v2\/types\/page"}],"author":[{"embeddable":true,"href":"https:\/\/metaquip.nl\/it\/wp-json\/wp\/v2\/users\/1"}],"replies":[{"embeddable":true,"href":"https:\/\/metaquip.nl\/it\/wp-json\/wp\/v2\/comments?post=18423"}],"version-history":[{"count":1,"href":"https:\/\/metaquip.nl\/it\/wp-json\/wp\/v2\/pages\/18423\/revisions"}],"predecessor-version":[{"id":19649,"href":"https:\/\/metaquip.nl\/it\/wp-json\/wp\/v2\/pages\/18423\/revisions\/19649"}],"up":[{"embeddable":true,"href":"https:\/\/metaquip.nl\/it\/wp-json\/wp\/v2\/pages\/10917"}],"wp:featuredmedia":[{"embeddable":true,"href":"https:\/\/metaquip.nl\/it\/wp-json\/wp\/v2\/media\/18426"}],"wp:attachment":[{"href":"https:\/\/metaquip.nl\/it\/wp-json\/wp\/v2\/media?parent=18423"}],"curies":[{"name":"wp","href":"https:\/\/api.w.org\/{rel}","templated":true}]}}