{"id":18761,"date":"2022-06-15T10:26:29","date_gmt":"2022-06-15T10:26:29","guid":{"rendered":"https:\/\/metaquip.nl\/?page_id=18761"},"modified":"2024-02-18T14:03:05","modified_gmt":"2024-02-18T14:03:05","slug":"fc2010-macchina-da-taglio-laser-fibra-per-metalli","status":"publish","type":"page","link":"https:\/\/metaquip.nl\/it\/fc2010-fiber-laser-snijmachine-voor-metaal\/","title":{"rendered":"FC2010 Macchina da taglio laser fibra per metallo"},"content":{"rendered":"<div class=\"gb-container gb-container-a13fcf59\"><div class=\"gb-inside-container\">\n<div class=\"gb-grid-wrapper gb-grid-wrapper-c4670106\">\n<div class=\"gb-grid-column gb-grid-column-1c317d98\"><div class=\"gb-container gb-container-1c317d98\"><div class=\"gb-inside-container\">\n\n<h2 class=\"gb-headline gb-headline-bfe6f744 gb-headline-text\">Perfetto per piccole tirature e prototipazione<\/h2>\n\n\n\n<p>La macchina da taglio laser fibra per metallo FC2010 \u00e8 una macchina laser progettata per produzioni piccole e flessibili, ma con la velocit\u00e0 e la precisione delle macchine da taglio laser per metallo pi\u00f9 grandi come FC3015 e FC4020.<\/p>\n\n\n\n<h3 class=\"wp-block-heading\">Alta velocit\u00e0. Alta precisione.<\/h3>\n\n\n\n<p>Grazie al telaio estremamente rigido, utilizzato anche per le grandi macchine da taglio laser per metallo, l&#039;FC2010 pu\u00f2 tagliare con elevata velocit\u00e0 e precisione. <\/p>\n\n\n\n<h3 class=\"wp-block-heading\">Porte scorrevoli automatiche<\/h3>\n\n\n\n<p>Le porte scorrevoli si aprono e si chiudono in modo completamente automatico.<\/p>\n\n<\/div><\/div><\/div>\n\n<div class=\"gb-grid-column gb-grid-column-b4796d2f\"><div class=\"gb-container gb-container-b4796d2f\"><div class=\"gb-inside-container\">\n\n<figure class=\"wp-block-embed is-type-video is-provider-youtube wp-block-embed-youtube wp-embed-aspect-16-9 wp-has-aspect-ratio\"><div class=\"wp-block-embed__wrapper\">\n<iframe loading=\"lazy\" title=\"MetaQuip FC2010 Taglierina per metalli a fibra laser - Serie di produzione\" width=\"1200\" height=\"675\" src=\"https:\/\/www.youtube.com\/embed\/qrMAjRUXvYg?feature=oembed&#038;enablejsapi=1&#038;origin=https:\/\/metaquip.nl\" frameborder=\"0\" allow=\"accelerometer; autoplay; clipboard-write; encrypted-media; gyroscope; picture-in-picture\" allowfullscreen><\/iframe>\n<\/div><\/figure>\n\n<\/div><\/div><\/div>\n<\/div>\n\n<div class=\"gb-grid-wrapper gb-grid-wrapper-05995e04\">\n<div class=\"gb-grid-column gb-grid-column-8668088a\"><div class=\"gb-container gb-container-8668088a\"><div class=\"gb-inside-container\">\n<div class=\"wp-block-image\">\n<figure class=\"aligncenter size-large\"><img loading=\"lazy\" decoding=\"async\" width=\"800\" height=\"477\" src=\"https:\/\/metaquip.nl\/wp-content\/uploads\/2022\/06\/fc2010inside-800x477.jpg\" alt=\"FC2010 Macchina da taglio laser fibra per piano di lavoro allungabile in metallo di 200 x 100 cm\" class=\"wp-image-18768\" srcset=\"https:\/\/metaquip.nl\/wp-content\/uploads\/2022\/06\/fc2010inside-800x477.jpg 800w, https:\/\/metaquip.nl\/wp-content\/uploads\/2022\/06\/fc2010inside-300x179.jpg 300w, https:\/\/metaquip.nl\/wp-content\/uploads\/2022\/06\/fc2010inside-1536x916.jpg 1536w, https:\/\/metaquip.nl\/wp-content\/uploads\/2022\/06\/fc2010inside-18x12.jpg 18w, https:\/\/metaquip.nl\/wp-content\/uploads\/2022\/06\/fc2010inside-600x358.jpg 600w, https:\/\/metaquip.nl\/wp-content\/uploads\/2022\/06\/fc2010inside.jpg 1676w\" sizes=\"auto, (max-width: 800px) 100vw, 800px\" \/><figcaption class=\"wp-element-caption\"><em>Piano di lavoro allungabile di 2000 x 1000 mm<\/em><\/figcaption><\/figure>\n<\/div>\n<\/div><\/div><\/div>\n\n<div class=\"gb-grid-column gb-grid-column-1e1a1502\"><div class=\"gb-container gb-container-1e1a1502\"><div class=\"gb-inside-container\">\n\n<h2 class=\"wp-block-heading\">letto di lavoro <\/h2>\n\n\n\n<h3 class=\"wp-block-heading\">Dimensioni del letto di lavoro di 200 x 100 cm<\/h3>\n\n\n\n<p>Il MetaQuip FC2010 ha un piano di lavoro di 2000 x 1000 mm. Ci\u00f2 consente di lavorare direttamente lamiere di formato standard senza perdite di taglio. <\/p>\n\n\n\n<h3 class=\"wp-block-heading\">Letto da lavoro allungabile<\/h3>\n\n\n\n<p>L&#039;FC2010 dispone di un piano di lavoro estensibile fissato pneumaticamente alle estremit\u00e0, in modo da garantire sicurezza e stabilit\u00e0.<\/p>\n\n<\/div><\/div><\/div>\n<\/div>\n\n<div class=\"gb-grid-wrapper gb-grid-wrapper-99f6c086\">\n<div class=\"gb-grid-column gb-grid-column-69561689\"><div class=\"gb-container gb-container-69561689\"><div class=\"gb-inside-container\">\n\n<h2 class=\"wp-block-heading\">Pannello di controllo centrale<\/h2>\n\n\n\n<p>La macchina per il taglio laser fibra per metallo FC2010 ha un pannello di controllo centrale da cui la macchina \u00e8 completamente azionata e il processo laser pu\u00f2 essere monitorato.<\/p>\n\n<\/div><\/div><\/div>\n\n<div class=\"gb-grid-column gb-grid-column-922ef8c3\"><div class=\"gb-container gb-container-922ef8c3\"><div class=\"gb-inside-container\">\n<div class=\"wp-block-image\">\n<figure class=\"aligncenter size-large is-resized\"><img loading=\"lazy\" decoding=\"async\" width=\"600\" height=\"800\" src=\"https:\/\/metaquip.nl\/wp-content\/uploads\/2022\/06\/fc2010-screen-600x800.jpg\" alt=\"FC2010 Macchina da taglio laser fibra per pannello di controllo centrale in metallo\" class=\"wp-image-18769\" style=\"width:-353px;height:-471px\" srcset=\"https:\/\/metaquip.nl\/wp-content\/uploads\/2022\/06\/fc2010-screen-600x800.jpg 600w, https:\/\/metaquip.nl\/wp-content\/uploads\/2022\/06\/fc2010-screen-225x300.jpg 225w, https:\/\/metaquip.nl\/wp-content\/uploads\/2022\/06\/fc2010-screen-9x12.jpg 9w, https:\/\/metaquip.nl\/wp-content\/uploads\/2022\/06\/fc2010-screen.jpg 750w\" sizes=\"auto, (max-width: 600px) 100vw, 600px\" \/><figcaption class=\"wp-element-caption\"><em>Pannello di controllo a vista completa<\/em><\/figcaption><\/figure>\n<\/div>\n<\/div><\/div><\/div>\n<\/div>\n\n<div class=\"gb-grid-wrapper gb-grid-wrapper-2640f5a7\">\n<div class=\"gb-grid-column gb-grid-column-61710952\"><div class=\"gb-container gb-container-61710952\"><div class=\"gb-inside-container\">\n<div class=\"wp-block-image\">\n<figure class=\"aligncenter size-large is-resized\"><img loading=\"lazy\" decoding=\"async\" width=\"800\" height=\"639\" src=\"https:\/\/metaquip.nl\/wp-content\/uploads\/2022\/06\/fc2010-insidecamera-800x639.jpg\" alt=\"FC2010 Macchina da taglio laser fibra per quadro elettrico con 4 telecamere HD\" class=\"wp-image-18770\" style=\"width:367px;height:293px\" srcset=\"https:\/\/metaquip.nl\/wp-content\/uploads\/2022\/06\/fc2010-insidecamera-800x639.jpg 800w, https:\/\/metaquip.nl\/wp-content\/uploads\/2022\/06\/fc2010-insidecamera-300x240.jpg 300w, https:\/\/metaquip.nl\/wp-content\/uploads\/2022\/06\/fc2010-insidecamera-15x12.jpg 15w, https:\/\/metaquip.nl\/wp-content\/uploads\/2022\/06\/fc2010-insidecamera-600x479.jpg 600w, https:\/\/metaquip.nl\/wp-content\/uploads\/2022\/06\/fc2010-insidecamera.jpg 1000w\" sizes=\"auto, (max-width: 800px) 100vw, 800px\" \/><figcaption class=\"wp-element-caption\"><em>4 telecamere HD<\/em><\/figcaption><\/figure>\n<\/div>\n<\/div><\/div><\/div>\n\n<div class=\"gb-grid-column gb-grid-column-44aa2211\"><div class=\"gb-container gb-container-44aa2211\"><div class=\"gb-inside-container\">\n\n<h2 class=\"wp-block-heading\">Perfetta visione del pezzo<\/h2>\n\n\n\n<p>Grazie alle 4 telecamere HD che sono poste a bordo macchina, puoi seguire nel dettaglio il processo laser dal pannello di controllo e intervenire quando necessario.<\/p>\n\n<\/div><\/div><\/div>\n<\/div>\n\n<div class=\"gb-grid-wrapper gb-grid-wrapper-0ceab66c\">\n<div class=\"gb-grid-column gb-grid-column-a1259cd4\"><div class=\"gb-container gb-container-a1259cd4\"><div class=\"gb-inside-container\">\n\n<h2 class=\"wp-block-heading\">Sicurezza<\/h2>\n\n\n\n<p>La macchina \u00e8 conforme alle linee guida CE sulle macchine e a tutti i requisiti di sicurezza applicabili come la sicurezza dei laser e delle macchine. Questo \u00e8 stato approvato da organismi indipendenti.<\/p>\n\n<\/div><\/div><\/div>\n\n<div class=\"gb-grid-column gb-grid-column-da22b7ae\"><div class=\"gb-container gb-container-da22b7ae\"><div class=\"gb-inside-container\">\n<div class=\"wp-block-image\">\n<figure class=\"aligncenter size-large is-resized\"><img loading=\"lazy\" decoding=\"async\" width=\"600\" height=\"800\" src=\"https:\/\/metaquip.nl\/wp-content\/uploads\/2022\/06\/fc2010-lightcurtain-600x800.jpg\" alt=\"\" class=\"wp-image-18772\" style=\"width:300px;height:400px\" srcset=\"https:\/\/metaquip.nl\/wp-content\/uploads\/2022\/06\/fc2010-lightcurtain-600x800.jpg 600w, https:\/\/metaquip.nl\/wp-content\/uploads\/2022\/06\/fc2010-lightcurtain-225x300.jpg 225w, https:\/\/metaquip.nl\/wp-content\/uploads\/2022\/06\/fc2010-lightcurtain-9x12.jpg 9w, https:\/\/metaquip.nl\/wp-content\/uploads\/2022\/06\/fc2010-lightcurtain.jpg 750w\" sizes=\"auto, (max-width: 600px) 100vw, 600px\" \/><figcaption class=\"wp-element-caption\"><em>Tenda di sicurezza<\/em><\/figcaption><\/figure>\n<\/div>\n<\/div><\/div><\/div>\n<\/div>\n\n<div class=\"gb-grid-wrapper gb-grid-wrapper-52eb1d1c\">\n<div class=\"gb-grid-column gb-grid-column-dd88f5b7\"><div class=\"gb-container gb-container-dd88f5b7\"><div class=\"gb-inside-container\">\n<div class=\"wp-block-image\">\n<figure class=\"aligncenter size-large\"><img loading=\"lazy\" decoding=\"async\" width=\"800\" height=\"600\" src=\"https:\/\/metaquip.nl\/wp-content\/uploads\/2022\/06\/installed-machine-800x600.jpg\" alt=\"Taglierina in fibra metallica installata presso il cliente\" class=\"wp-image-18802\" srcset=\"https:\/\/metaquip.nl\/wp-content\/uploads\/2022\/06\/installed-machine-800x600.jpg 800w, https:\/\/metaquip.nl\/wp-content\/uploads\/2022\/06\/installed-machine-300x225.jpg 300w, https:\/\/metaquip.nl\/wp-content\/uploads\/2022\/06\/installed-machine-16x12.jpg 16w, https:\/\/metaquip.nl\/wp-content\/uploads\/2022\/06\/installed-machine-600x450.jpg 600w, https:\/\/metaquip.nl\/wp-content\/uploads\/2022\/06\/installed-machine.jpg 1000w\" sizes=\"auto, (max-width: 800px) 100vw, 800px\" \/><figcaption class=\"wp-element-caption\"><em>FC2010 installato presso il cliente<\/em><\/figcaption><\/figure>\n<\/div>\n<\/div><\/div><\/div>\n\n<div class=\"gb-grid-column gb-grid-column-d91fef03\"><div class=\"gb-container gb-container-d91fef03\"><div class=\"gb-inside-container\">\n\n<h2 class=\"wp-block-heading\">Installazione e formazione<\/h2>\n\n\n\n<p>Dopo che la macchina \u00e8 stata rilasciata presso MetaQuip, viene trasportata e installata presso il cliente. Dopo l&#039;installazione, il tagliafibra viene ampiamente testato. <\/p>\n\n\n\n<p>Dopo che la macchina \u00e8 stata rilasciata, MetaQuip fornisce una formazione di base in modo da poter lavorare immediatamente con la macchina.<\/p>\n\n<\/div><\/div><\/div>\n<\/div>\n\n<div class=\"gb-grid-wrapper gb-grid-wrapper-69090b7d\">\n<div class=\"gb-grid-column gb-grid-column-5d170f6d\"><div class=\"gb-container gb-container-5d170f6d\"><div class=\"gb-inside-container\">\n\n<h2 class=\"wp-block-heading\">Risultati di taglio Acciaio inossidabile da 10 mm<\/h2>\n\n\n\n<p>I primi risultati di taglio dopo l&#039;installazione della macchina presso il cliente. Il cliente, uno dei principali attori del settore alimentare, utilizza la macchina da taglio laser fibra FC2010 per metallo per la prototipazione rapida e piccole serie fino a 10.000 pezzi all&#039;anno. Produzione che era stata precedentemente esternalizzata.<\/p>\n\n<\/div><\/div><\/div>\n\n<div class=\"gb-grid-column gb-grid-column-9ea6a957\"><div class=\"gb-container gb-container-9ea6a957\"><div class=\"gb-inside-container\">\n<div class=\"wp-block-image\">\n<figure class=\"aligncenter size-large is-resized\"><img loading=\"lazy\" decoding=\"async\" width=\"796\" height=\"800\" src=\"https:\/\/metaquip.nl\/wp-content\/uploads\/2022\/06\/10mmrvs-796x800.jpg\" alt=\"Taglio laser in acciaio inox da 10 mm\" class=\"wp-image-18797\" style=\"width:300px;height:301px\" srcset=\"https:\/\/metaquip.nl\/wp-content\/uploads\/2022\/06\/10mmrvs-796x800.jpg 796w, https:\/\/metaquip.nl\/wp-content\/uploads\/2022\/06\/10mmrvs-150x150.jpg 150w, https:\/\/metaquip.nl\/wp-content\/uploads\/2022\/06\/10mmrvs-12x12.jpg 12w, https:\/\/metaquip.nl\/wp-content\/uploads\/2022\/06\/10mmrvs-250x250.jpg 250w, https:\/\/metaquip.nl\/wp-content\/uploads\/2022\/06\/10mmrvs-600x603.jpg 600w, https:\/\/metaquip.nl\/wp-content\/uploads\/2022\/06\/10mmrvs-100x100.jpg 100w, https:\/\/metaquip.nl\/wp-content\/uploads\/2022\/06\/10mmrvs.jpg 1000w\" sizes=\"auto, (max-width: 796px) 100vw, 796px\" \/><figcaption class=\"wp-element-caption\">Taglio laser in acciaio inox da 10 mm<\/figcaption><\/figure>\n<\/div>\n<\/div><\/div><\/div>\n<\/div>\n<\/div><\/div>","protected":false},"excerpt":{"rendered":"","protected":false},"author":1,"featured_media":15108,"parent":0,"menu_order":1,"comment_status":"closed","ping_status":"closed","template":"","meta":{"footnotes":""},"class_list":["post-18761","page","type-page","status-publish","has-post-thumbnail"],"_links":{"self":[{"href":"https:\/\/metaquip.nl\/it\/wp-json\/wp\/v2\/pages\/18761","targetHints":{"allow":["GET"]}}],"collection":[{"href":"https:\/\/metaquip.nl\/it\/wp-json\/wp\/v2\/pages"}],"about":[{"href":"https:\/\/metaquip.nl\/it\/wp-json\/wp\/v2\/types\/page"}],"author":[{"embeddable":true,"href":"https:\/\/metaquip.nl\/it\/wp-json\/wp\/v2\/users\/1"}],"replies":[{"embeddable":true,"href":"https:\/\/metaquip.nl\/it\/wp-json\/wp\/v2\/comments?post=18761"}],"version-history":[{"count":1,"href":"https:\/\/metaquip.nl\/it\/wp-json\/wp\/v2\/pages\/18761\/revisions"}],"predecessor-version":[{"id":20233,"href":"https:\/\/metaquip.nl\/it\/wp-json\/wp\/v2\/pages\/18761\/revisions\/20233"}],"wp:featuredmedia":[{"embeddable":true,"href":"https:\/\/metaquip.nl\/it\/wp-json\/wp\/v2\/media\/15108"}],"wp:attachment":[{"href":"https:\/\/metaquip.nl\/it\/wp-json\/wp\/v2\/media?parent=18761"}],"curies":[{"name":"wp","href":"https:\/\/api.w.org\/{rel}","templated":true}]}}