{"id":8172,"date":"2015-06-30T19:59:40","date_gmt":"2015-06-30T19:59:40","guid":{"rendered":"https:\/\/metaquip.nl\/?page_id=8172"},"modified":"2024-02-26T18:37:38","modified_gmt":"2024-02-26T18:37:38","slug":"incisione-laser-del-vetro","status":"publish","type":"page","link":"https:\/\/metaquip.nl\/it\/uv-laser-machines\/toepassing\/glas-lasergraveren\/","title":{"rendered":"Incisione laser su vetro"},"content":{"rendered":"<div class=\"gb-container gb-container-47ea4096\"><div class=\"gb-inside-container\">\n<div class=\"wp-block-image\">\n<figure class=\"aligncenter\"><img loading=\"lazy\" decoding=\"async\" width=\"685\" height=\"286\" src=\"https:\/\/metaquip.nl\/wp-content\/uploads\/2015\/06\/lasergraveren-van-glas.jpg\" alt=\"incisione laser del vetro\" class=\"wp-image-8178\" srcset=\"https:\/\/metaquip.nl\/wp-content\/uploads\/2015\/06\/lasergraveren-van-glas.jpg 685w, https:\/\/metaquip.nl\/wp-content\/uploads\/2015\/06\/lasergraveren-van-glas-600x251.jpg 600w, https:\/\/metaquip.nl\/wp-content\/uploads\/2015\/06\/lasergraveren-van-glas-300x125.jpg 300w, https:\/\/metaquip.nl\/wp-content\/uploads\/2015\/06\/lasergraveren-van-glas-100x42.jpg 100w\" sizes=\"auto, (max-width: 685px) 100vw, 685px\" \/><figcaption class=\"wp-element-caption\"><em>Incisione laser del vetro con laser CO2 o UV (pi\u00f9 dettagliato e solitamente pi\u00f9 adatto per vetri a parete sottile)<\/em><\/figcaption><\/figure>\n<\/div>\n\n\n<h2 class=\"wp-block-heading\">Incisione e incisione laser su cristallo e vetro<\/h2>\n\n\n\n<p>L&#039;incisione laser del vetro con la tecnologia laser offre un&#039;incredibile libert\u00e0 di progettazione. Anche le foto e le immagini pi\u00f9 dettagliate vengono incise con alta precisione su bicchieri da vino, bicchieri da birra, bottiglie o specchi. Qualsiasi disegno che pu\u00f2 essere stampato su vetro pu\u00f2 anche essere inciso con il laser. Il vantaggio principale dell&#039;incisione laser del vetro \u00e8 che non vengono aggiunti materiali\/inchiostri (potenzialmente inquinanti) e l&#039;incisione difficilmente si consuma nel tempo poich\u00e9 l&#039;incisione \u00e8 realmente nel materiale e ha anche un aspetto semplicemente chic. L&#039;incisione laser della vetreria \u00e8 rapida, inodore e pulita.<\/p>\n\n<\/div><\/div>\n\n<div class=\"gb-container gb-container-3131be33 full-width-woo\"><div class=\"gb-inside-container\">\n\n<h2 class=\"wp-block-heading has-text-align-center\">Preventivo, dimostrazione o prova la tua vetreria?&nbsp;<\/h2>\n\n\n\n<p class=\"has-text-align-center\">Sei il benvenuto per vedere se la tecnologia laser \u00e8 una soluzione adatta per la tua applicazione o applicazione di incisione. Porta con te il tuo design digitale o materiale a una dimostrazione e possiamo visualizzare il risultato sul posto.<\/p>\n\n\n<div class=\"gb-button-wrapper gb-button-wrapper-c631b38c\">\n\n<a class=\"gb-button gb-button-8f0c2224 gb-button-text\" href=\"https:\/\/metaquip.nl\/it\/contatto\/\">Fissa un appuntamento oggi stesso!<\/a>\n\n<\/div>\n<\/div><\/div>\n\n<div class=\"gb-container gb-container-c5613a64\"><div class=\"gb-inside-container\">\n<div class=\"gb-grid-wrapper gb-grid-wrapper-4eb7a089\">\n<div class=\"gb-grid-column gb-grid-column-3ead7d71\"><div class=\"gb-container gb-container-3ead7d71\"><div class=\"gb-inside-container\">\n\n<h2 class=\"wp-block-heading\">Tipi di vetro adatti per l&#039;incisione laser del vetro<\/h2>\n\n\n\n<ul class=\"wp-block-list\">\n<li>Vetro pressato<\/li>\n\n\n\n<li>vetro float<\/li>\n\n\n\n<li>cristallo<\/li>\n\n\n\n<li>vetro a specchio<\/li>\n<\/ul>\n\n\n\n<h3 class=\"wp-block-heading\">Incisione laser su vetro a pareti spesse<\/h3>\n\n\n\n<p>per il cosa <strong>lavori pi\u00f9 grossolani e vetreria a pareti spesse<\/strong> Nella maggior parte delle situazioni, un laser CO2 sar\u00e0 sufficiente. Le macchine standard LITE e PRODUCTION utilizzano una testa mobile. Funziona, ma non \u00e8 adatto per una produzione di volume maggiore. In tal caso, MetaQuip consiglia a <a href=\"https:\/\/metaquip.nl\/it\/prodotto\/macchina-per-incisione-laser-galvo-co2-ad-alta-velocita\/\">Macchina laser CO2 Galvo<\/a> a. Visualizza la panoramica completa della macchina laser CO2:<\/p>\n\n\n<div class=\"gb-button-wrapper gb-button-wrapper-58577bb8\">\n\n<a class=\"gb-button gb-button-7a76302d gb-button-text\" href=\"https:\/\/metaquip.nl\/it\/macchine-laser-co2\/\">Panoramica della macchina laser CO2<\/a>\n\n<\/div>\n\n\n<div style=\"height:36px\" aria-hidden=\"true\" class=\"wp-block-spacer\"><\/div>\n\n\n\n<h3 class=\"wp-block-heading\">Incisione laser su vetro a pareti sottili<\/h3>\n\n\n\n<p>Davanti <strong>vetreria a pareti sottili come bicchieri da vino<\/strong> \u00e8 in molti casi a <strong>Laser UV<\/strong> una soluzione pi\u00f9 adatta perch\u00e9 funziona in modo pi\u00f9 sottile, con meno potenza, con conseguente maggiore risoluzione e relativamente poco calore viene introdotto nel materiale, in modo da creare uno stress minimo del materiale. I laser UV funzionano anche con una testa a specchio senza ulteriori parti mobili, rendendo questa tecnica adatta anche per la produzione in serie.<\/p>\n\n\n<div class=\"gb-button-wrapper gb-button-wrapper-c0705913\">\n\n<a class=\"gb-button gb-button-39fd9673 gb-button-text\" href=\"https:\/\/metaquip.nl\/it\/prodotto\/macchina-laser-uv\/\">Macchina laser UV<\/a>\n\n<\/div>\n\n\n<div style=\"height:36px\" aria-hidden=\"true\" class=\"wp-block-spacer\"><\/div>\n\n\n\n<p>Sulla base dei vostri desideri, requisiti e applicazione, possiamo determinare rapidamente insieme la macchina adatta per la vostra applicazione.<\/p>\n\n<\/div><\/div><\/div>\n\n<div class=\"gb-grid-column gb-grid-column-2cb6f517\"><div class=\"gb-container gb-container-2cb6f517\"><div class=\"gb-inside-container\">\n<div class=\"wp-block-image\">\n<figure class=\"aligncenter size-large\"><img loading=\"lazy\" decoding=\"async\" width=\"337\" height=\"800\" src=\"https:\/\/metaquip.nl\/wp-content\/uploads\/2021\/04\/wineglass-laser-engraving-337x800.jpg\" alt=\"Incisione laser del vetro\" class=\"wp-image-15181\" srcset=\"https:\/\/metaquip.nl\/wp-content\/uploads\/2021\/04\/wineglass-laser-engraving-337x800.jpg 337w, https:\/\/metaquip.nl\/wp-content\/uploads\/2021\/04\/wineglass-laser-engraving-126x300.jpg 126w, https:\/\/metaquip.nl\/wp-content\/uploads\/2021\/04\/wineglass-laser-engraving-5x12.jpg 5w, https:\/\/metaquip.nl\/wp-content\/uploads\/2021\/04\/wineglass-laser-engraving.jpg 370w\" sizes=\"auto, (max-width: 337px) 100vw, 337px\" \/><\/figure>\n<\/div>\n<\/div><\/div><\/div>\n<\/div>\n<\/div><\/div>\n\n<div class=\"gb-container gb-container-ff62b74e full-width-woo\"><div class=\"gb-inside-container\">\n<div class=\"gb-grid-wrapper gb-grid-wrapper-efa7c001\">\n<div class=\"gb-grid-column gb-grid-column-5c574492\"><div class=\"gb-container gb-container-5c574492\"><div class=\"gb-inside-container\">\n\n<h2 class=\"wp-block-heading\">Come funziona l&#039;incisione laser del vetro?<\/h2>\n\n\n\n<p>Incidere un vetro con il laser \u00e8 molto semplice. Nell&#039;incisione laser del vetro il materiale viene inciso direttamente. Non \u00e8 necessario produrre alcun modello, come nel caso della sabbiatura. Quindi progetta, converti al laser, posiziona il vetro e inizia a incidere.<\/p>\n\n<\/div><\/div><\/div>\n\n<div class=\"gb-grid-column gb-grid-column-0f2738cf\"><div class=\"gb-container gb-container-0f2738cf\"><div class=\"gb-inside-container\">\n\n<figure class=\"wp-block-embed is-type-video is-provider-youtube wp-block-embed-youtube wp-embed-aspect-16-9 wp-has-aspect-ratio\"><div class=\"wp-block-embed__wrapper\">\n<iframe loading=\"lazy\" title=\"Incisione su vetro con laser\" width=\"1200\" height=\"675\" src=\"https:\/\/www.youtube.com\/embed\/g9NCknpqFRk?feature=oembed&#038;enablejsapi=1&#038;origin=https:\/\/metaquip.nl\" frameborder=\"0\" allow=\"accelerometer; autoplay; clipboard-write; encrypted-media; gyroscope; picture-in-picture\" allowfullscreen><\/iframe>\n<\/div><\/figure>\n\n<\/div><\/div><\/div>\n<\/div>\n<\/div><\/div>\n\n<div class=\"gb-container gb-container-dab8daa9\"><div class=\"gb-inside-container\">\n\n<h2 class=\"wp-block-heading\">Che risultato posso ottenere con l&#039;incisione laser del vetro?<\/h2>\n\n\n\n<p>L&#039;incisione laser del vetro pu\u00f2 essere paragonata all&#039;&quot;opacizzazione&quot; del materiale. Solo la superficie del vetro \u00e8 incisa. Con il sottile raggio laser \u00e8 possibile incidere anche le foto, i testi e i loghi pi\u00f9 dettagliati.<\/p>\n\n\n\n<h2 class=\"wp-block-heading\">Come funziona l&#039;incisione laser su bottiglie o cristalli?<\/h2>\n\n\n\n<p>Per l&#039;incisione laser di vetro, bicchieri, bicchieri da vino, bicchieri da birra o bottiglie vengono fissati in un&#039;estensione circolare del laser CO2. Ci\u00f2 consente di incidere l&#039;intera circonferenza. Il software supporta perfettamente l&#039;incisione del vetro. Tutto quello che devi fare \u00e8 definire il diametro del vetro e l&#039;altezza dell&#039;immagine.<\/p>\n\n\n\n<h2 class=\"wp-block-heading\">Il laser pu\u00f2 essere utilizzato anche per il taglio del vetro?<\/h2>\n\n\n\n<p>Il taglio laser del vetro non \u00e8 possibile, perch\u00e9 la superficie del vetro riflette.<\/p>\n\n\n\n<h2 class=\"wp-block-heading\">Macchine laser adatte \u2013 Macchine laser CO2<\/h2>\n\n\n\n<p>Hai bisogno di una macchina laser CO2 per tagliare legno, pelle e un gran numero di materie plastiche. Le cose importanti da tenere in considerazione sono: qual \u00e8 la dimensione massima dell&#039;oggetto che voglio ritagliare, che determina la dimensione del tuo piano di lavoro e qual \u00e8 lo spessore massimo che deve essere tagliato che determina la potenza laser di cui hai bisogno.<\/p>\n\n\n<div class=\"gb-button-wrapper gb-button-wrapper-776341bf\">\n\n<a class=\"gb-button gb-button-e4c94a43 gb-button-text\" href=\"https:\/\/metaquip.nl\/it\/macchine-laser-co2\/\">Portafoglio di macchine laser CO2<\/a>\n\n<\/div>\n\n\n<div style=\"height:40px\" aria-hidden=\"true\" class=\"wp-block-spacer\"><\/div>\n\n\n\n<h2 class=\"wp-block-heading\">Incisione laser del vetro con pi\u00f9 dettagli e una risoluzione pi\u00f9 elevata: laser UV<\/h2>\n\n\n\n<p>Nel corso degli anni abbiamo notato che oltre all&#039;incisione del vetro un po&#039; pi\u00f9 grossolana come la CO2, pi\u00f9 utenti industriali hanno bisogno di incisioni pi\u00f9 fini con pi\u00f9 dettagli e una risoluzione pi\u00f9 elevata. Ci\u00f2 pu\u00f2 essere ottenuto con i laser UV di MetaQuip. Questa macchina funziona con una lunghezza d&#039;onda diversa in modo che la vetreria possa essere incisa con maggiore precisione e controllo. Qui ci sono un paio di esempi. Utilizzando una testa laser 3D \u00e8 anche possibile incidere oggetti curvi o tondi. Questo viene fatto ad alta velocit\u00e0 in modo che possa essere utilizzato anche a livello industriale. <\/p>\n\n\n<div class=\"gb-button-wrapper gb-button-wrapper-169bf120\">\n\n<a class=\"gb-button gb-button-00a96aa4 gb-button-text\" href=\"https:\/\/metaquip.nl\/it\/macchine-laser-uv\/\">Maggiori informazioni sulle macchine laser UV<\/a>\n\n<\/div>\n\n<div class=\"gb-container gb-container-40c3a9ed\"><div class=\"gb-inside-container\">\n<div class=\"gb-grid-wrapper gb-grid-wrapper-91dc452d\">\n<div class=\"gb-grid-column gb-grid-column-432c1471\"><div class=\"gb-container gb-container-432c1471\"><div class=\"gb-inside-container\">\n<div class=\"wp-block-image\">\n<figure class=\"aligncenter size-medium\"><img loading=\"lazy\" decoding=\"async\" width=\"1080\" height=\"1080\" src=\"https:\/\/metaquip.nl\/wp-content\/uploads\/2021\/12\/uv-laser-glass-harley-d-edited.jpg\" alt=\"Incisione su vetro ad alta risoluzione con laser UV - logo\" class=\"wp-image-17573\" srcset=\"https:\/\/metaquip.nl\/wp-content\/uploads\/2021\/12\/uv-laser-glass-harley-d-edited.jpg 1080w, https:\/\/metaquip.nl\/wp-content\/uploads\/2021\/12\/uv-laser-glass-harley-d-edited-300x300.jpg 300w, https:\/\/metaquip.nl\/wp-content\/uploads\/2021\/12\/uv-laser-glass-harley-d-edited-800x800.jpg 800w, https:\/\/metaquip.nl\/wp-content\/uploads\/2021\/12\/uv-laser-glass-harley-d-edited-150x150.jpg 150w, https:\/\/metaquip.nl\/wp-content\/uploads\/2021\/12\/uv-laser-glass-harley-d-edited-12x12.jpg 12w, https:\/\/metaquip.nl\/wp-content\/uploads\/2021\/12\/uv-laser-glass-harley-d-edited-250x250.jpg 250w, https:\/\/metaquip.nl\/wp-content\/uploads\/2021\/12\/uv-laser-glass-harley-d-edited-600x600.jpg 600w, https:\/\/metaquip.nl\/wp-content\/uploads\/2021\/12\/uv-laser-glass-harley-d-edited-100x100.jpg 100w\" sizes=\"auto, (max-width: 1080px) 100vw, 1080px\" \/><\/figure>\n<\/div>\n<\/div><\/div><\/div>\n\n<div class=\"gb-grid-column gb-grid-column-80c42056\"><div class=\"gb-container gb-container-80c42056\"><div class=\"gb-inside-container\">\n<div class=\"wp-block-image\">\n<figure class=\"aligncenter size-large\"><img loading=\"lazy\" decoding=\"async\" width=\"1080\" height=\"1080\" src=\"https:\/\/metaquip.nl\/wp-content\/uploads\/2021\/12\/uv-laser-glass-pattern-1-edited.jpg\" alt=\"Incisione su vetro ad alta risoluzione con laser UV - motivo\" class=\"wp-image-17571\" srcset=\"https:\/\/metaquip.nl\/wp-content\/uploads\/2021\/12\/uv-laser-glass-pattern-1-edited.jpg 1080w, https:\/\/metaquip.nl\/wp-content\/uploads\/2021\/12\/uv-laser-glass-pattern-1-edited-300x300.jpg 300w, https:\/\/metaquip.nl\/wp-content\/uploads\/2021\/12\/uv-laser-glass-pattern-1-edited-800x800.jpg 800w, https:\/\/metaquip.nl\/wp-content\/uploads\/2021\/12\/uv-laser-glass-pattern-1-edited-150x150.jpg 150w, https:\/\/metaquip.nl\/wp-content\/uploads\/2021\/12\/uv-laser-glass-pattern-1-edited-12x12.jpg 12w, https:\/\/metaquip.nl\/wp-content\/uploads\/2021\/12\/uv-laser-glass-pattern-1-edited-250x250.jpg 250w, https:\/\/metaquip.nl\/wp-content\/uploads\/2021\/12\/uv-laser-glass-pattern-1-edited-600x600.jpg 600w, https:\/\/metaquip.nl\/wp-content\/uploads\/2021\/12\/uv-laser-glass-pattern-1-edited-100x100.jpg 100w\" sizes=\"auto, (max-width: 1080px) 100vw, 1080px\" \/><\/figure>\n<\/div>\n<\/div><\/div><\/div>\n\n<div class=\"gb-grid-column gb-grid-column-a67cdee4\"><div class=\"gb-container gb-container-a67cdee4\"><div class=\"gb-inside-container\">\n<div class=\"wp-block-image\">\n<figure class=\"aligncenter size-medium\"><img loading=\"lazy\" decoding=\"async\" width=\"300\" height=\"300\" src=\"https:\/\/metaquip.nl\/wp-content\/uploads\/2018\/06\/UV-laser-glass-300x300.jpg\" alt=\"Incisione laser su vetro ad alta risoluzione con laser UV - codice a barre\" class=\"wp-image-11236\" srcset=\"https:\/\/metaquip.nl\/wp-content\/uploads\/2018\/06\/UV-laser-glass-300x300.jpg 300w, https:\/\/metaquip.nl\/wp-content\/uploads\/2018\/06\/UV-laser-glass-250x250.jpg 250w, https:\/\/metaquip.nl\/wp-content\/uploads\/2018\/06\/UV-laser-glass-600x600.jpg 600w, https:\/\/metaquip.nl\/wp-content\/uploads\/2018\/06\/UV-laser-glass-150x150.jpg 150w, https:\/\/metaquip.nl\/wp-content\/uploads\/2018\/06\/UV-laser-glass-800x800.jpg 800w, https:\/\/metaquip.nl\/wp-content\/uploads\/2018\/06\/UV-laser-glass-500x500.jpg 500w, https:\/\/metaquip.nl\/wp-content\/uploads\/2018\/06\/UV-laser-glass-100x100.jpg 100w, https:\/\/metaquip.nl\/wp-content\/uploads\/2018\/06\/UV-laser-glass.jpg 1000w\" sizes=\"auto, (max-width: 300px) 100vw, 300px\" \/><\/figure>\n<\/div>\n<\/div><\/div><\/div>\n\n<div class=\"gb-grid-column gb-grid-column-f851a1c4\"><div class=\"gb-container gb-container-f851a1c4\"><div class=\"gb-inside-container\">\n<div class=\"wp-block-image\">\n<figure class=\"aligncenter size-medium\"><img loading=\"lazy\" decoding=\"async\" width=\"300\" height=\"300\" src=\"https:\/\/metaquip.nl\/wp-content\/uploads\/2018\/06\/uv-laser-glass2-300x300.jpg\" alt=\"Incisione laser su vetro ad alta risoluzione con laser UV - testo scritto\" class=\"wp-image-11237\" srcset=\"https:\/\/metaquip.nl\/wp-content\/uploads\/2018\/06\/uv-laser-glass2-300x300.jpg 300w, https:\/\/metaquip.nl\/wp-content\/uploads\/2018\/06\/uv-laser-glass2-250x250.jpg 250w, https:\/\/metaquip.nl\/wp-content\/uploads\/2018\/06\/uv-laser-glass2-600x600.jpg 600w, https:\/\/metaquip.nl\/wp-content\/uploads\/2018\/06\/uv-laser-glass2-150x150.jpg 150w, https:\/\/metaquip.nl\/wp-content\/uploads\/2018\/06\/uv-laser-glass2-800x800.jpg 800w, https:\/\/metaquip.nl\/wp-content\/uploads\/2018\/06\/uv-laser-glass2-500x500.jpg 500w, https:\/\/metaquip.nl\/wp-content\/uploads\/2018\/06\/uv-laser-glass2-100x100.jpg 100w, https:\/\/metaquip.nl\/wp-content\/uploads\/2018\/06\/uv-laser-glass2.jpg 1000w\" sizes=\"auto, (max-width: 300px) 100vw, 300px\" \/><\/figure>\n<\/div>\n<\/div><\/div><\/div>\n<\/div>\n<\/div><\/div>\n<\/div><\/div>","protected":false},"excerpt":{"rendered":"<p>Incisione e acquaforte laser su cristallo e vetro L&#039;incisione laser su vetro con tecnologia laser offre un&#039;incredibile libert\u00e0 di progettazione. Anche le foto e le immagini pi\u00f9 dettagliate vengono incise con alta precisione su bicchieri da vino, bicchieri da birra, bottiglie o specchi. Qualsiasi disegno che pu\u00f2 essere stampato su vetro pu\u00f2 anche essere inciso con il laser. Il grande vantaggio dell\u2019incisione laser del vetro \u00e8 che\u2026 <\/p>\n<p class=\"read-more-container\"><a title=\"Incisione laser su vetro\" class=\"read-more button\" href=\"https:\/\/metaquip.nl\/it\/uv-laser-machines\/toepassing\/glas-lasergraveren\/#more-8172\" aria-label=\"Per saperne di pi\u00f9 su Incisione laser su vetro\">Leggi tutto<\/a><\/p>","protected":false},"author":1,"featured_media":8179,"parent":16235,"menu_order":0,"comment_status":"closed","ping_status":"closed","template":"","meta":{"footnotes":""},"class_list":["post-8172","page","type-page","status-publish","has-post-thumbnail"],"_links":{"self":[{"href":"https:\/\/metaquip.nl\/it\/wp-json\/wp\/v2\/pages\/8172","targetHints":{"allow":["GET"]}}],"collection":[{"href":"https:\/\/metaquip.nl\/it\/wp-json\/wp\/v2\/pages"}],"about":[{"href":"https:\/\/metaquip.nl\/it\/wp-json\/wp\/v2\/types\/page"}],"author":[{"embeddable":true,"href":"https:\/\/metaquip.nl\/it\/wp-json\/wp\/v2\/users\/1"}],"replies":[{"embeddable":true,"href":"https:\/\/metaquip.nl\/it\/wp-json\/wp\/v2\/comments?post=8172"}],"version-history":[{"count":1,"href":"https:\/\/metaquip.nl\/it\/wp-json\/wp\/v2\/pages\/8172\/revisions"}],"predecessor-version":[{"id":20039,"href":"https:\/\/metaquip.nl\/it\/wp-json\/wp\/v2\/pages\/8172\/revisions\/20039"}],"up":[{"embeddable":true,"href":"https:\/\/metaquip.nl\/it\/wp-json\/wp\/v2\/pages\/16235"}],"wp:featuredmedia":[{"embeddable":true,"href":"https:\/\/metaquip.nl\/it\/wp-json\/wp\/v2\/media\/8179"}],"wp:attachment":[{"href":"https:\/\/metaquip.nl\/it\/wp-json\/wp\/v2\/media?parent=8172"}],"curies":[{"name":"wp","href":"https:\/\/api.w.org\/{rel}","templated":true}]}}