{"id":8380,"date":"2015-09-18T10:51:50","date_gmt":"2015-09-18T10:51:50","guid":{"rendered":"https:\/\/metaquip.nl\/?post_type=product&#038;p=8380"},"modified":"2025-03-12T13:06:50","modified_gmt":"2025-03-12T13:06:50","slug":"modulo-rotazione-per-laser-co2","status":"publish","type":"product","link":"https:\/\/metaquip.nl\/it\/product\/rotatie-module-voor-co2-laser\/","title":{"rendered":"Modulo di rotazione per laser CO2"},"content":{"rendered":"<p>Un modulo di rotazione per laser CO2 \u00e8 un&#039;estensione che consente di incidere o tagliare al laser oggetti rotondi e cilindrici, come bicchieri, bottiglie, gambe, penne, lampade o tubi di plastica. Il pezzo viene bloccato sul controllo. Questo mandrino \u00e8 controllato dal software laser. Il design del mandrino consente di serrare facilmente oggetti di diverso diametro.<\/p>\n\n\n<div class=\"gb-container gb-container-6b0606d2\">\n<div class=\"gb-grid-wrapper gb-grid-wrapper-9190901e\">\n<div class=\"gb-grid-column gb-grid-column-3bf9412c\"><div class=\"gb-container gb-container-3bf9412c\">\n\n<figure class=\"wp-block-image size-large\"><img loading=\"lazy\" decoding=\"async\" width=\"800\" height=\"770\" src=\"https:\/\/metaquip.nl\/wp-content\/uploads\/2023\/08\/Chuck-side-800x770.jpg\" alt=\"Modulo di rotazione per macchina laser CO2 Chuck\" class=\"wp-image-19764\" srcset=\"https:\/\/metaquip.nl\/wp-content\/uploads\/2023\/08\/Chuck-side-800x770.jpg 800w, https:\/\/metaquip.nl\/wp-content\/uploads\/2023\/08\/Chuck-side-300x289.jpg 300w, https:\/\/metaquip.nl\/wp-content\/uploads\/2023\/08\/Chuck-side-12x12.jpg 12w, https:\/\/metaquip.nl\/wp-content\/uploads\/2023\/08\/Chuck-side-600x577.jpg 600w, https:\/\/metaquip.nl\/wp-content\/uploads\/2023\/08\/Chuck-side.jpg 1500w\" sizes=\"auto, (max-width: 800px) 100vw, 800px\" \/><\/figure>\n\n<\/div><\/div>\n\n<div class=\"gb-grid-column gb-grid-column-5c91ea97\"><div class=\"gb-container gb-container-5c91ea97\">\n\n<h2 class=\"wp-block-heading\">Lavora facilmente con oggetti cilindrici<\/h2>\n\n\n\n<p>Ottimizza la versatilit\u00e0 e la precisione della tua macchina laser CO2 con il nostro avanzato modulo di rotazione del mandrino. Questa aggiunta innovativa porta la tua esperienza di taglio e incisione laser a nuovi livelli consentendo di lavorare oggetti con forme rotonde o cilindriche con precisione millimetrica. Il Modulo Rotazione Mandrino consente di creare senza sforzo incisioni, tagli e perforazioni su oggetti precedentemente difficili da lavorare, come bottiglie di vetro, cilindri di legno e aste di metallo. Grazie al suo funzionamento intuitivo e alla perfetta integrazione con la tua macchina laser CO2 esistente, il nostro modulo di rotazione del mandrino apre le porte a infinite possibilit\u00e0 per le tue operazioni laser. Aumenta la tua produttivit\u00e0 e migliora la precisione con questo modulo innovativo che libera la tua creativit\u00e0 nella lavorazione di una gamma di materiali pi\u00f9 ampia che mai.<\/p>\n\n<\/div><\/div>\n<\/div>\n<\/div>\n\n<div class=\"gb-container gb-container-1acbfe69\">\n<div class=\"gb-grid-wrapper gb-grid-wrapper-d32639c7\">\n<div class=\"gb-grid-column gb-grid-column-845fba3c\"><div class=\"gb-container gb-container-845fba3c\">\n\n<h2 class=\"wp-block-heading\">Perfetto per la serie MetaQuip Production<\/h2>\n\n\n\n<p>Puoi collegare facilmente e velocemente il modulo di rotazione alla serie di produzione MetaQuip. Premendo un pulsante potete passare dal modulo di rotazione al funzionamento standard della vostra macchina laser. Con il mandrino puoi bloccare senza sforzo oggetti pi\u00f9 grandi e pesanti.<\/p>\n\n<\/div><\/div>\n\n<div class=\"gb-grid-column gb-grid-column-e62300df\"><div class=\"gb-container gb-container-e62300df\">\n\n<figure class=\"wp-block-image size-large\"><img loading=\"lazy\" decoding=\"async\" width=\"800\" height=\"800\" src=\"https:\/\/metaquip.nl\/wp-content\/uploads\/2015\/09\/CHuck-top-800x800.jpg\" alt=\"Mandrino del modulo di rotazione per macchina laser\" class=\"wp-image-19765\" srcset=\"https:\/\/metaquip.nl\/wp-content\/uploads\/2015\/09\/CHuck-top-800x800.jpg 800w, https:\/\/metaquip.nl\/wp-content\/uploads\/2015\/09\/CHuck-top-300x300.jpg 300w, https:\/\/metaquip.nl\/wp-content\/uploads\/2015\/09\/CHuck-top-150x150.jpg 150w, https:\/\/metaquip.nl\/wp-content\/uploads\/2015\/09\/CHuck-top-12x12.jpg 12w, https:\/\/metaquip.nl\/wp-content\/uploads\/2015\/09\/CHuck-top-250x250.jpg 250w, https:\/\/metaquip.nl\/wp-content\/uploads\/2015\/09\/CHuck-top-600x600.jpg 600w, https:\/\/metaquip.nl\/wp-content\/uploads\/2015\/09\/CHuck-top-100x100.jpg 100w, https:\/\/metaquip.nl\/wp-content\/uploads\/2015\/09\/CHuck-top.jpg 1500w\" sizes=\"auto, (max-width: 800px) 100vw, 800px\" \/><\/figure>\n\n<\/div><\/div>\n<\/div>\n<\/div>","protected":false},"excerpt":{"rendered":"<p>Modulo rotante per l&#039;incisione circolare e il taglio laser di oggetti tondi come bicchieri, bottiglie e tubi.<\/p>","protected":false},"featured_media":19762,"template":"","meta":[],"product_brand":[],"product_cat":[358],"product_tag":[],"class_list":{"0":"post-8380","1":"product","2":"type-product","3":"status-publish","4":"has-post-thumbnail","6":"product_cat-accessories-co2-laser-machines","7":"product_shipping_class-standaard","8":"sales-flash-overlay","9":"woocommerce-text-align-center","10":"woocommerce-image-align-center","11":"do-quantity-buttons","12":"tm-no-options","14":"first","15":"instock","16":"taxable","17":"shipping-taxable","18":"purchasable","19":"product-type-simple"},"_links":{"self":[{"href":"https:\/\/metaquip.nl\/it\/wp-json\/wp\/v2\/product\/8380","targetHints":{"allow":["GET"]}}],"collection":[{"href":"https:\/\/metaquip.nl\/it\/wp-json\/wp\/v2\/product"}],"about":[{"href":"https:\/\/metaquip.nl\/it\/wp-json\/wp\/v2\/types\/product"}],"wp:featuredmedia":[{"embeddable":true,"href":"https:\/\/metaquip.nl\/it\/wp-json\/wp\/v2\/media\/19762"}],"wp:attachment":[{"href":"https:\/\/metaquip.nl\/it\/wp-json\/wp\/v2\/media?parent=8380"}],"wp:term":[{"taxonomy":"product_brand","embeddable":true,"href":"https:\/\/metaquip.nl\/it\/wp-json\/wp\/v2\/product_brand?post=8380"},{"taxonomy":"product_cat","embeddable":true,"href":"https:\/\/metaquip.nl\/it\/wp-json\/wp\/v2\/product_cat?post=8380"},{"taxonomy":"product_tag","embeddable":true,"href":"https:\/\/metaquip.nl\/it\/wp-json\/wp\/v2\/product_tag?post=8380"}],"curies":[{"name":"wp","href":"https:\/\/api.w.org\/{rel}","templated":true}]}}